{"id":2459384,"date":"2025-08-15T01:51:10","date_gmt":"2025-08-14T23:51:10","guid":{"rendered":"https:\/\/streetmarkets.fr\/app\/produit\/pyjama-coeurs\/"},"modified":"2025-08-17T01:46:46","modified_gmt":"2025-08-16T23:46:46","slug":"pyjama-coeurs","status":"publish","type":"product","link":"https:\/\/streetmarkets.fr\/app\/produit\/pyjama-coeurs\/","title":{"rendered":"Pyjama Coeurs"},"content":{"rendered":"<p>Best seller chez Coco Friendly, ce pyjama \u00e0 c\u0153urs est compos\u00e9 d&#8217;un tee-shirt <em>oversize<\/em> et d&#8217;un short \u00e0 la taille \u00e9lastiqu\u00e9e. Confort supr\u00eame garanti&#8230; On nous souffle \u00e0 l&#8217;oreille que ce pyjama est tellement cool qu&#8217;il se porte \u00e9galement le jour, en total look ou d\u00e9pareill\u00e9, c&#8217;est toujours une bonne id\u00e9e!<\/p>\n<ul>\n<li style=\"text-align:justify\">Ensemble de pyjama \u00e0 c\u0153urs\u00a0<\/li>\n<li style=\"text-align:justify\">T-Shirt oversize et short \u00e0 la taille \u00e9lastiqu\u00e9e<\/li>\n<li style=\"text-align:justify\">Jersey de coton biologique tr\u00e8s doux<\/li>\n<\/ul>\n<p><strong><em>Composition<\/em>:<\/strong><\/p>\n<ul>\n<li>95 % coton biologique<\/li>\n<li>5 % \u00e9lasthanne<\/li>\n<\/ul>\n<p><em><strong>Fabrication<\/strong><\/em>:<\/p>\n<ul>\n<li>Fabriqu\u00e9 \u00e9thiquement au Portugal<\/li>\n<\/ul>\n<p><em><strong>Label(s)<\/strong><\/em>:\u00a0<\/p>\n<ul>\n<li style=\"text-align:left\"><b>Oeko-tex Standard 100<\/b>: absence totale de r\u00e9sidus de pesticides et autres substances toxiques<\/li>\n<\/ul>\n<p><em><strong>Conseil taille<\/strong><\/em>: ce mod\u00e8le taille normalement, prenez votre taille habituelle.\u00a0<\/p>\n<p><strong><em>Entretien<\/em><\/strong>: lavez \u00e0 30\u00b0C en machine.<\/p>\n","protected":false},"excerpt":{"rendered":"<p>Best seller chez Coco Friendly, ce pyjama \u00e0 c\u0153urs est compos\u00e9 d&#8217;un tee-shirt oversize et d&#8217;un short \u00e0 la taille \u00e9lastiqu\u00e9e. Confort supr\u00eame garanti&#8230; On nous souffle \u00e0 l&#8217;oreille que ce pyjama est tellement cool qu&#8217;il se porte \u00e9galement le jour, en total look ou d\u00e9pareill\u00e9, c&#8217;est toujours une bonne id\u00e9e! Ensemble de pyjama \u00e0 [&hellip;]<\/p>\n","protected":false},"featured_media":2459385,"comment_status":"open","ping_status":"closed","template":"","meta":[],"product_brand":[],"product_cat":[1756,1762],"product_tag":[1810],"acf":[],"_links":{"self":[{"href":"https:\/\/streetmarkets.fr\/app\/wp-json\/wp\/v2\/product\/2459384"}],"collection":[{"href":"https:\/\/streetmarkets.fr\/app\/wp-json\/wp\/v2\/product"}],"about":[{"href":"https:\/\/streetmarkets.fr\/app\/wp-json\/wp\/v2\/types\/product"}],"replies":[{"embeddable":true,"href":"https:\/\/streetmarkets.fr\/app\/wp-json\/wp\/v2\/comments?post=2459384"}],"wp:featuredmedia":[{"embeddable":true,"href":"https:\/\/streetmarkets.fr\/app\/wp-json\/wp\/v2\/media\/2459385"}],"wp:attachment":[{"href":"https:\/\/streetmarkets.fr\/app\/wp-json\/wp\/v2\/media?parent=2459384"}],"wp:term":[{"taxonomy":"product_brand","embeddable":true,"href":"https:\/\/streetmarkets.fr\/app\/wp-json\/wp\/v2\/product_brand?post=2459384"},{"taxonomy":"product_cat","embeddable":true,"href":"https:\/\/streetmarkets.fr\/app\/wp-json\/wp\/v2\/product_cat?post=2459384"},{"taxonomy":"product_tag","embeddable":true,"href":"https:\/\/streetmarkets.fr\/app\/wp-json\/wp\/v2\/product_tag?post=2459384"}],"curies":[{"name":"wp","href":"https:\/\/api.w.org\/{rel}","templated":true}]}}