{"id":2459377,"date":"2025-08-15T01:51:09","date_gmt":"2025-08-14T23:51:09","guid":{"rendered":"https:\/\/streetmarkets.fr\/app\/produit\/casquette-velours-cotele-beige\/"},"modified":"2025-08-17T01:46:45","modified_gmt":"2025-08-16T23:46:45","slug":"casquette-velours-cotele-beige","status":"publish","type":"product","link":"https:\/\/streetmarkets.fr\/app\/produit\/casquette-velours-cotele-beige\/","title":{"rendered":"Casquette Velours C\u00f4tel\u00e9 Beige"},"content":{"rendered":"<p>Casquette en velours c\u00f4tel\u00e9 \u00e0 base de coton biologique. Cette casquette est brod\u00e9e du logo signature de Knowledge Cotton Apparel sur le devant : une chouette ton sur ton.\u00a0<\/p>\n<ul>\n<li><span style=\"text-align:justify\">Casquette beige<\/span><\/li>\n<li><span style=\"text-align:justify\">Unisexe<\/span><\/li>\n<li><span style=\"text-align:justify\">Taille unique<\/span><\/li>\n<li><span style=\"text-align:justify\">Logo Knowledge Cotton Apparel sur le devant<\/span><\/li>\n<\/ul>\n<p><span style=\"text-align:justify\"><\/span><\/p>\n<p><strong><em>Composition<\/em>:<\/strong><\/p>\n<ul>\n<li>98% coton biologique certifi\u00e9 GOTS, 2% \u00e9lasthanne\u00a0<\/li>\n<li>Le coton biologique certifi\u00e9 GOTS contribue \u00e0 \u00e9conomiser de l\u2019eau, \u00e0 pr\u00e9server la sant\u00e9 des travailleurs ainsi que la biodiversit\u00e9, pour les g\u00e9n\u00e9rations \u00e0 venir.<\/li>\n<\/ul>\n<p><em><strong>Fabrication<\/strong><\/em>:<\/p>\n<ul>\n<li>Fabriqu\u00e9e \u00e9thiquement en Chine<\/li>\n<\/ul>\n<p><em><strong>Label(s)<\/strong><\/em>:\u00a0<\/p>\n<ul>\n<li style=\"text-align:left\"><strong>GOTS<\/strong>\u00a0(Global Organic Textile Standard) sur tout la cha\u00eene de production, de la culture du coton aux finitions.<\/li>\n<\/ul>\n<p><em><strong>Conseil taille<\/strong><\/em>: ce mod\u00e8le est r\u00e9glable.<\/p>\n<p><strong><em>Entretien<\/em><\/strong>: lavez \u00e0 30\u00b0C en machine.<\/p>\n","protected":false},"excerpt":{"rendered":"<p>Casquette en velours c\u00f4tel\u00e9 \u00e0 base de coton biologique. Cette casquette est brod\u00e9e du logo signature de Knowledge Cotton Apparel sur le devant : une chouette ton sur ton.\u00a0 Casquette beige Unisexe Taille unique Logo Knowledge Cotton Apparel sur le devant Composition: 98% coton biologique certifi\u00e9 GOTS, 2% \u00e9lasthanne\u00a0 Le coton biologique certifi\u00e9 GOTS contribue [&hellip;]<\/p>\n","protected":false},"featured_media":2459378,"comment_status":"open","ping_status":"closed","template":"","meta":[],"product_brand":[],"product_cat":[1756,1760],"product_tag":[1810],"acf":[],"_links":{"self":[{"href":"https:\/\/streetmarkets.fr\/app\/wp-json\/wp\/v2\/product\/2459377"}],"collection":[{"href":"https:\/\/streetmarkets.fr\/app\/wp-json\/wp\/v2\/product"}],"about":[{"href":"https:\/\/streetmarkets.fr\/app\/wp-json\/wp\/v2\/types\/product"}],"replies":[{"embeddable":true,"href":"https:\/\/streetmarkets.fr\/app\/wp-json\/wp\/v2\/comments?post=2459377"}],"wp:featuredmedia":[{"embeddable":true,"href":"https:\/\/streetmarkets.fr\/app\/wp-json\/wp\/v2\/media\/2459378"}],"wp:attachment":[{"href":"https:\/\/streetmarkets.fr\/app\/wp-json\/wp\/v2\/media?parent=2459377"}],"wp:term":[{"taxonomy":"product_brand","embeddable":true,"href":"https:\/\/streetmarkets.fr\/app\/wp-json\/wp\/v2\/product_brand?post=2459377"},{"taxonomy":"product_cat","embeddable":true,"href":"https:\/\/streetmarkets.fr\/app\/wp-json\/wp\/v2\/product_cat?post=2459377"},{"taxonomy":"product_tag","embeddable":true,"href":"https:\/\/streetmarkets.fr\/app\/wp-json\/wp\/v2\/product_tag?post=2459377"}],"curies":[{"name":"wp","href":"https:\/\/api.w.org\/{rel}","templated":true}]}}