{"id":2459362,"date":"2025-08-15T01:51:08","date_gmt":"2025-08-14T23:51:08","guid":{"rendered":"https:\/\/streetmarkets.fr\/app\/produit\/impermeable-court-indigo-unisexe\/"},"modified":"2025-08-17T01:46:45","modified_gmt":"2025-08-16T23:46:45","slug":"impermeable-court-indigo-unisexe","status":"publish","type":"product","link":"https:\/\/streetmarkets.fr\/app\/produit\/impermeable-court-indigo-unisexe\/","title":{"rendered":"Impermeable Court Indigo Unisexe"},"content":{"rendered":"<p>Imperm\u00e9able unisexe indigo \u00e0 la coupe courte et droite. Respirant, coupe vent et l\u00e9ger. 100% polyester recycl\u00e9 \/ rPET, lab\u00e9lis\u00e9 GRS.<\/p>\n<p>Veste imperm\u00e9able courte et unisexe, indigo. L\u00e9g\u00e8re, elle se glissera facilement dans vos affaires pour vous prot\u00e9ger de la pluie avec style. Une fois la pluie pass\u00e9e, cette veste se transforme en sac-\u00e0-dos. Fabriqu\u00e9e \u00e0 partir de bouteilles recycl\u00e9es, la toile reste respirante et fait aussi coupe-vent!<\/p>\n<ul>\n<li>Imperm\u00e9able unisexe indigo \u00e0 la coupe courte et droite<\/li>\n<li>La fermeture \u00e9clair est thermocoll\u00e9e pour une meilleure imperm\u00e9abilit\u00e9<\/li>\n<li>Poches lat\u00e9rales et poche arri\u00e8re (pour ranger l&#8217;imperm\u00e9able en sac-\u00e0-dos) zipp\u00e9es<\/li>\n<li>Imperm\u00e9abilit\u00e9: 10 000 mm colonne d&#8217;eau<\/li>\n<li>Respirabilit\u00e9: 10,000 g \/ m2 \/ 24 h, vous allez \u00eatre \u00e0 l&#8217;aise<\/li>\n<li>Coupe vent et l\u00e9ger<\/li>\n<\/ul>\n<p><strong><\/strong><\/p>\n<p><strong><em>Composition<\/em>:<\/strong><\/p>\n<ul>\n<li>100 % polyester recycl\u00e9 \/ rPET, il faut l&#8217;\u00e9quivalent de 10 bouteilles d&#8217;eau pour fabriquer cet imperm\u00e9able!<\/li>\n<li>Ce polyester recycl\u00e9 est lab\u00e9lis\u00e9 GRS<\/li>\n<li>L&#8217;utilisation de polyester recycl\u00e9 permet d\u2019\u00e9conomiser l\u2019\u00e9nergie et les ressources n\u00e9cessaires \u00e0 la fabrication de polyester neuf.<\/li>\n<\/ul>\n<p><em><strong>Fabrication<\/strong><\/em>:<\/p>\n<ul>\n<li>Fabriqu\u00e9 en Chine -dans un principe de commerce \u00e9quitable-, \u00e0 Zhejiang, la r\u00e9gion sp\u00e9cialis\u00e9e dans les v\u00eatements d\u2019ext\u00e9rieur<\/li>\n<\/ul>\n<p><em><strong>Label(s)<\/strong><\/em>:\u00a0<\/p>\n<ul>\n<li style=\"text-align:left\"><strong>GRS (Global Recycled Standard)<\/strong>, norme comprenant des crit\u00e8res \u00e9cologiques et sociaux sur toutes les \u00e9tapes de la production, de la fibre au v\u00eatement fini. Ce label certifie \u00e9galement que le v\u00eatement doit \u00eatre compos\u00e9 au moins \u00e0 50% de fibres recycl\u00e9es.<\/li>\n<li style=\"text-align:left\"><strong>BSCI<\/strong>, cette organisation a pour engagement la protection des droits des travailleurs et l&#8217;am\u00e9lioration de leur condition de travail.<\/li>\n<li style=\"text-align:left\"><strong>Oeko-tex<\/strong>, label qui garantit l&#8217;absence de produits chimiques toxiques et non-nocifs pour les humains et l&#8217;environnement<span style=\"font-family:Arial;font-size:19px;background-color:#fffdf6\"><\/span><\/li>\n<\/ul>\n<p><em><strong>Conseil taille<\/strong><\/em>: ce mod\u00e8le taille l\u00e9g\u00e8rement grand. Si vous \u00eates une femme vous pouvez prendre la taille en dessous et si vous \u00eates un homme, vous pouvez prendre votre taille habituelle. Le mannequin mesure 1m87 et porte la taille L. La mannequin mesure 1m78 et porte la taille S.<\/p>\n<p><strong><em><\/em><\/strong><strong><em><\/em><\/strong><\/p>\n<p><strong><em>Entretien<\/em><\/strong>: fermez tous les zips et lavez \u00e0 froid (max 30\u00b0C) en machine, programme d\u00e9licat. Vous pouvez d\u00e9froisser votre imperm\u00e9able \u00e0 la vapeur.<\/p>\n","protected":false},"excerpt":{"rendered":"<p>Imperm\u00e9able unisexe indigo \u00e0 la coupe courte et droite. Respirant, coupe vent et l\u00e9ger. 100% polyester recycl\u00e9 \/ rPET, lab\u00e9lis\u00e9 GRS. Veste imperm\u00e9able courte et unisexe, indigo. L\u00e9g\u00e8re, elle se glissera facilement dans vos affaires pour vous prot\u00e9ger de la pluie avec style. Une fois la pluie pass\u00e9e, cette veste se transforme en sac-\u00e0-dos. Fabriqu\u00e9e [&hellip;]<\/p>\n","protected":false},"featured_media":2459363,"comment_status":"open","ping_status":"closed","template":"","meta":[],"product_brand":[],"product_cat":[1756,1760],"product_tag":[1810],"acf":[],"_links":{"self":[{"href":"https:\/\/streetmarkets.fr\/app\/wp-json\/wp\/v2\/product\/2459362"}],"collection":[{"href":"https:\/\/streetmarkets.fr\/app\/wp-json\/wp\/v2\/product"}],"about":[{"href":"https:\/\/streetmarkets.fr\/app\/wp-json\/wp\/v2\/types\/product"}],"replies":[{"embeddable":true,"href":"https:\/\/streetmarkets.fr\/app\/wp-json\/wp\/v2\/comments?post=2459362"}],"wp:featuredmedia":[{"embeddable":true,"href":"https:\/\/streetmarkets.fr\/app\/wp-json\/wp\/v2\/media\/2459363"}],"wp:attachment":[{"href":"https:\/\/streetmarkets.fr\/app\/wp-json\/wp\/v2\/media?parent=2459362"}],"wp:term":[{"taxonomy":"product_brand","embeddable":true,"href":"https:\/\/streetmarkets.fr\/app\/wp-json\/wp\/v2\/product_brand?post=2459362"},{"taxonomy":"product_cat","embeddable":true,"href":"https:\/\/streetmarkets.fr\/app\/wp-json\/wp\/v2\/product_cat?post=2459362"},{"taxonomy":"product_tag","embeddable":true,"href":"https:\/\/streetmarkets.fr\/app\/wp-json\/wp\/v2\/product_tag?post=2459362"}],"curies":[{"name":"wp","href":"https:\/\/api.w.org\/{rel}","templated":true}]}}