{"id":2459349,"date":"2025-08-15T01:51:07","date_gmt":"2025-08-14T23:51:07","guid":{"rendered":"https:\/\/streetmarkets.fr\/app\/produit\/coffret-chaussettes-cotele-froufrou-noir-violet-argente\/"},"modified":"2025-08-17T01:46:45","modified_gmt":"2025-08-16T23:46:45","slug":"coffret-chaussettes-cotele-froufrou-noir-violet-argente","status":"publish","type":"product","link":"https:\/\/streetmarkets.fr\/app\/produit\/coffret-chaussettes-cotele-froufrou-noir-violet-argente\/","title":{"rendered":"Coffret Chaussettes C\u00f4tel\u00e9 Froufrou Noir Violet Argent\u00e9"},"content":{"rendered":"<p>Coffret de trois chaussettes avec motif c\u0153urs et unies. Tons marron et beige.<\/p>\n<p>Coffret de trois chaussettes c\u00f4tel\u00e9es avec froufrou couleur violet, argent\u00e9 et noir. Qui a dit qu&#8217;il fallait cacher ses chaussettes ?<\/p>\n<ul>\n<li>Pack de trois chaussettes:<\/li>\n<li>1 paire violette<\/li>\n<li>1 paire argent\u00e9e<\/li>\n<li>1 paire noire<\/li>\n<\/ul>\n<p><em><strong>Composition :<\/strong><\/em><\/p>\n<ul>\n<li>41 % polyester, 27 % acrylique, 18 % polyamide, 6% laine, 5 % fibres glitters, 3 % \u00e9lasthanne<\/li>\n<\/ul>\n<p><em><strong>Fabrication :\u00a0<\/strong><\/em>Fabriqu\u00e9es en Chine dans un atelier audit\u00e9<\/p>\n<p><em><strong>Entretien :<\/strong><\/em> Premier lavage \u00e0 la main, puis \u00e0 30\u00b0 au maximum<\/p>\n","protected":false},"excerpt":{"rendered":"<p>Coffret de trois chaussettes avec motif c\u0153urs et unies. Tons marron et beige. Coffret de trois chaussettes c\u00f4tel\u00e9es avec froufrou couleur violet, argent\u00e9 et noir. Qui a dit qu&#8217;il fallait cacher ses chaussettes ? Pack de trois chaussettes: 1 paire violette 1 paire argent\u00e9e 1 paire noire Composition : 41 % polyester, 27 % acrylique, [&hellip;]<\/p>\n","protected":false},"featured_media":2459350,"comment_status":"open","ping_status":"closed","template":"","meta":[],"product_brand":[],"product_cat":[1756,1764],"product_tag":[1810],"acf":[],"_links":{"self":[{"href":"https:\/\/streetmarkets.fr\/app\/wp-json\/wp\/v2\/product\/2459349"}],"collection":[{"href":"https:\/\/streetmarkets.fr\/app\/wp-json\/wp\/v2\/product"}],"about":[{"href":"https:\/\/streetmarkets.fr\/app\/wp-json\/wp\/v2\/types\/product"}],"replies":[{"embeddable":true,"href":"https:\/\/streetmarkets.fr\/app\/wp-json\/wp\/v2\/comments?post=2459349"}],"wp:featuredmedia":[{"embeddable":true,"href":"https:\/\/streetmarkets.fr\/app\/wp-json\/wp\/v2\/media\/2459350"}],"wp:attachment":[{"href":"https:\/\/streetmarkets.fr\/app\/wp-json\/wp\/v2\/media?parent=2459349"}],"wp:term":[{"taxonomy":"product_brand","embeddable":true,"href":"https:\/\/streetmarkets.fr\/app\/wp-json\/wp\/v2\/product_brand?post=2459349"},{"taxonomy":"product_cat","embeddable":true,"href":"https:\/\/streetmarkets.fr\/app\/wp-json\/wp\/v2\/product_cat?post=2459349"},{"taxonomy":"product_tag","embeddable":true,"href":"https:\/\/streetmarkets.fr\/app\/wp-json\/wp\/v2\/product_tag?post=2459349"}],"curies":[{"name":"wp","href":"https:\/\/api.w.org\/{rel}","templated":true}]}}