{"id":2459297,"date":"2025-08-15T01:51:02","date_gmt":"2025-08-14T23:51:02","guid":{"rendered":"https:\/\/streetmarkets.fr\/app\/produit\/mom-mid-blue\/"},"modified":"2025-08-17T01:46:45","modified_gmt":"2025-08-16T23:46:45","slug":"mom-mid-blue","status":"publish","type":"product","link":"https:\/\/streetmarkets.fr\/app\/produit\/mom-mid-blue\/","title":{"rendered":"Mom Mid-Blue"},"content":{"rendered":"<p>Parce que l&#8217;industrie du jean a des cons\u00e9quences catastrophiques sur l&#8217;environnement et la sant\u00e9, Armed Angels a d\u00e9velopp\u00e9 sa gamme de denim &#8220;Detox&#8221;. Des jeans sans produits toxiques, sans m\u00e9taux lourds, sans cuir, et dont le lavage n&#8217;a pas n\u00e9cessit\u00e9 de chlore. La production de ces jeans permet d&#8217;\u00e9conomiser 50% d&#8217;eau, 50% d&#8217;\u00e9nergie et de diminuer les \u00e9missions de CO2 de 46% par rapport \u00e0 des jeans conventionnels.<\/p>\n<p>D\u00e9couvrez ici une coupe mom flatteuse en toile r\u00e9sistante 100% coton biologique.<\/p>\n<ul>\n<li><span style=\"text-align:justify\">Jean\u00a0<em>mom\u00a0<\/em><\/span><\/li>\n<li><span style=\"text-align:justify\">Taille haute<\/span><span style=\"text-align:justify\"><\/span><\/li>\n<li><span style=\"text-align:justify\">Coupe\u00a0<em>mom<\/em>: ajust\u00e9 \u00e0 la taille, d\u00e9tendu sur la cuisse et l\u00e9g\u00e8rement fusel\u00e9 sur le bas de la jambe<\/span><\/li>\n<li><span style=\"text-align:justify\">Cinq poches<\/span><\/li>\n<li><span style=\"text-align:justify\">Fermeture zipp\u00e9e et bouton<\/span><\/li>\n<li>Toile souple<\/li>\n<\/ul>\n<p><strong><em>Composition<\/em>:<\/strong><\/p>\n<ul>\n<li>100 % coton biologique certifi\u00e9 GOTS<\/li>\n<li>Le coton biologique certifi\u00e9 GOTS contribue \u00e0 \u00e9conomiser de l\u2019eau, \u00e0 pr\u00e9server la sant\u00e9 des travailleurs ainsi que la biodiversit\u00e9, pour les g\u00e9n\u00e9rations \u00e0 venir.<\/li>\n<\/ul>\n<p><em><strong>Fabrication<\/strong><\/em>:<\/p>\n<ul>\n<li>Fabriqu\u00e9 \u00e9thiquement \u00e0 Ras Jebel en Tunisie, par l&#8217;entreprise Denim Authority<\/li>\n<\/ul>\n<p><em><strong>Label(s)<\/strong><\/em>:\u00a0<\/p>\n<ul>\n<li><strong>GOTS<\/strong> (Global Organic Textile Standard) sur tout la cha\u00eene de production, de la culture du coton aux finitions.<strong><\/strong><\/li>\n<li><strong>PETA<\/strong><\/li>\n<\/ul>\n<p><em><strong>Conseil taille<\/strong><\/em>: ce mod\u00e8le taille normalement, optez pour votre taille habituelle. Par exemple si vous faites une taille 38 habituellement, optez ici pour du W28.\u00a0<\/p>\n<p>La longueur L32 est id\u00e9ale pour avoir cet effet <em>crop<\/em>, pour les personnes mesurant jusqu&#8217;\u00e0 1m75.<\/p>\n<p><strong><em><\/em><\/strong><\/p>\n<p><strong><em>Entretien<\/em><\/strong>: lavez \u00e0 30\u00b0C en machine.<\/p>\n","protected":false},"excerpt":{"rendered":"<p>Parce que l&#8217;industrie du jean a des cons\u00e9quences catastrophiques sur l&#8217;environnement et la sant\u00e9, Armed Angels a d\u00e9velopp\u00e9 sa gamme de denim &#8220;Detox&#8221;. Des jeans sans produits toxiques, sans m\u00e9taux lourds, sans cuir, et dont le lavage n&#8217;a pas n\u00e9cessit\u00e9 de chlore. La production de ces jeans permet d&#8217;\u00e9conomiser 50% d&#8217;eau, 50% d&#8217;\u00e9nergie et de [&hellip;]<\/p>\n","protected":false},"featured_media":2459298,"comment_status":"open","ping_status":"closed","template":"","meta":[],"product_brand":[],"product_cat":[1756,1762],"product_tag":[1810],"acf":[],"_links":{"self":[{"href":"https:\/\/streetmarkets.fr\/app\/wp-json\/wp\/v2\/product\/2459297"}],"collection":[{"href":"https:\/\/streetmarkets.fr\/app\/wp-json\/wp\/v2\/product"}],"about":[{"href":"https:\/\/streetmarkets.fr\/app\/wp-json\/wp\/v2\/types\/product"}],"replies":[{"embeddable":true,"href":"https:\/\/streetmarkets.fr\/app\/wp-json\/wp\/v2\/comments?post=2459297"}],"wp:featuredmedia":[{"embeddable":true,"href":"https:\/\/streetmarkets.fr\/app\/wp-json\/wp\/v2\/media\/2459298"}],"wp:attachment":[{"href":"https:\/\/streetmarkets.fr\/app\/wp-json\/wp\/v2\/media?parent=2459297"}],"wp:term":[{"taxonomy":"product_brand","embeddable":true,"href":"https:\/\/streetmarkets.fr\/app\/wp-json\/wp\/v2\/product_brand?post=2459297"},{"taxonomy":"product_cat","embeddable":true,"href":"https:\/\/streetmarkets.fr\/app\/wp-json\/wp\/v2\/product_cat?post=2459297"},{"taxonomy":"product_tag","embeddable":true,"href":"https:\/\/streetmarkets.fr\/app\/wp-json\/wp\/v2\/product_tag?post=2459297"}],"curies":[{"name":"wp","href":"https:\/\/api.w.org\/{rel}","templated":true}]}}