{"id":2459247,"date":"2025-08-15T01:50:54","date_gmt":"2025-08-14T23:50:54","guid":{"rendered":"https:\/\/streetmarkets.fr\/app\/produit\/derbies-deborah-cuir-noir\/"},"modified":"2025-08-17T01:46:44","modified_gmt":"2025-08-16T23:46:44","slug":"derbies-deborah-cuir-noir","status":"publish","type":"product","link":"https:\/\/streetmarkets.fr\/app\/produit\/derbies-deborah-cuir-noir\/","title":{"rendered":"Derbies Deborah Cuir Noir"},"content":{"rendered":"<p>Derbies Deborah en cuir noir. Semelles crant\u00e9es. Cuir d&#8217;origine portugaise, chaussures fabriqu\u00e9es au Portugal.<\/p>\n<p>Intemporelles, voici les derbies Deborah en cuir noir. Leur look ind\u00e9modable et fort et le confort de ce mod\u00e8le feront de cette paire de derbies vos chaussures pr\u00e9f\u00e9r\u00e9es pour la saison froide.\u00a0<\/p>\n<ul>\n<li>Derbies Deborah en cuir noir<\/li>\n<li style=\"border:0px;font-style:inherit;font-weight:inherit;margin:0px;padding:0px;vertical-align:baseline\">Semelle crant\u00e9e<\/li>\n<li style=\"border:0px;font-style:inherit;font-weight:inherit;margin:0px;padding:0px;vertical-align:baseline\">Hauteur de talon parfaite: 4 cm. Id\u00e9al au quotidien \ud83d\ude42<\/li>\n<\/ul>\n<p><strong><em>Composition<\/em><\/strong>:\u00a0<\/p>\n<ul>\n<li style=\"border:0px;font-style:inherit;font-weight:inherit;margin:0px;padding:0px;vertical-align:baseline\">Cuir sourc\u00e9 au Portugal<\/li>\n<li style=\"border:0px;font-style:inherit;font-weight:inherit;margin:0px;padding:0px;vertical-align:baseline\">Doublure en cuir de ch\u00e8vre<\/li>\n<li style=\"border:0px;font-style:inherit;font-weight:inherit;margin:0px;padding:0px;vertical-align:baseline\">Semelle int\u00e9rieure en cuir<\/li>\n<li style=\"border:0px;font-style:inherit;font-weight:inherit;margin:0px;padding:0px;vertical-align:baseline\">Semelle ext\u00e9rieure crant\u00e9e en TR<\/li>\n<li style=\"border:0px;font-style:inherit;font-weight:inherit;margin:0px;padding:0px;vertical-align:baseline\">Plateau cousu main<\/li>\n<\/ul>\n<p><em><strong>Fabrication:<\/strong><\/em><\/p>\n<ul>\n<li>Dessin\u00e9es \u00e0 Paris<\/li>\n<li>Fabriqu\u00e9es au Portugal<\/li>\n<\/ul>\n<p><strong><em>Conseil taille<\/em><\/strong>: ce mod\u00e8le taille normalement, vous pouvez prendre votre taille habituelle. Si vous avez un doute sur la pointure, contactez-nous \u00e0 juliette@coco-friendly.com.<\/p>\n<\/p>\n<p><strong><em>Entretien<\/em><\/strong>: Imperm\u00e9abiliser les chaussures avant la premi\u00e8re utilisation pour les prot\u00e9ger de la pluie et des t\u00e2ches. Renouveler cette op\u00e9ration r\u00e9guli\u00e8rement au cours de la saison. Si une t\u00e2che s&#8217;invite, frotter la \u00e0 l&#8217;aide d&#8217;un tissu l\u00e9g\u00e8rement mouill\u00e9 puis s\u00e9chez \u00e0 l&#8217;aide d&#8217;un tissu sec. Vous pouvez cirer vos chaussures pour redonner de l&#8217;\u00e9clat au cuir et\/ou \u00e9galement opter pour un lait nourrissant ce qui nourrira en profondeur le cuir.<span style=\"color:#161615;font-family:'acumin-pro', sans-serif;font-size:13px;background-color:#ffffff\"><\/span><\/p>\n","protected":false},"excerpt":{"rendered":"<p>Derbies Deborah en cuir noir. Semelles crant\u00e9es. Cuir d&#8217;origine portugaise, chaussures fabriqu\u00e9es au Portugal. Intemporelles, voici les derbies Deborah en cuir noir. Leur look ind\u00e9modable et fort et le confort de ce mod\u00e8le feront de cette paire de derbies vos chaussures pr\u00e9f\u00e9r\u00e9es pour la saison froide.\u00a0 Derbies Deborah en cuir noir Semelle crant\u00e9e Hauteur de [&hellip;]<\/p>\n","protected":false},"featured_media":2459248,"comment_status":"open","ping_status":"closed","template":"","meta":[],"product_brand":[],"product_cat":[1756,1763],"product_tag":[1810],"acf":[],"_links":{"self":[{"href":"https:\/\/streetmarkets.fr\/app\/wp-json\/wp\/v2\/product\/2459247"}],"collection":[{"href":"https:\/\/streetmarkets.fr\/app\/wp-json\/wp\/v2\/product"}],"about":[{"href":"https:\/\/streetmarkets.fr\/app\/wp-json\/wp\/v2\/types\/product"}],"replies":[{"embeddable":true,"href":"https:\/\/streetmarkets.fr\/app\/wp-json\/wp\/v2\/comments?post=2459247"}],"wp:featuredmedia":[{"embeddable":true,"href":"https:\/\/streetmarkets.fr\/app\/wp-json\/wp\/v2\/media\/2459248"}],"wp:attachment":[{"href":"https:\/\/streetmarkets.fr\/app\/wp-json\/wp\/v2\/media?parent=2459247"}],"wp:term":[{"taxonomy":"product_brand","embeddable":true,"href":"https:\/\/streetmarkets.fr\/app\/wp-json\/wp\/v2\/product_brand?post=2459247"},{"taxonomy":"product_cat","embeddable":true,"href":"https:\/\/streetmarkets.fr\/app\/wp-json\/wp\/v2\/product_cat?post=2459247"},{"taxonomy":"product_tag","embeddable":true,"href":"https:\/\/streetmarkets.fr\/app\/wp-json\/wp\/v2\/product_tag?post=2459247"}],"curies":[{"name":"wp","href":"https:\/\/api.w.org\/{rel}","templated":true}]}}