{"id":2459235,"date":"2025-08-15T01:50:52","date_gmt":"2025-08-14T23:50:52","guid":{"rendered":"https:\/\/streetmarkets.fr\/app\/produit\/salopette-denim-light\/"},"modified":"2025-08-17T01:46:44","modified_gmt":"2025-08-16T23:46:44","slug":"salopette-denim-light","status":"publish","type":"product","link":"https:\/\/streetmarkets.fr\/app\/produit\/salopette-denim-light\/","title":{"rendered":"Salopette Denim Light"},"content":{"rendered":"<p>On a tous besoin d&#8217;une salopette dans la vie non ? Fa\u00e7on de parler mais niveau confort, c&#8217;est quand m\u00eame quelque chose! Chez Coco Friendly, on aime beaucoup la coupe de celle-ci, avec sa taille marqu\u00e9e, les jambes droites et plut\u00f4t ample et sa multitude de poches.<\/p>\n<ul>\n<li><span style=\"text-align:justify\">Salopette en jean denim light\u00a0<\/span><\/li>\n<li><span style=\"text-align:justify\">Taille haute<\/span><span style=\"text-align:justify\"><\/span><\/li>\n<li><span style=\"text-align:justify\">Coupe ample sur les jambes<\/span><\/li>\n<li>Bretelles r\u00e9glables<\/li>\n<li>Poches devant, dos et c\u00f4t\u00e9s<\/li>\n<\/ul>\n<p><strong><em>Composition<\/em>:<\/strong><\/p>\n<ul>\n<li>80 % coton biologique certifi\u00e9 GOTS<\/li>\n<li>20 % coton recycl\u00e9 <em>pre-consumer<\/em> (le coton recycl\u00e9 provient des &#8220;d\u00e9chets&#8221; des usines de confection)<\/li>\n<li>Le coton biologique certifi\u00e9 GOTS contribue \u00e0 \u00e9conomiser de l\u2019eau, \u00e0 pr\u00e9server la sant\u00e9 des travailleurs ainsi que la biodiversit\u00e9, pour les g\u00e9n\u00e9rations \u00e0 venir.<\/li>\n<\/ul>\n<p><em><strong>Fabrication<\/strong><\/em>:<\/p>\n<ul>\n<li>Fabriqu\u00e9e \u00e9thiquement au Pakistan, toute la fabrication est issue de la m\u00eame usine : Soorty.<\/li>\n<\/ul>\n<p><em><strong>Label(s)<\/strong><\/em>:\u00a0<\/p>\n<\/p>\n<p><em><strong>Conseil taille<\/strong><\/em>: ce mod\u00e8le taille normalement, optez pour votre taille habituelle. La mannequin mesure 1m73 et porte la taille s.<\/p>\n<p>La toile va s&#8217;assouplir dans le temps, pas de panique si le jean est un peu ajust\u00e9 au d\u00e9but \ud83d\ude42\u00a0<\/p>\n<p><strong><em><\/em><\/strong><\/p>\n<p><strong><em>Entretien<\/em><\/strong>: lavez \u00e0 30\u00b0C en machine, seulement quand cela est n\u00e9cessaire. Si c&#8217;est votre salopette en jean pr\u00e9f\u00e9r\u00e9e, portez la un jour sur deux plut\u00f4t que tous les jours et laissez la s&#8217;a\u00e9rer entre deux \ud83d\ude42<\/p>\n","protected":false},"excerpt":{"rendered":"<p>On a tous besoin d&#8217;une salopette dans la vie non ? Fa\u00e7on de parler mais niveau confort, c&#8217;est quand m\u00eame quelque chose! Chez Coco Friendly, on aime beaucoup la coupe de celle-ci, avec sa taille marqu\u00e9e, les jambes droites et plut\u00f4t ample et sa multitude de poches. Salopette en jean denim light\u00a0 Taille haute Coupe [&hellip;]<\/p>\n","protected":false},"featured_media":2459236,"comment_status":"open","ping_status":"closed","template":"","meta":[],"product_brand":[],"product_cat":[1756,1762],"product_tag":[1810],"acf":[],"_links":{"self":[{"href":"https:\/\/streetmarkets.fr\/app\/wp-json\/wp\/v2\/product\/2459235"}],"collection":[{"href":"https:\/\/streetmarkets.fr\/app\/wp-json\/wp\/v2\/product"}],"about":[{"href":"https:\/\/streetmarkets.fr\/app\/wp-json\/wp\/v2\/types\/product"}],"replies":[{"embeddable":true,"href":"https:\/\/streetmarkets.fr\/app\/wp-json\/wp\/v2\/comments?post=2459235"}],"wp:featuredmedia":[{"embeddable":true,"href":"https:\/\/streetmarkets.fr\/app\/wp-json\/wp\/v2\/media\/2459236"}],"wp:attachment":[{"href":"https:\/\/streetmarkets.fr\/app\/wp-json\/wp\/v2\/media?parent=2459235"}],"wp:term":[{"taxonomy":"product_brand","embeddable":true,"href":"https:\/\/streetmarkets.fr\/app\/wp-json\/wp\/v2\/product_brand?post=2459235"},{"taxonomy":"product_cat","embeddable":true,"href":"https:\/\/streetmarkets.fr\/app\/wp-json\/wp\/v2\/product_cat?post=2459235"},{"taxonomy":"product_tag","embeddable":true,"href":"https:\/\/streetmarkets.fr\/app\/wp-json\/wp\/v2\/product_tag?post=2459235"}],"curies":[{"name":"wp","href":"https:\/\/api.w.org\/{rel}","templated":true}]}}