{"id":2459228,"date":"2025-08-15T01:50:52","date_gmt":"2025-08-14T23:50:52","guid":{"rendered":"https:\/\/streetmarkets.fr\/app\/produit\/coffret-chaussettes-paillettes-leopard-marron-dore\/"},"modified":"2025-08-17T01:46:44","modified_gmt":"2025-08-16T23:46:44","slug":"coffret-chaussettes-paillettes-leopard-marron-dore","status":"publish","type":"product","link":"https:\/\/streetmarkets.fr\/app\/produit\/coffret-chaussettes-paillettes-leopard-marron-dore\/","title":{"rendered":"Coffret Chaussettes Paillettes L\u00e9opard Marron Dor\u00e9"},"content":{"rendered":"<p>Coffret de trois chaussettes avec motif l\u00e9opard et unies. Tons marrons et beiges.<\/p>\n<p>Coffret de trois chaussettes avec motif l\u00e9opard et unies dans des tons marrons et dor\u00e9s. Qui a dit qu&#8217;il fallait cacher ses chaussettes ?<\/p>\n<ul>\n<li>Pack de trois chaussettes:<\/li>\n<li>1 paire marron paillet\u00e9<\/li>\n<li>1 paire l\u00e9opard marron dor\u00e9<\/li>\n<li>1 paire champagne paillet\u00e9<\/li>\n<\/ul>\n<p><em><strong>Composition :<\/strong><\/em><\/p>\n<ul>\n<li>chaussettes paillettes: 41 % polyester, 27 % acrylique, 18 % polyamide, 6% laine, 5 % fibres glitters, 3 % \u00e9lasthanne<\/li>\n<li>chaussettes l\u00e9opard: 70% coton biologique, 27% polyester, 3% \u00e9lasthanne<\/li>\n<\/ul>\n<p><em><strong>Fabrication :\u00a0<\/strong><\/em>Fabriqu\u00e9es en Chine dans un atelier audit\u00e9<\/p>\n<p><em><strong>Entretien :<\/strong><\/em> Premier lavage \u00e0 la main, puis \u00e0 30\u00b0 au maximum<\/p>\n","protected":false},"excerpt":{"rendered":"<p>Coffret de trois chaussettes avec motif l\u00e9opard et unies. Tons marrons et beiges. Coffret de trois chaussettes avec motif l\u00e9opard et unies dans des tons marrons et dor\u00e9s. Qui a dit qu&#8217;il fallait cacher ses chaussettes ? Pack de trois chaussettes: 1 paire marron paillet\u00e9 1 paire l\u00e9opard marron dor\u00e9 1 paire champagne paillet\u00e9 Composition [&hellip;]<\/p>\n","protected":false},"featured_media":2459229,"comment_status":"open","ping_status":"closed","template":"","meta":[],"product_brand":[],"product_cat":[1756,1764],"product_tag":[1810],"acf":[],"_links":{"self":[{"href":"https:\/\/streetmarkets.fr\/app\/wp-json\/wp\/v2\/product\/2459228"}],"collection":[{"href":"https:\/\/streetmarkets.fr\/app\/wp-json\/wp\/v2\/product"}],"about":[{"href":"https:\/\/streetmarkets.fr\/app\/wp-json\/wp\/v2\/types\/product"}],"replies":[{"embeddable":true,"href":"https:\/\/streetmarkets.fr\/app\/wp-json\/wp\/v2\/comments?post=2459228"}],"wp:featuredmedia":[{"embeddable":true,"href":"https:\/\/streetmarkets.fr\/app\/wp-json\/wp\/v2\/media\/2459229"}],"wp:attachment":[{"href":"https:\/\/streetmarkets.fr\/app\/wp-json\/wp\/v2\/media?parent=2459228"}],"wp:term":[{"taxonomy":"product_brand","embeddable":true,"href":"https:\/\/streetmarkets.fr\/app\/wp-json\/wp\/v2\/product_brand?post=2459228"},{"taxonomy":"product_cat","embeddable":true,"href":"https:\/\/streetmarkets.fr\/app\/wp-json\/wp\/v2\/product_cat?post=2459228"},{"taxonomy":"product_tag","embeddable":true,"href":"https:\/\/streetmarkets.fr\/app\/wp-json\/wp\/v2\/product_tag?post=2459228"}],"curies":[{"name":"wp","href":"https:\/\/api.w.org\/{rel}","templated":true}]}}