{"id":2459219,"date":"2025-08-15T01:50:50","date_gmt":"2025-08-14T23:50:50","guid":{"rendered":"https:\/\/streetmarkets.fr\/app\/produit\/baskets-laura-bordeaux-creme-kaki\/"},"modified":"2025-08-17T01:46:44","modified_gmt":"2025-08-16T23:46:44","slug":"baskets-laura-bordeaux-creme-kaki","status":"publish","type":"product","link":"https:\/\/streetmarkets.fr\/app\/produit\/baskets-laura-bordeaux-creme-kaki\/","title":{"rendered":"Baskets Laura Bordeaux Cr\u00e8me Kaki"},"content":{"rendered":"<p>Baskets Laura cuir, su\u00e8de et mesh bordeaux, cr\u00e8me et kaki. Cuir su\u00e9d\u00e9, mesh, semelles en TR recycl\u00e9. Une superbe basket basse \u00e0 semelle \u00e9paisse. Fabriqu\u00e9es au Portugal.<\/p>\n<p>Sneaker audacieuse et graphique, Laura c&#8217;est une basket qui m\u00e9lange le confort, le style et les couleurs pour notre plus grand bonheur! \ud83d\ude42<\/p>\n<ul>\n<li>Baskets Laura basses bordeaux, cr\u00e8me et kaki<\/li>\n<li>Su\u00e8de, mesh et velours\u00a0<\/li>\n<li>Semelle en TR recycl\u00e9<\/li>\n<li>Hauteur talon: 3,5 cm<\/li>\n<\/ul>\n<p><strong><em>Composition<\/em><\/strong>:\u00a0<\/p>\n<ul>\n<li>Su\u00e8de certifi\u00e9e LWG, mesh et velours sourc\u00e9s en Espagne et Portugal<\/li>\n<li>Semelle ext\u00e9rieure en TR et TR recycl\u00e9 cousue Strobel<\/li>\n<li>Doublure int\u00e9rieure en mesh<\/li>\n<li>Semelle int\u00e9rieure en mesh<\/li>\n<li>Lacets en coton organique<\/li>\n<\/ul>\n<p><strong><em>Fabrication<\/em><\/strong>:<\/p>\n<ul>\n<li>Dessin\u00e9es \u00e0 Paris<\/li>\n<li>Fabriqu\u00e9es au Portugal<\/li>\n<\/ul>\n<p><strong><em>Conseil taille<\/em><\/strong>: ce mod\u00e8le taille normalement, vous pouvez prendre votre taille habituelle. Si vous avez un doute sur la pointure, contactez-nous \u00e0 juliette@coco-friendly.com.<\/p>\n<\/p>\n<p><strong><em>Entretien<\/em><\/strong>: Appliquez un spray imperm\u00e9abilisant avant la premi\u00e8re utilisation pour prot\u00e9ger la chaussure. Vous pouvez r\u00e9p\u00e9ter cette op\u00e9ration r\u00e9guli\u00e8rement. Apr\u00e8s plusieurs utilisations, si les couleurs s&#8217;estompent, utilisez un raviveur de couleur.\u00a0 Si une t\u00e2che s&#8217;invite sur la partie en su\u00e8de, frottez la, toujours dans le m\u00eame sens, avec une gomme \u00e0 daim ou brosse en cr\u00eape. Si c&#8217;est sur la partie en mesh, frottez d\u00e9licatement avec un chiffon doux imbib\u00e9 d&#8217;eau ti\u00e8de et savon. Laissez s\u00e9cher \u00e0 l&#8217;air libre \ud83d\ude42<\/p>\n","protected":false},"excerpt":{"rendered":"<p>Baskets Laura cuir, su\u00e8de et mesh bordeaux, cr\u00e8me et kaki. Cuir su\u00e9d\u00e9, mesh, semelles en TR recycl\u00e9. Une superbe basket basse \u00e0 semelle \u00e9paisse. Fabriqu\u00e9es au Portugal. Sneaker audacieuse et graphique, Laura c&#8217;est une basket qui m\u00e9lange le confort, le style et les couleurs pour notre plus grand bonheur! \ud83d\ude42 Baskets Laura basses bordeaux, cr\u00e8me [&hellip;]<\/p>\n","protected":false},"featured_media":2459220,"comment_status":"open","ping_status":"closed","template":"","meta":[],"product_brand":[],"product_cat":[1756,1763],"product_tag":[1810],"acf":[],"_links":{"self":[{"href":"https:\/\/streetmarkets.fr\/app\/wp-json\/wp\/v2\/product\/2459219"}],"collection":[{"href":"https:\/\/streetmarkets.fr\/app\/wp-json\/wp\/v2\/product"}],"about":[{"href":"https:\/\/streetmarkets.fr\/app\/wp-json\/wp\/v2\/types\/product"}],"replies":[{"embeddable":true,"href":"https:\/\/streetmarkets.fr\/app\/wp-json\/wp\/v2\/comments?post=2459219"}],"wp:featuredmedia":[{"embeddable":true,"href":"https:\/\/streetmarkets.fr\/app\/wp-json\/wp\/v2\/media\/2459220"}],"wp:attachment":[{"href":"https:\/\/streetmarkets.fr\/app\/wp-json\/wp\/v2\/media?parent=2459219"}],"wp:term":[{"taxonomy":"product_brand","embeddable":true,"href":"https:\/\/streetmarkets.fr\/app\/wp-json\/wp\/v2\/product_brand?post=2459219"},{"taxonomy":"product_cat","embeddable":true,"href":"https:\/\/streetmarkets.fr\/app\/wp-json\/wp\/v2\/product_cat?post=2459219"},{"taxonomy":"product_tag","embeddable":true,"href":"https:\/\/streetmarkets.fr\/app\/wp-json\/wp\/v2\/product_tag?post=2459219"}],"curies":[{"name":"wp","href":"https:\/\/api.w.org\/{rel}","templated":true}]}}