{"id":2459135,"date":"2025-08-15T01:50:13","date_gmt":"2025-08-14T23:50:13","guid":{"rendered":"https:\/\/streetmarkets.fr\/app\/produit\/top-bleu-julia\/"},"modified":"2025-08-17T01:46:18","modified_gmt":"2025-08-16T23:46:18","slug":"top-bleu-julia","status":"publish","type":"product","link":"https:\/\/streetmarkets.fr\/app\/produit\/top-bleu-julia\/","title":{"rendered":"Top bleu Julia"},"content":{"rendered":"<p>Top \u00e9thique et tendance \u00e0 adopter dans votre dressing pour l&#8217;\u00e9t\u00e9 !<\/p>\n<p>Coup de c\u0153ur sur ce top ! Votre dressing l&#8217;attend avec impatience.\u00a0<\/p>\n<ul>\n<li>Top bleu\u00a0<\/li>\n<li style=\"text-align:justify\">Coupe ample<\/li>\n<li style=\"text-align:justify\">Sans manches<\/li>\n<li style=\"text-align:justify\">Col rond ouvert<\/li>\n<\/ul>\n<p><strong><em>Composition<\/em>:<\/strong><\/p>\n<ul>\n<li>100% coton biologique certifi\u00e9 GOTS<\/li>\n<li>Le coton biologique certifi\u00e9 GOTS contribue \u00e0 \u00e9conomiser de l\u2019eau, \u00e0 pr\u00e9server la sant\u00e9 des travailleurs ainsi que la biodiversit\u00e9, pour les g\u00e9n\u00e9rations \u00e0 venir.<\/li>\n<\/ul>\n<p><em><strong>Fabrication<\/strong><\/em>:<\/p>\n<ul>\n<li>Fabriqu\u00e9 \u00e9thiquement en Inde<\/li>\n<\/ul>\n<p><em><strong>Label(s)<\/strong><\/em>:\u00a0<\/p>\n<ul>\n<li style=\"text-align:left\"><strong>GOTS<\/strong>\u00a0(Global Organic Textile Standard) sur tout la cha\u00eene de production, de la culture du coton aux finitions.<\/li>\n<\/ul>\n<p><em><strong>Conseil taille<\/strong><\/em>: ce mod\u00e8le taille normalement. La mannequin mesure 1m78 et porte une taille S.<\/p>\n<p><em><strong>Entretien:<\/strong><\/em>\u00a0lavez \u00e0 30\u00b0C en machine.<\/p>\n","protected":false},"excerpt":{"rendered":"<p>Top \u00e9thique et tendance \u00e0 adopter dans votre dressing pour l&#8217;\u00e9t\u00e9 ! Coup de c\u0153ur sur ce top ! Votre dressing l&#8217;attend avec impatience.\u00a0 Top bleu\u00a0 Coupe ample Sans manches Col rond ouvert Composition: 100% coton biologique certifi\u00e9 GOTS Le coton biologique certifi\u00e9 GOTS contribue \u00e0 \u00e9conomiser de l\u2019eau, \u00e0 pr\u00e9server la sant\u00e9 des travailleurs [&hellip;]<\/p>\n","protected":false},"featured_media":2459136,"comment_status":"open","ping_status":"closed","template":"","meta":[],"product_brand":[],"product_cat":[1756,1762],"product_tag":[1810],"acf":[],"_links":{"self":[{"href":"https:\/\/streetmarkets.fr\/app\/wp-json\/wp\/v2\/product\/2459135"}],"collection":[{"href":"https:\/\/streetmarkets.fr\/app\/wp-json\/wp\/v2\/product"}],"about":[{"href":"https:\/\/streetmarkets.fr\/app\/wp-json\/wp\/v2\/types\/product"}],"replies":[{"embeddable":true,"href":"https:\/\/streetmarkets.fr\/app\/wp-json\/wp\/v2\/comments?post=2459135"}],"wp:featuredmedia":[{"embeddable":true,"href":"https:\/\/streetmarkets.fr\/app\/wp-json\/wp\/v2\/media\/2459136"}],"wp:attachment":[{"href":"https:\/\/streetmarkets.fr\/app\/wp-json\/wp\/v2\/media?parent=2459135"}],"wp:term":[{"taxonomy":"product_brand","embeddable":true,"href":"https:\/\/streetmarkets.fr\/app\/wp-json\/wp\/v2\/product_brand?post=2459135"},{"taxonomy":"product_cat","embeddable":true,"href":"https:\/\/streetmarkets.fr\/app\/wp-json\/wp\/v2\/product_cat?post=2459135"},{"taxonomy":"product_tag","embeddable":true,"href":"https:\/\/streetmarkets.fr\/app\/wp-json\/wp\/v2\/product_tag?post=2459135"}],"curies":[{"name":"wp","href":"https:\/\/api.w.org\/{rel}","templated":true}]}}