{"id":2459102,"date":"2025-08-15T01:50:10","date_gmt":"2025-08-14T23:50:10","guid":{"rendered":"https:\/\/streetmarkets.fr\/app\/produit\/loose-lena-blue-heritage\/"},"modified":"2025-08-17T01:46:18","modified_gmt":"2025-08-16T23:46:18","slug":"loose-lena-blue-heritage","status":"publish","type":"product","link":"https:\/\/streetmarkets.fr\/app\/produit\/loose-lena-blue-heritage\/","title":{"rendered":"Loose Lena Blue Heritage"},"content":{"rendered":"<p>Le jean Lena est un jean \u00e0 la coupe loose, inspir\u00e9 des ann\u00e9es 90&#8242;, avec une taille mi-haute. Un style <em>boyish<\/em> et d\u00e9contract\u00e9 qui passe partout et est d&#8217;un grand confort.<\/p>\n<p>La toile de ce jean est enti\u00e8rement fabriqu\u00e9e \u00e0 partir d&#8217;anciens jeans!<\/p>\n<ul>\n<li><span style=\"text-align:justify\">Jean loose\u00a0<\/span><\/li>\n<li><span style=\"text-align:justify\">Toile couleur <em>blue heritage<\/em><\/span><\/li>\n<li><span style=\"text-align:justify\">Taille mi-haute<\/span><span style=\"text-align:justify\"><\/span><\/li>\n<li><span style=\"text-align:justify\">Coupe ample sur les hanches et cuisses<\/span><\/li>\n<li style=\"border:0px;font-style:inherit;font-weight:inherit;margin:0px;padding:0px;vertical-align:baseline\">Le patch \u00e0 l\u2019arri\u00e8re du jean est principalement compos\u00e9 de d\u00e9chets de ma\u00efs, ce qui rend ce jean 100% vegan<\/li>\n<li><span style=\"text-align:justify\">Cinq poches<\/span><\/li>\n<li><span style=\"text-align:justify\">Fermeture zipp\u00e9e<\/span><\/li>\n<\/ul>\n<p><strong><em>Composition<\/em>:<\/strong><\/p>\n<ul>\n<li>100 % coton recycl\u00e9 <em>post-consumer<\/em> (le coton recycl\u00e9 provient d&#8217;anciens jeans)<\/li>\n<\/ul>\n<p><em><strong>Fabrication<\/strong><\/em>:<\/p>\n<ul>\n<li>Fabriqu\u00e9 \u00e9thiquement en Turquie, toute la fabrication est issue de la m\u00eame usine : Sarp Jeans.<\/li>\n<li>Le tissu vient de l&#8217;usine Bossa Denim.<\/li>\n<\/ul>\n<p><em><strong>Label(s)<\/strong><\/em>:\u00a0<\/p>\n<ul>\n<li><b>GRS <\/b>(Global Recycled Standard), norme comprenant des crit\u00e8res \u00e9cologiques et sociaux sur toutes les \u00e9tapes de la production, de la fibre au v\u00eatement fini. Ce label certifie \u00e9galement que le v\u00eatement doit \u00eatre compos\u00e9 au moins \u00e0 50% de fibres recycl\u00e9es.<\/li>\n<li><strong>FairWear\u00a0<\/strong><\/li>\n<li><strong>Vegan<\/strong><strong><\/strong><\/li>\n<\/ul>\n<p><strong><\/strong><\/p>\n<p><em><strong>Conseil taille<\/strong><\/em>: ce mod\u00e8le taille normalement, optez pour votre taille habituelle. Par exemple si vous faites une taille 38 habituellement, optez ici pour du W28. La mannequin mesure 1m75 et porte la taille W27\/L34.\u00a0<\/p>\n<p>La toile va s&#8217;assouplir dans le temps, pas de panique si le jean est un peu ajust\u00e9 au d\u00e9but \ud83d\ude42\u00a0<\/p>\n<p><strong><em><\/em><\/strong><\/p>\n<p><strong><em>Entretien<\/em><\/strong>: lavez \u00e0 30\u00b0C en machine, seulement quand cela est n\u00e9cessaire. Si c&#8217;est votre jean pr\u00e9f\u00e9r\u00e9, portez le un jour sur deux plut\u00f4t que tous les jours et laissez le s&#8217;a\u00e9rer entre deux \ud83d\ude42<\/p>\n","protected":false},"excerpt":{"rendered":"<p>Le jean Lena est un jean \u00e0 la coupe loose, inspir\u00e9 des ann\u00e9es 90&#8242;, avec une taille mi-haute. Un style boyish et d\u00e9contract\u00e9 qui passe partout et est d&#8217;un grand confort. La toile de ce jean est enti\u00e8rement fabriqu\u00e9e \u00e0 partir d&#8217;anciens jeans! Jean loose\u00a0 Toile couleur blue heritage Taille mi-haute Coupe ample sur les [&hellip;]<\/p>\n","protected":false},"featured_media":2459103,"comment_status":"open","ping_status":"closed","template":"","meta":[],"product_brand":[],"product_cat":[1756,1762],"product_tag":[1810],"acf":[],"_links":{"self":[{"href":"https:\/\/streetmarkets.fr\/app\/wp-json\/wp\/v2\/product\/2459102"}],"collection":[{"href":"https:\/\/streetmarkets.fr\/app\/wp-json\/wp\/v2\/product"}],"about":[{"href":"https:\/\/streetmarkets.fr\/app\/wp-json\/wp\/v2\/types\/product"}],"replies":[{"embeddable":true,"href":"https:\/\/streetmarkets.fr\/app\/wp-json\/wp\/v2\/comments?post=2459102"}],"wp:featuredmedia":[{"embeddable":true,"href":"https:\/\/streetmarkets.fr\/app\/wp-json\/wp\/v2\/media\/2459103"}],"wp:attachment":[{"href":"https:\/\/streetmarkets.fr\/app\/wp-json\/wp\/v2\/media?parent=2459102"}],"wp:term":[{"taxonomy":"product_brand","embeddable":true,"href":"https:\/\/streetmarkets.fr\/app\/wp-json\/wp\/v2\/product_brand?post=2459102"},{"taxonomy":"product_cat","embeddable":true,"href":"https:\/\/streetmarkets.fr\/app\/wp-json\/wp\/v2\/product_cat?post=2459102"},{"taxonomy":"product_tag","embeddable":true,"href":"https:\/\/streetmarkets.fr\/app\/wp-json\/wp\/v2\/product_tag?post=2459102"}],"curies":[{"name":"wp","href":"https:\/\/api.w.org\/{rel}","templated":true}]}}