{"id":2458995,"date":"2025-08-15T01:49:58","date_gmt":"2025-08-14T23:49:58","guid":{"rendered":"https:\/\/streetmarkets.fr\/app\/produit\/pantalon-nia-palazzo-bleu-modal\/"},"modified":"2025-08-17T01:46:17","modified_gmt":"2025-08-16T23:46:17","slug":"pantalon-nia-palazzo-bleu-modal","status":"publish","type":"product","link":"https:\/\/streetmarkets.fr\/app\/produit\/pantalon-nia-palazzo-bleu-modal\/","title":{"rendered":"Pantalon Nia Palazzo Bleu Modal"},"content":{"rendered":"<p>Ce pantalon bleu dot\u00e9 d&#8217;une superbe coupe palazzo peut aussi bien donner un look d&#8217;inspiration r\u00e9tro qu&#8217;une tenue r\u00e9solument moderne. Vous allez adorer son \u00e9toffe, qui est un doux et confortable m\u00e9lange de Modal Tencel et \u00e9lasthanne. Ce pantalon existe \u00e9galement en vert.<\/p>\n<ul>\n<li style=\"text-align:justify\">Pantalon palazzo bleu en Modal Tencel<\/li>\n<li style=\"text-align:justify\">Coupe palazzo<\/li>\n<li style=\"text-align:justify\">Taille classique<\/li>\n<li style=\"text-align:justify\">Poches lat\u00e9rales<\/li>\n<li style=\"text-align:justify\">Longueur cheville<\/li>\n<li style=\"text-align:justify\">Fermeture zipp\u00e9e sur le devant<\/li>\n<\/ul>\n<p><strong><em>Composition<\/em>:<\/strong><\/p>\n<ul>\n<li>82 % Modal Tencel<\/li>\n<li>14 % nylon<\/li>\n<li>4 % \u00e9lasthanne<\/li>\n<li>Le Modal est un tissu issu de cellulose de bois de h\u00eatre qui a des propri\u00e9t\u00e9s respirantes et anti-bact\u00e9riennes. Sa fabrication en circuit ferm\u00e9 avec l\u2019utilisation de solvants \u00e9cologiques est \u00e9co-responsable.<\/li>\n<\/ul>\n<p><em><strong>Fabrication<\/strong><\/em>:<\/p>\n<ul>\n<li>Fabriqu\u00e9 \u00e9thiquement en Chine<\/li>\n<\/ul>\n<p><em><strong>Label(s)<\/strong><\/em>:\u00a0<\/p>\n<ul>\n<li><strong>Tencel\u2122 Modal<\/strong><\/li>\n<\/ul>\n<p><em><strong>Conseil taille<\/strong><\/em>: ce mod\u00e8le taille normalement, prenez votre taille habituelle.\u00a0<\/p>\n<p><strong><em>Entretien<\/em><\/strong>: lavez 30\u00b0C \u00e0 l&#8217;envers en machine.<\/p>\n","protected":false},"excerpt":{"rendered":"<p>Ce pantalon bleu dot\u00e9 d&#8217;une superbe coupe palazzo peut aussi bien donner un look d&#8217;inspiration r\u00e9tro qu&#8217;une tenue r\u00e9solument moderne. Vous allez adorer son \u00e9toffe, qui est un doux et confortable m\u00e9lange de Modal Tencel et \u00e9lasthanne. Ce pantalon existe \u00e9galement en vert. Pantalon palazzo bleu en Modal Tencel Coupe palazzo Taille classique Poches lat\u00e9rales [&hellip;]<\/p>\n","protected":false},"featured_media":2458996,"comment_status":"open","ping_status":"closed","template":"","meta":[],"product_brand":[],"product_cat":[1756,1762],"product_tag":[1810],"acf":[],"_links":{"self":[{"href":"https:\/\/streetmarkets.fr\/app\/wp-json\/wp\/v2\/product\/2458995"}],"collection":[{"href":"https:\/\/streetmarkets.fr\/app\/wp-json\/wp\/v2\/product"}],"about":[{"href":"https:\/\/streetmarkets.fr\/app\/wp-json\/wp\/v2\/types\/product"}],"replies":[{"embeddable":true,"href":"https:\/\/streetmarkets.fr\/app\/wp-json\/wp\/v2\/comments?post=2458995"}],"wp:featuredmedia":[{"embeddable":true,"href":"https:\/\/streetmarkets.fr\/app\/wp-json\/wp\/v2\/media\/2458996"}],"wp:attachment":[{"href":"https:\/\/streetmarkets.fr\/app\/wp-json\/wp\/v2\/media?parent=2458995"}],"wp:term":[{"taxonomy":"product_brand","embeddable":true,"href":"https:\/\/streetmarkets.fr\/app\/wp-json\/wp\/v2\/product_brand?post=2458995"},{"taxonomy":"product_cat","embeddable":true,"href":"https:\/\/streetmarkets.fr\/app\/wp-json\/wp\/v2\/product_cat?post=2458995"},{"taxonomy":"product_tag","embeddable":true,"href":"https:\/\/streetmarkets.fr\/app\/wp-json\/wp\/v2\/product_tag?post=2458995"}],"curies":[{"name":"wp","href":"https:\/\/api.w.org\/{rel}","templated":true}]}}