{"id":2458962,"date":"2025-08-15T01:49:53","date_gmt":"2025-08-14T23:49:53","guid":{"rendered":"https:\/\/streetmarkets.fr\/app\/produit\/jean-evase-velaari-noir-delave\/"},"modified":"2025-08-17T01:46:16","modified_gmt":"2025-08-16T23:46:16","slug":"jean-evase-velaari-noir-delave","status":"publish","type":"product","link":"https:\/\/streetmarkets.fr\/app\/produit\/jean-evase-velaari-noir-delave\/","title":{"rendered":"Jean Evas\u00e9 Velaari Noir D\u00e9lav\u00e9"},"content":{"rendered":"<p>Jean slim \u00e9vas\u00e9 noir d\u00e9lav\u00e9, taille mi-haute, longueur cropped. Toile souple de coton biologique GOTS et coton recycl\u00e9. PETA approved vegan. Fabrication \u00e9quitable.<\/p>\n<p>Ce jean est le r\u00e9sultat du savant m\u00e9lange d&#8217;une taille mi-haute, de jambes \u00e9vas\u00e9es mais plut\u00f4t slim sur le haut, longueur <em>cropped<\/em>, d&#8217;une toile au superbe d\u00e9lavage tr\u00e8s confortable et du bon d\u00e9tail: la ligne de couture c\u00f4t\u00e9 se glisse vers le milieu dos pour s&#8217;ouvrir sur une petite fente. On adore ce d\u00e9tail !<\/p>\n<ul>\n<li><span style=\"text-align:justify\">Jean slim \u00e9vas\u00e9<\/span><\/li>\n<li><span style=\"text-align:justify\">Taille mi-haute<\/span><span style=\"text-align:justify\"><\/span><\/li>\n<li><span style=\"text-align:justify\">Coupe ajust\u00e9 \u00e0 la taille et \u00e9vas\u00e9e sur le reste de la jambe<\/span><\/li>\n<li><span style=\"text-align:justify\">Cinq poches<\/span><\/li>\n<li><span style=\"text-align:justify\">Fermeture boutons<\/span><\/li>\n<li>Toile souple<\/li>\n<li>D\u00e9tail: la ligne de couture c\u00f4t\u00e9 bascule vers le milieu dos et se termine par une petite fente<\/li>\n<li>Longueur <em>cropped<\/em>, au dessus de la cheville (longueur du c\u00f4t\u00e9 int\u00e9rieur 72 cm pour la longueur 32)<\/li>\n<\/ul>\n<p><strong><em>Composition<\/em>:<\/strong><\/p>\n<ul>\n<li>79 % coton biologique certifi\u00e9 GOTS<\/li>\n<li>20% coton recycl\u00e9<\/li>\n<li>1 % \u00e9lasthanne<\/li>\n<li>Le coton biologique certifi\u00e9 GOTS contribue \u00e0 \u00e9conomiser de l\u2019eau, \u00e0 pr\u00e9server la sant\u00e9 des travailleurs ainsi que la biodiversit\u00e9, pour les g\u00e9n\u00e9rations \u00e0 venir.<\/li>\n<\/ul>\n<p><em><strong>Fabrication<\/strong><\/em>:<\/p>\n<ul>\n<li>Fabriqu\u00e9 \u00e9thiquement \u00e0 Saray Tekirdag en Turquie, par l&#8217;entreprise Suglobal Tekstil Konfeksiyon San.A <span style=\"font-family:'Inconsolata Regular', sans-serif;font-size:14.9592px;background-color:#ffffff\"><\/span><\/li>\n<\/ul>\n<p><em><strong>Label(s)<\/strong><\/em>:\u00a0<\/p>\n<ul>\n<li>vegan par<strong>\u00a0PETA<br \/><\/strong><\/li>\n<\/ul>\n<p><em><strong>Conseil taille<\/strong><\/em>: ce mod\u00e8le taille normalement, optez pour votre taille habituelle. Par exemple si vous faites une taille 38 habituellement, optez ici pour du W28.\u00a0<\/p>\n<p><strong><em><\/em><\/strong><\/p>\n<p><strong><em>Entretien<\/em><\/strong>: lavez \u00e0 30\u00b0C en machine.<\/p>\n","protected":false},"excerpt":{"rendered":"<p>Jean slim \u00e9vas\u00e9 noir d\u00e9lav\u00e9, taille mi-haute, longueur cropped. Toile souple de coton biologique GOTS et coton recycl\u00e9. PETA approved vegan. Fabrication \u00e9quitable. Ce jean est le r\u00e9sultat du savant m\u00e9lange d&#8217;une taille mi-haute, de jambes \u00e9vas\u00e9es mais plut\u00f4t slim sur le haut, longueur cropped, d&#8217;une toile au superbe d\u00e9lavage tr\u00e8s confortable et du bon [&hellip;]<\/p>\n","protected":false},"featured_media":2458963,"comment_status":"open","ping_status":"closed","template":"","meta":[],"product_brand":[],"product_cat":[1756,1762],"product_tag":[1810],"acf":[],"_links":{"self":[{"href":"https:\/\/streetmarkets.fr\/app\/wp-json\/wp\/v2\/product\/2458962"}],"collection":[{"href":"https:\/\/streetmarkets.fr\/app\/wp-json\/wp\/v2\/product"}],"about":[{"href":"https:\/\/streetmarkets.fr\/app\/wp-json\/wp\/v2\/types\/product"}],"replies":[{"embeddable":true,"href":"https:\/\/streetmarkets.fr\/app\/wp-json\/wp\/v2\/comments?post=2458962"}],"wp:featuredmedia":[{"embeddable":true,"href":"https:\/\/streetmarkets.fr\/app\/wp-json\/wp\/v2\/media\/2458963"}],"wp:attachment":[{"href":"https:\/\/streetmarkets.fr\/app\/wp-json\/wp\/v2\/media?parent=2458962"}],"wp:term":[{"taxonomy":"product_brand","embeddable":true,"href":"https:\/\/streetmarkets.fr\/app\/wp-json\/wp\/v2\/product_brand?post=2458962"},{"taxonomy":"product_cat","embeddable":true,"href":"https:\/\/streetmarkets.fr\/app\/wp-json\/wp\/v2\/product_cat?post=2458962"},{"taxonomy":"product_tag","embeddable":true,"href":"https:\/\/streetmarkets.fr\/app\/wp-json\/wp\/v2\/product_tag?post=2458962"}],"curies":[{"name":"wp","href":"https:\/\/api.w.org\/{rel}","templated":true}]}}