{"id":2458946,"date":"2025-08-15T01:49:50","date_gmt":"2025-08-14T23:49:50","guid":{"rendered":"https:\/\/streetmarkets.fr\/app\/produit\/top-elise-noir\/"},"modified":"2025-08-17T01:46:16","modified_gmt":"2025-08-16T23:46:16","slug":"top-elise-noir","status":"publish","type":"product","link":"https:\/\/streetmarkets.fr\/app\/produit\/top-elise-noir\/","title":{"rendered":"Top Elise noir"},"content":{"rendered":"<p>Un top noir intemporel, \u00e0 la coupe simple et \u00e9l\u00e9gante \u2014 l\u2019essentiel de l\u2019\u00e9t\u00e9, \u00e0 retrouver chez Coco Friendly.<\/p>\n<p>Un top noir intemporel, \u00e0 la coupe simple et \u00e9l\u00e9gante \u2014 l\u2019essentiel de l\u2019\u00e9t\u00e9, \u00e0 retrouver chez Coco Friendly.<\/p>\n<ul>\n<li>Top noir\u00a0<\/li>\n<li style=\"text-align:justify\">Coupe pr\u00e8s du corps<\/li>\n<li style=\"text-align:justify\">Sans manches<\/li>\n<li style=\"text-align:justify\">Col en V<\/li>\n<li style=\"text-align:justify\">Attache \u00e0 nouer sur le devant<\/li>\n<\/ul>\n<p><strong><em>Composition<\/em>:<\/strong><\/p>\n<ul>\n<li>100% coton biologique certifi\u00e9 GOTS<\/li>\n<li>Le coton biologique certifi\u00e9 GOTS contribue \u00e0 \u00e9conomiser de l\u2019eau, \u00e0 pr\u00e9server la sant\u00e9 des travailleurs ainsi que la biodiversit\u00e9, pour les g\u00e9n\u00e9rations \u00e0 venir.<\/li>\n<\/ul>\n<p><em><strong>Fabrication<\/strong><\/em>:<\/p>\n<ul>\n<li>Fabriqu\u00e9 \u00e9thiquement en Inde<\/li>\n<\/ul>\n<p><em><strong>Label(s)<\/strong><\/em>:\u00a0<\/p>\n<ul>\n<li style=\"text-align:left\"><strong>GOTS<\/strong>\u00a0(Global Organic Textile Standard) sur tout la cha\u00eene de production, de la culture du coton aux finitions.<\/li>\n<\/ul>\n<p><em><strong>Conseil taille<\/strong><\/em>: ce mod\u00e8le taille normalement. La mannequin mesure 1m78 et porte une taille S.<\/p>\n<p><strong><em>Entretien<\/em><\/strong>: lavez \u00e0 30\u00b0C en machine.<\/p>\n","protected":false},"excerpt":{"rendered":"<p>Un top noir intemporel, \u00e0 la coupe simple et \u00e9l\u00e9gante \u2014 l\u2019essentiel de l\u2019\u00e9t\u00e9, \u00e0 retrouver chez Coco Friendly. Un top noir intemporel, \u00e0 la coupe simple et \u00e9l\u00e9gante \u2014 l\u2019essentiel de l\u2019\u00e9t\u00e9, \u00e0 retrouver chez Coco Friendly. Top noir\u00a0 Coupe pr\u00e8s du corps Sans manches Col en V Attache \u00e0 nouer sur le devant [&hellip;]<\/p>\n","protected":false},"featured_media":2458947,"comment_status":"open","ping_status":"closed","template":"","meta":[],"product_brand":[],"product_cat":[1756,1762],"product_tag":[1810],"acf":[],"_links":{"self":[{"href":"https:\/\/streetmarkets.fr\/app\/wp-json\/wp\/v2\/product\/2458946"}],"collection":[{"href":"https:\/\/streetmarkets.fr\/app\/wp-json\/wp\/v2\/product"}],"about":[{"href":"https:\/\/streetmarkets.fr\/app\/wp-json\/wp\/v2\/types\/product"}],"replies":[{"embeddable":true,"href":"https:\/\/streetmarkets.fr\/app\/wp-json\/wp\/v2\/comments?post=2458946"}],"wp:featuredmedia":[{"embeddable":true,"href":"https:\/\/streetmarkets.fr\/app\/wp-json\/wp\/v2\/media\/2458947"}],"wp:attachment":[{"href":"https:\/\/streetmarkets.fr\/app\/wp-json\/wp\/v2\/media?parent=2458946"}],"wp:term":[{"taxonomy":"product_brand","embeddable":true,"href":"https:\/\/streetmarkets.fr\/app\/wp-json\/wp\/v2\/product_brand?post=2458946"},{"taxonomy":"product_cat","embeddable":true,"href":"https:\/\/streetmarkets.fr\/app\/wp-json\/wp\/v2\/product_cat?post=2458946"},{"taxonomy":"product_tag","embeddable":true,"href":"https:\/\/streetmarkets.fr\/app\/wp-json\/wp\/v2\/product_tag?post=2458946"}],"curies":[{"name":"wp","href":"https:\/\/api.w.org\/{rel}","templated":true}]}}