{"id":2458932,"date":"2025-08-15T01:49:48","date_gmt":"2025-08-14T23:49:48","guid":{"rendered":"https:\/\/streetmarkets.fr\/app\/produit\/jean-droit-breezy-britt-vintage-grey\/"},"modified":"2025-08-17T01:46:16","modified_gmt":"2025-08-16T23:46:16","slug":"jean-droit-breezy-britt-vintage-grey","status":"publish","type":"product","link":"https:\/\/streetmarkets.fr\/app\/produit\/jean-droit-breezy-britt-vintage-grey\/","title":{"rendered":"Jean Droit Breezy Britt Vintage Grey"},"content":{"rendered":"<p>Jean best-seller \u00e0 la coupe droite, taille haute. Son d\u00e9lavage &#8220;<em>vintage grey<\/em>&#8221; offre une multitude de nuances allant du gris au noir profond et pr\u00e9sente de belles textures tr\u00e8s douces hachur\u00e9es et marbr\u00e9es. LE jean indispensable d&#8217;une garde-robe minimaliste.\u00a0<\/p>\n<p>Le must : cette pi\u00e8ce est r\u00e9parable au fil des ann\u00e9es. Si vous souhaitez une retouche li\u00e9e \u00e0 l&#8217;usure, contactez-nous !<\/p>\n<ul>\n<li><span style=\"text-align:justify\">Jean coupe droite<\/span><\/li>\n<li><span style=\"text-align:justify\">Taille haute<\/span><span style=\"text-align:justify\"><\/span><\/li>\n<li><span style=\"text-align:justify\">Jambes fusel\u00e9es<\/span><\/li>\n<li><span style=\"text-align:justify\">Toile<\/span><span style=\"text-align:justify\"> intemporelle couleur <em>vintage grey<\/em><\/span><\/li>\n<li>Cinq poches<\/li>\n<li><span style=\"text-align:justify\">Fermeture boutonn\u00e9e<\/span><\/li>\n<li><span style=\"text-align:justify\">Bouton en argent et rivets en cuivre<\/span><\/li>\n<li><span style=\"text-align:justify\">Surpiqures noires<\/span><\/li>\n<li><span style=\"text-align:justify\">Si la toile est un peu rigide au d\u00e9but, elle s&#8217;assouplie dans le temps<\/span><\/li>\n<li><span style=\"text-align:justify\">Ce jean a n\u00e9cessit\u00e9 l&#8217;utilisation d&#8217;environ 560 l d&#8217;eau pour sa fabrication<\/span><\/li>\n<\/ul>\n<p><strong><em><\/em><\/strong><\/p>\n<p><strong><em>Composition<\/em>:<\/strong><\/p>\n<ul>\n<li>100% coton biologique certifi\u00e9 GOTS<\/li>\n<li>Le coton biologique certifi\u00e9 GOTS contribue \u00e0 \u00e9conomiser de l\u2019eau, \u00e0 pr\u00e9server la sant\u00e9 des travailleurs ainsi que la biodiversit\u00e9, pour les g\u00e9n\u00e9rations \u00e0 venir.<\/li>\n<\/ul>\n<p><em><strong>Fabrication<\/strong><\/em>:<\/p>\n<ul>\n<li>Fabriqu\u00e9 \u00e9thiquement\u00a0en Tunisie par l\u2019usine Denim Authority S.A<\/li>\n<\/ul>\n<p><em><strong>Label(s)<\/strong><\/em>:\u00a0<\/p>\n<ul>\n<li><strong>GOTS<\/strong>\u00a0(Global Organic Textile Standard) sur tout la cha\u00eene de production, de la culture du coton aux finitions.<em><strong><\/strong><\/em><\/li>\n<li><strong>Fairtrade<\/strong><\/li>\n<\/ul>\n<p><em><strong>Conseil taille<\/strong><\/em>: ce mod\u00e8le taille plut\u00f4t petit, optez pour une taille au dessus de votre taille habituelle. Par exemple si vous faites une taille 38, optez ici pour du W29. Si vous mesurez moins d&#8217;1m75, la longueur id\u00e9ale est L28 pour avoir une longueur \u00e0 la cheville.<\/p>\n<p><strong><em><\/em><\/strong><\/p>\n<p><strong><em>Entretien<\/em><\/strong>: lavez ce jean uniquement quand cela est n\u00e9cessaire, \u00e0 30\u00b0C en machine sur l&#8217;envers. L&#8217;id\u00e9al est de porter votre jean pendant 6 mois avant le premier lavage, ainsi la couleur se fixe plus durablement et le d\u00e9lavage se fera naturellement. La plupart du temps il suffit d&#8217;a\u00e9rer le jean et si c&#8217;est votre pr\u00e9f\u00e9r\u00e9, portez-le un jour sur deux pour qu&#8217;il puisse se reposer entre deux \ud83d\ude42\u00a0<\/p>\n","protected":false},"excerpt":{"rendered":"<p>Jean best-seller \u00e0 la coupe droite, taille haute. Son d\u00e9lavage &#8220;vintage grey&#8221; offre une multitude de nuances allant du gris au noir profond et pr\u00e9sente de belles textures tr\u00e8s douces hachur\u00e9es et marbr\u00e9es. LE jean indispensable d&#8217;une garde-robe minimaliste.\u00a0 Le must : cette pi\u00e8ce est r\u00e9parable au fil des ann\u00e9es. Si vous souhaitez une retouche [&hellip;]<\/p>\n","protected":false},"featured_media":2458933,"comment_status":"open","ping_status":"closed","template":"","meta":[],"product_brand":[],"product_cat":[1756,1762],"product_tag":[1810],"acf":[],"_links":{"self":[{"href":"https:\/\/streetmarkets.fr\/app\/wp-json\/wp\/v2\/product\/2458932"}],"collection":[{"href":"https:\/\/streetmarkets.fr\/app\/wp-json\/wp\/v2\/product"}],"about":[{"href":"https:\/\/streetmarkets.fr\/app\/wp-json\/wp\/v2\/types\/product"}],"replies":[{"embeddable":true,"href":"https:\/\/streetmarkets.fr\/app\/wp-json\/wp\/v2\/comments?post=2458932"}],"wp:featuredmedia":[{"embeddable":true,"href":"https:\/\/streetmarkets.fr\/app\/wp-json\/wp\/v2\/media\/2458933"}],"wp:attachment":[{"href":"https:\/\/streetmarkets.fr\/app\/wp-json\/wp\/v2\/media?parent=2458932"}],"wp:term":[{"taxonomy":"product_brand","embeddable":true,"href":"https:\/\/streetmarkets.fr\/app\/wp-json\/wp\/v2\/product_brand?post=2458932"},{"taxonomy":"product_cat","embeddable":true,"href":"https:\/\/streetmarkets.fr\/app\/wp-json\/wp\/v2\/product_cat?post=2458932"},{"taxonomy":"product_tag","embeddable":true,"href":"https:\/\/streetmarkets.fr\/app\/wp-json\/wp\/v2\/product_tag?post=2458932"}],"curies":[{"name":"wp","href":"https:\/\/api.w.org\/{rel}","templated":true}]}}