{"id":2458910,"date":"2025-08-15T01:49:47","date_gmt":"2025-08-14T23:49:47","guid":{"rendered":"https:\/\/streetmarkets.fr\/app\/produit\/parka-unisexe-impermeable-indigo-beaubourg\/"},"modified":"2025-08-17T01:46:16","modified_gmt":"2025-08-16T23:46:16","slug":"parka-unisexe-impermeable-indigo-beaubourg","status":"publish","type":"product","link":"https:\/\/streetmarkets.fr\/app\/produit\/parka-unisexe-impermeable-indigo-beaubourg\/","title":{"rendered":"Parka Unisexe Imperm\u00e9able Indigo Beaubourg"},"content":{"rendered":"<p>Parka unisexe imperm\u00e9able indigo. Fermeture \u00e0 double curseur, capuche r\u00e9glable. Imperm\u00e9abilit\u00e9: 15 000 mm colonne d&#8217;eau. Respirant, coupe vent. 100% rPET.<\/p>\n<p>Cette parka unisexe imperm\u00e9able, couleur bleu indigo, devrait vous garder bien au sec avec \u00e9l\u00e9gance. On aime sa coupe droite structur\u00e9e et son niveau de protection optimale pour les grosses averses (15 000 mm colonne d&#8217;eau!). Imperm\u00e9able, respirante et coupe-vent, cette parka longue est \u00e9galement une alli\u00e9e pour les cyclistes gr\u00e2ce \u00e0 son zip \u00e0 double curseurs!\u00a0<\/p>\n<ul>\n<li>Parka unisexe bleu infigo \u00e0 la coupe droite longue<\/li>\n<li>La capuche r\u00e9glable \u00e0 l&#8217;aide de cordons<\/li>\n<li>La fermeture \u00e9clair est thermocoll\u00e9e pour une meilleure imperm\u00e9abilit\u00e9<\/li>\n<li>Zip \u00e0 double curseur, pratique quand on fait du v\u00e9lo ou des grands pas<\/li>\n<li>Poches lat\u00e9rales zipp\u00e9es<\/li>\n<li>Toutes les coutures sont thermocoll\u00e9es<\/li>\n<li>Col montant<\/li>\n<li>Poignets c\u00f4tel\u00e9s, ni le vent, ni les gouttes d&#8217;eaux ne s&#8217;aventureront sur vos poignets<\/li>\n<li>Imperm\u00e9abilit\u00e9: 15 000 mm colonne d&#8217;eau<\/li>\n<li>Respirabilit\u00e9: 3,500 g \/ m2 \/ 24 h<\/li>\n<li>Coupe vent<\/li>\n<\/ul>\n<p><strong><\/strong><\/p>\n<p><strong><em>Composition<\/em>:<\/strong><\/p>\n<ul>\n<li>Ext\u00e9rieur: 100% polyester recycl\u00e9 \/ rPET<\/li>\n<li>Doublure: 100% nylon recycl\u00e9<\/li>\n<li>Ce polyester recycl\u00e9 est lab\u00e9lis\u00e9 GRS<\/li>\n<li>L&#8217;utilisation de polyester recycl\u00e9 permet d\u2019\u00e9conomiser l\u2019\u00e9nergie et les ressources n\u00e9cessaires \u00e0 la fabrication de polyester neuf.<\/li>\n<\/ul>\n<p><em><strong>Fabrication<\/strong><\/em>:<\/p>\n<ul>\n<li>Fabriqu\u00e9 en Chine -dans un principe de commerce \u00e9quitable-, \u00e0 Zhejiang, la r\u00e9gion sp\u00e9cialis\u00e9e dans les v\u00eatements d\u2019ext\u00e9rieur<\/li>\n<\/ul>\n<p><em><strong>Label(s)<\/strong><\/em>:\u00a0<\/p>\n<ul>\n<li style=\"text-align:left\"><strong>GRS (Global Recycled Standard)<\/strong>, norme comprenant des crit\u00e8res \u00e9cologiques et sociaux sur toutes les \u00e9tapes de la production, de la fibre au v\u00eatement fini. Ce label certifie \u00e9galement que le v\u00eatement doit \u00eatre compos\u00e9 au moins \u00e0 50% de fibres recycl\u00e9es.<\/li>\n<li style=\"text-align:left\"><strong>BSCI<\/strong>, cette organisation a pour engagement la protection des droits des travailleurs et l&#8217;am\u00e9lioration de leur condition de travail.<\/li>\n<li style=\"text-align:left\"><strong>Oeko-tex<\/strong>, label qui garantit l&#8217;absence de produits chimiques toxiques et non-nocifs pour les humains et l&#8217;environnement<span style=\"font-family:Arial;font-size:19px;background-color:#fffdf6\"><\/span><\/li>\n<\/ul>\n<p><em><strong>Conseil taille<\/strong><\/em>: ce mod\u00e8le taille normalement. Si vous \u00eates une femme vous pouvez prendre la taille en dessous et si vous \u00eates un homme, vous pouvez prendre votre taille habituelle. La mannequin mesure 1m78 et porte la taille S. Le mannequin mesure 1m87 et porte une taille L.<\/p>\n<p><strong><em>Entretien<\/em><\/strong>: fermez tous les zips et lavez \u00e0 froid (max 30\u00b0C) en machine, programme d\u00e9licat. Vous pouvez d\u00e9froisser votre imperm\u00e9able \u00e0 la vapeur.<\/p>\n","protected":false},"excerpt":{"rendered":"<p>Parka unisexe imperm\u00e9able indigo. Fermeture \u00e0 double curseur, capuche r\u00e9glable. Imperm\u00e9abilit\u00e9: 15 000 mm colonne d&#8217;eau. Respirant, coupe vent. 100% rPET. Cette parka unisexe imperm\u00e9able, couleur bleu indigo, devrait vous garder bien au sec avec \u00e9l\u00e9gance. On aime sa coupe droite structur\u00e9e et son niveau de protection optimale pour les grosses averses (15 000 mm [&hellip;]<\/p>\n","protected":false},"featured_media":2458911,"comment_status":"open","ping_status":"closed","template":"","meta":[],"product_brand":[],"product_cat":[1756,1762],"product_tag":[1810],"acf":[],"_links":{"self":[{"href":"https:\/\/streetmarkets.fr\/app\/wp-json\/wp\/v2\/product\/2458910"}],"collection":[{"href":"https:\/\/streetmarkets.fr\/app\/wp-json\/wp\/v2\/product"}],"about":[{"href":"https:\/\/streetmarkets.fr\/app\/wp-json\/wp\/v2\/types\/product"}],"replies":[{"embeddable":true,"href":"https:\/\/streetmarkets.fr\/app\/wp-json\/wp\/v2\/comments?post=2458910"}],"wp:featuredmedia":[{"embeddable":true,"href":"https:\/\/streetmarkets.fr\/app\/wp-json\/wp\/v2\/media\/2458911"}],"wp:attachment":[{"href":"https:\/\/streetmarkets.fr\/app\/wp-json\/wp\/v2\/media?parent=2458910"}],"wp:term":[{"taxonomy":"product_brand","embeddable":true,"href":"https:\/\/streetmarkets.fr\/app\/wp-json\/wp\/v2\/product_brand?post=2458910"},{"taxonomy":"product_cat","embeddable":true,"href":"https:\/\/streetmarkets.fr\/app\/wp-json\/wp\/v2\/product_cat?post=2458910"},{"taxonomy":"product_tag","embeddable":true,"href":"https:\/\/streetmarkets.fr\/app\/wp-json\/wp\/v2\/product_tag?post=2458910"}],"curies":[{"name":"wp","href":"https:\/\/api.w.org\/{rel}","templated":true}]}}