{"id":2458893,"date":"2025-08-15T01:49:44","date_gmt":"2025-08-14T23:49:44","guid":{"rendered":"https:\/\/streetmarkets.fr\/app\/produit\/baskets-walnut-plateformes-beige-ciel\/"},"modified":"2025-08-17T01:46:16","modified_gmt":"2025-08-16T23:46:16","slug":"baskets-walnut-plateformes-beige-ciel","status":"publish","type":"product","link":"https:\/\/streetmarkets.fr\/app\/produit\/baskets-walnut-plateformes-beige-ciel\/","title":{"rendered":"Baskets Walnut Plateformes Beige Ciel"},"content":{"rendered":"<p>Baskets Walnut plateforme beiges fonc\u00e9es. Velours de polyester recycl\u00e9. Mod\u00e8le vegan certifi\u00e9 par Peta, moderne et styl\u00e9. Fabrication commerce \u00e9quitable, B Corp.<\/p>\n<p>Coup de c\u0153ur pour ces baskets Walnut version plateforme en velours beige et une petite touche de bleu ciel ! Inspir\u00e9 de l&#8217;univers du skate, ce mod\u00e8le est r\u00e9solument moderne et styl\u00e9 et sera aussi beau port\u00e9 avec un votre jean pr\u00e9f\u00e9r\u00e9 qu&#8217;avec une jupe et des chaussettes fun \ud83d\ude42<\/p>\n<ul>\n<li style=\"border:0px;font-style:inherit;font-weight:inherit;margin:0px;padding:0px;vertical-align:baseline;text-align:justify\">Baskets Walnut plateforme velours beige<\/li>\n<li style=\"border:0px;font-style:inherit;font-weight:inherit;margin:0px;padding:0px;vertical-align:baseline;text-align:justify\">Empi\u00e8cement bleu ciel talon<\/li>\n<li style=\"border:0px;font-style:inherit;font-weight:inherit;margin:0px;padding:0px;vertical-align:baseline;text-align:justify\">Mod\u00e8le vegan en velours de polyester recycl\u00e9<\/li>\n<li style=\"border:0px;font-style:inherit;font-weight:inherit;margin:0px;padding:0px;vertical-align:baseline;text-align:justify\">Hauteur de la semelle: 4 cm<\/li>\n<li style=\"border:0px;font-style:inherit;font-weight:inherit;margin:0px;padding:0px;vertical-align:baseline;text-align:justify\">1 paire achet\u00e9e = 1 arbre plant\u00e9<\/li>\n<\/ul>\n<p style=\"text-align:justify\">\n<p style=\"text-align:justify\"><em><strong>Composition<\/strong><\/em>:<\/p>\n<ul style=\"text-align:justify\">\n<li><span>Dessus<\/span> : 90 % Polyester recycl\u00e9, 10 % empi\u00e8cements en su\u00e8de et PU<\/li>\n<li>Doublure : 100% polyester recycl\u00e9\u00a0<\/li>\n<li>S<span>emelle int\u00e9rieure<\/span> : textile<\/li>\n<li>Se<span>melle ext\u00e9rieure<\/span> : 100 % Caoutchouc\u00a0<\/li>\n<li>Lacets en coton<\/li>\n<\/ul>\n<p style=\"text-align:justify\">\n<p style=\"text-align:justify\"><em><strong>Fabrication<\/strong><\/em>:<\/p>\n<ul style=\"text-align:justify\">\n<li style=\"border:0px;font-style:inherit;font-weight:inherit;margin:0px;padding:0px;vertical-align:baseline\">Fabriqu\u00e9es au Vietnam, issues du commerce \u00e9quitable, l&#8217;atelier de fabrication est audit\u00e9 en externe sur des contraintes environnementales et sociales<\/li>\n<\/ul>\n<p style=\"text-align:justify\">\n<p style=\"text-align:justify\"><em><strong>Label(s)<\/strong><\/em>:<\/p>\n<ul style=\"text-align:justify\">\n<li><strong>B corp<\/strong>: ce label ind\u00e9pendant \u00e9value les entreprises dans toutes leurs sph\u00e8res d&#8217;activit\u00e9, selon des exigences sociales et environnementales. Les entreprises r\u00e9pondent \u00e0 un questionnaire portant aussi bien sur l&#8217;impact environnemental, le choix des fournisseurs, la gouvernance de l&#8217;entreprise, les conditions de travail des salari\u00e9s que sur les salaires et la libre information aupr\u00e8s des clients. Des audits sont \u00e9galement r\u00e9guli\u00e8rement r\u00e9alis\u00e9s.<\/li>\n<li>Usines certifi\u00e9es\u00a0<strong>BSCI<\/strong>,\u00a0\u00a0ce qui garantit une r\u00e9mun\u00e9ration juste des travailleurs, la libert\u00e9 d&#8217;association, des horaires de travail d\u00e9cents, la sant\u00e9 et la s\u00e9curit\u00e9 au travail<\/li>\n<li>Vegan par <strong>Peta<\/strong><\/li>\n<\/ul>\n<p><strong><\/strong><\/p>\n<p style=\"text-align:justify\"><em><strong>Conseil taille<\/strong><\/em>: cette paire chausse normalement, vous pouvez prendre votre taille habituelle. Si vous avez un doute sur la pointure, contactez-nous \u00e0 juliette@coco-friendly.com<\/p>\n<p style=\"text-align:justify\">\n<p style=\"text-align:justify\"><em><strong>Entretien<\/strong><\/em>: Appliquez un spray imperm\u00e9abilisant avant la premi\u00e8re utilisation pour prot\u00e9ger la chaussure. Vous pouvez r\u00e9p\u00e9ter cette op\u00e9ration r\u00e9guli\u00e8rement.<\/p>\n","protected":false},"excerpt":{"rendered":"<p>Baskets Walnut plateforme beiges fonc\u00e9es. Velours de polyester recycl\u00e9. Mod\u00e8le vegan certifi\u00e9 par Peta, moderne et styl\u00e9. Fabrication commerce \u00e9quitable, B Corp. Coup de c\u0153ur pour ces baskets Walnut version plateforme en velours beige et une petite touche de bleu ciel ! Inspir\u00e9 de l&#8217;univers du skate, ce mod\u00e8le est r\u00e9solument moderne et styl\u00e9 et [&hellip;]<\/p>\n","protected":false},"featured_media":2458894,"comment_status":"open","ping_status":"closed","template":"","meta":[],"product_brand":[],"product_cat":[1756,1763],"product_tag":[1810],"acf":[],"_links":{"self":[{"href":"https:\/\/streetmarkets.fr\/app\/wp-json\/wp\/v2\/product\/2458893"}],"collection":[{"href":"https:\/\/streetmarkets.fr\/app\/wp-json\/wp\/v2\/product"}],"about":[{"href":"https:\/\/streetmarkets.fr\/app\/wp-json\/wp\/v2\/types\/product"}],"replies":[{"embeddable":true,"href":"https:\/\/streetmarkets.fr\/app\/wp-json\/wp\/v2\/comments?post=2458893"}],"wp:featuredmedia":[{"embeddable":true,"href":"https:\/\/streetmarkets.fr\/app\/wp-json\/wp\/v2\/media\/2458894"}],"wp:attachment":[{"href":"https:\/\/streetmarkets.fr\/app\/wp-json\/wp\/v2\/media?parent=2458893"}],"wp:term":[{"taxonomy":"product_brand","embeddable":true,"href":"https:\/\/streetmarkets.fr\/app\/wp-json\/wp\/v2\/product_brand?post=2458893"},{"taxonomy":"product_cat","embeddable":true,"href":"https:\/\/streetmarkets.fr\/app\/wp-json\/wp\/v2\/product_cat?post=2458893"},{"taxonomy":"product_tag","embeddable":true,"href":"https:\/\/streetmarkets.fr\/app\/wp-json\/wp\/v2\/product_tag?post=2458893"}],"curies":[{"name":"wp","href":"https:\/\/api.w.org\/{rel}","templated":true}]}}