{"id":2458876,"date":"2025-08-15T01:49:42","date_gmt":"2025-08-14T23:49:42","guid":{"rendered":"https:\/\/streetmarkets.fr\/app\/produit\/tee-shirt-manches-longues-noir\/"},"modified":"2025-08-17T01:46:15","modified_gmt":"2025-08-16T23:46:15","slug":"tee-shirt-manches-longues-noir","status":"publish","type":"product","link":"https:\/\/streetmarkets.fr\/app\/produit\/tee-shirt-manches-longues-noir\/","title":{"rendered":"Tee-Shirt Manches Longues Noir"},"content":{"rendered":"<p>Superbe tee-shirt \u00e0 manches longues de couleur noir. Compos\u00e9 de modal, son tissu est tr\u00e8s agr\u00e9able !<\/p>\n<ul>\n<li><span style=\"text-align:justify\">Tee-shirt manches longues noir<\/span><\/li>\n<li><span style=\"text-align:justify\">Coupe ajust\u00e9e<\/span><\/li>\n<li><span style=\"text-align:justify\">Mati\u00e8re douce et fluide<\/span><\/li>\n<li>Col rond ouvert<\/li>\n<\/ul>\n<p align=\"justify\" style=\"margin-bottom:0cm\">\n<p><strong><em>Composition<\/em>:<\/strong><\/p>\n<ul>\n<li>95 % modal Tencel<\/li>\n<li>5 % \u00e9lasthanne<\/li>\n<li>Le\u00a0Modal est un tissu issu de cellulose de bois de h\u00eatre qui a des propri\u00e9t\u00e9s respirantes et anti-bact\u00e9riennes. Sa fabrication en circuit ferm\u00e9 avec l\u2019utilisation de solvants \u00e9cologiques est \u00e9co-responsable.<\/li>\n<\/ul>\n<p><em><strong>Fabrication<\/strong><\/em>:<\/p>\n<ul>\n<li>Fabriqu\u00e9 \u00e9thiquement en Inde<\/li>\n<\/ul>\n<p><strong>Label(s):<\/strong><\/p>\n<ul>\n<li><strong>Tencel\u2122 Modal<\/strong><\/li>\n<\/ul>\n<p><em><strong>Conseil taille<\/strong><\/em>: ce mod\u00e8le taille normalement, prenez votre taille habituelle.\u00a0<\/p>\n<p><strong><em>Entretien<\/em><\/strong>: lavez \u00e0 20\u00b0C en machine ou \u00e0 froid.<\/p>\n","protected":false},"excerpt":{"rendered":"<p>Superbe tee-shirt \u00e0 manches longues de couleur noir. Compos\u00e9 de modal, son tissu est tr\u00e8s agr\u00e9able ! Tee-shirt manches longues noir Coupe ajust\u00e9e Mati\u00e8re douce et fluide Col rond ouvert Composition: 95 % modal Tencel 5 % \u00e9lasthanne Le\u00a0Modal est un tissu issu de cellulose de bois de h\u00eatre qui a des propri\u00e9t\u00e9s respirantes et [&hellip;]<\/p>\n","protected":false},"featured_media":2458877,"comment_status":"open","ping_status":"closed","template":"","meta":[],"product_brand":[],"product_cat":[1756,1762],"product_tag":[1810],"acf":[],"_links":{"self":[{"href":"https:\/\/streetmarkets.fr\/app\/wp-json\/wp\/v2\/product\/2458876"}],"collection":[{"href":"https:\/\/streetmarkets.fr\/app\/wp-json\/wp\/v2\/product"}],"about":[{"href":"https:\/\/streetmarkets.fr\/app\/wp-json\/wp\/v2\/types\/product"}],"replies":[{"embeddable":true,"href":"https:\/\/streetmarkets.fr\/app\/wp-json\/wp\/v2\/comments?post=2458876"}],"wp:featuredmedia":[{"embeddable":true,"href":"https:\/\/streetmarkets.fr\/app\/wp-json\/wp\/v2\/media\/2458877"}],"wp:attachment":[{"href":"https:\/\/streetmarkets.fr\/app\/wp-json\/wp\/v2\/media?parent=2458876"}],"wp:term":[{"taxonomy":"product_brand","embeddable":true,"href":"https:\/\/streetmarkets.fr\/app\/wp-json\/wp\/v2\/product_brand?post=2458876"},{"taxonomy":"product_cat","embeddable":true,"href":"https:\/\/streetmarkets.fr\/app\/wp-json\/wp\/v2\/product_cat?post=2458876"},{"taxonomy":"product_tag","embeddable":true,"href":"https:\/\/streetmarkets.fr\/app\/wp-json\/wp\/v2\/product_tag?post=2458876"}],"curies":[{"name":"wp","href":"https:\/\/api.w.org\/{rel}","templated":true}]}}