{"id":2458861,"date":"2025-08-15T01:49:39","date_gmt":"2025-08-14T23:49:39","guid":{"rendered":"https:\/\/streetmarkets.fr\/app\/produit\/chemise-bleue-nuit-skfk\/"},"modified":"2025-08-17T01:46:15","modified_gmt":"2025-08-16T23:46:15","slug":"chemise-bleue-nuit-skfk","status":"publish","type":"product","link":"https:\/\/streetmarkets.fr\/app\/produit\/chemise-bleue-nuit-skfk\/","title":{"rendered":"Chemise bleue nuit SKFK"},"content":{"rendered":"<p>SKFK signe ici cette chemise tr\u00e8s classe, id\u00e9ale pour un style \u00e0 la fois responsable et raffin\u00e9. Disponible en boutique, chez Coco Friendly.<\/p>\n<p>SKFK signe ici cette chemise tr\u00e8s classe, id\u00e9ale pour un style \u00e0 la fois responsable et raffin\u00e9. Disponible en boutique, chez Coco Friendly.<\/p>\n<ul>\n<li>Chemise en denim courte<\/li>\n<li>Sans manches<\/li>\n<li>Col crois\u00e9 avec revers en dentelle<\/li>\n<\/ul>\n<p><strong><em>Composition:<\/em><\/strong><strong><em><\/em><\/strong><\/p>\n<ul>\n<li>100% coton biologique certifi\u00e9 GOTS<\/li>\n<li>Le coton biologique certifi\u00e9 GOTS contribue \u00e0 \u00e9conomiser de l&#8217;eau, \u00e0 pr\u00e9server la sant\u00e9 des travailleurs ainsi que la biodiversit\u00e9, pour les g\u00e9n\u00e9rations \u00e0 venir.\u00a0<\/li>\n<\/ul>\n<p><em><strong>Fabrication:\u00a0<\/strong><\/em><\/p>\n<ul>\n<li>Fabriqu\u00e9 \u00e9thiquement en Inde<\/li>\n<\/ul>\n<p><em><strong>Label(s):<\/strong><\/em><\/p>\n<ul>\n<li><strong>GOTS<\/strong>(Global Organic Textile Standard) sur toute la cha\u00eene de production, de la culture du coton aux finitions.<\/li>\n<\/ul>\n<p><em><strong>Conseil taille:<\/strong>\u00a0<\/em>ce mod\u00e8le taille normalement.<\/p>\n<\/p>\n<p><strong><em>Entretien:<\/em><\/strong> lavez \u00e0 30\u00b0C en machine \u00e0 l&#8217;envers.<\/p>\n","protected":false},"excerpt":{"rendered":"<p>SKFK signe ici cette chemise tr\u00e8s classe, id\u00e9ale pour un style \u00e0 la fois responsable et raffin\u00e9. Disponible en boutique, chez Coco Friendly. SKFK signe ici cette chemise tr\u00e8s classe, id\u00e9ale pour un style \u00e0 la fois responsable et raffin\u00e9. Disponible en boutique, chez Coco Friendly. Chemise en denim courte Sans manches Col crois\u00e9 avec [&hellip;]<\/p>\n","protected":false},"featured_media":2458862,"comment_status":"open","ping_status":"closed","template":"","meta":[],"product_brand":[],"product_cat":[1756,1762],"product_tag":[1810],"acf":[],"_links":{"self":[{"href":"https:\/\/streetmarkets.fr\/app\/wp-json\/wp\/v2\/product\/2458861"}],"collection":[{"href":"https:\/\/streetmarkets.fr\/app\/wp-json\/wp\/v2\/product"}],"about":[{"href":"https:\/\/streetmarkets.fr\/app\/wp-json\/wp\/v2\/types\/product"}],"replies":[{"embeddable":true,"href":"https:\/\/streetmarkets.fr\/app\/wp-json\/wp\/v2\/comments?post=2458861"}],"wp:featuredmedia":[{"embeddable":true,"href":"https:\/\/streetmarkets.fr\/app\/wp-json\/wp\/v2\/media\/2458862"}],"wp:attachment":[{"href":"https:\/\/streetmarkets.fr\/app\/wp-json\/wp\/v2\/media?parent=2458861"}],"wp:term":[{"taxonomy":"product_brand","embeddable":true,"href":"https:\/\/streetmarkets.fr\/app\/wp-json\/wp\/v2\/product_brand?post=2458861"},{"taxonomy":"product_cat","embeddable":true,"href":"https:\/\/streetmarkets.fr\/app\/wp-json\/wp\/v2\/product_cat?post=2458861"},{"taxonomy":"product_tag","embeddable":true,"href":"https:\/\/streetmarkets.fr\/app\/wp-json\/wp\/v2\/product_tag?post=2458861"}],"curies":[{"name":"wp","href":"https:\/\/api.w.org\/{rel}","templated":true}]}}