{"id":2458828,"date":"2025-08-15T01:49:34","date_gmt":"2025-08-14T23:49:34","guid":{"rendered":"https:\/\/streetmarkets.fr\/app\/produit\/bottines-joelle-suede-velours-cognac\/"},"modified":"2025-08-17T01:46:15","modified_gmt":"2025-08-16T23:46:15","slug":"bottines-joelle-suede-velours-cognac","status":"publish","type":"product","link":"https:\/\/streetmarkets.fr\/app\/produit\/bottines-joelle-suede-velours-cognac\/","title":{"rendered":"Bottines Joelle Su\u00e8de Velours Cognac"},"content":{"rendered":"<p>Bottines Joelle en su\u00e8de et velours cognac et bordeaux. Bottines montantes d&#8217;inspiration montagnarde retro. Aussi faciles \u00e0 porter que confortables. Fabriqu\u00e9es au Portugal.<\/p>\n<p>Les bottines Joelle ont ce look insaisissable, \u00e0 la crois\u00e9e du monde des montagnes et celui de la ville. Parfait pour vous accompagner cet hiver! Cette bottine montante, aux semelles tout terrain et lacets style alpiniste retro sera tr\u00e8s jolie avec une jupe courte, une robe longue boh\u00e8me ou encore un pantalon wide leg par exemple \u2b50<\/p>\n<ul>\n<li>Bottines Joelle en su\u00e8de et velours cognac et bordeaux<\/li>\n<li style=\"border:0px;font-style:inherit;font-weight:inherit;margin:0px;padding:0px;vertical-align:baseline\">Style bottines de montagne retro<\/li>\n<li style=\"border:0px;font-style:inherit;font-weight:inherit;margin:0px;padding:0px;vertical-align:baseline\">Lacets \u00e0 crochets<\/li>\n<li style=\"border:0px;font-style:inherit;font-weight:inherit;margin:0px;padding:0px;vertical-align:baseline\">Hauteur de talon parfaite: 4,5 cm. Id\u00e9al au quotidien \ud83d\ude42<\/li>\n<\/ul>\n<p><strong><em>Composition<\/em><\/strong>:\u00a0<\/p>\n<ul>\n<li style=\"border:0px;font-style:inherit;font-weight:inherit;margin:0px;padding:0px;vertical-align:baseline\">Su\u00e8de et textile de vachette de Conceria Zabri en Italie et Texpiel en Espagne<\/li>\n<li style=\"border:0px;font-style:inherit;font-weight:inherit;margin:0px;padding:0px;vertical-align:baseline\">Doublure en mesh<\/li>\n<li style=\"border:0px;font-style:inherit;font-weight:inherit;margin:0px;padding:0px;vertical-align:baseline\">Semelle int\u00e9rieure en cuir de ch\u00e8vre<\/li>\n<li style=\"border:0px;font-style:inherit;font-weight:inherit;margin:0px;padding:0px;vertical-align:baseline\">Semelle ext\u00e9rieure en caoutchouc<\/li>\n<li style=\"border:0px;font-style:inherit;font-weight:inherit;margin:0px;padding:0px;vertical-align:baseline\">Construction soud\u00e9e<\/li>\n<\/ul>\n<p><em><strong>Fabrication:<\/strong><\/em><\/p>\n<ul>\n<li>Dessin\u00e9es \u00e0 Paris<\/li>\n<li>Fabriqu\u00e9es au Portugal<\/li>\n<\/ul>\n<p><strong><em>Conseil taille<\/em><\/strong>: ce mod\u00e8le taille normalement, vous pouvez prendre votre taille habituelle. Si vous avez un doute sur la pointure, contactez-nous \u00e0 juliette@coco-friendly.com.<\/p>\n<\/p>\n<p><strong><em>Entretien<\/em><\/strong>: Imperm\u00e9abiliser les chaussures avant la premi\u00e8re utilisation pour les prot\u00e9ger de la pluie et des t\u00e2ches. Renouveler cette op\u00e9ration r\u00e9guli\u00e8rement au cours de la saison. Si une t\u00e2che s&#8217;invite, frotter la \u00e0 l&#8217;aide d&#8217;une gomme \u00e0 daim ou d&#8217;une brosse en cr\u00eape.<\/p>\n","protected":false},"excerpt":{"rendered":"<p>Bottines Joelle en su\u00e8de et velours cognac et bordeaux. Bottines montantes d&#8217;inspiration montagnarde retro. Aussi faciles \u00e0 porter que confortables. Fabriqu\u00e9es au Portugal. Les bottines Joelle ont ce look insaisissable, \u00e0 la crois\u00e9e du monde des montagnes et celui de la ville. Parfait pour vous accompagner cet hiver! Cette bottine montante, aux semelles tout terrain [&hellip;]<\/p>\n","protected":false},"featured_media":2458829,"comment_status":"open","ping_status":"closed","template":"","meta":[],"product_brand":[],"product_cat":[1756,1763],"product_tag":[1810],"acf":[],"_links":{"self":[{"href":"https:\/\/streetmarkets.fr\/app\/wp-json\/wp\/v2\/product\/2458828"}],"collection":[{"href":"https:\/\/streetmarkets.fr\/app\/wp-json\/wp\/v2\/product"}],"about":[{"href":"https:\/\/streetmarkets.fr\/app\/wp-json\/wp\/v2\/types\/product"}],"replies":[{"embeddable":true,"href":"https:\/\/streetmarkets.fr\/app\/wp-json\/wp\/v2\/comments?post=2458828"}],"wp:featuredmedia":[{"embeddable":true,"href":"https:\/\/streetmarkets.fr\/app\/wp-json\/wp\/v2\/media\/2458829"}],"wp:attachment":[{"href":"https:\/\/streetmarkets.fr\/app\/wp-json\/wp\/v2\/media?parent=2458828"}],"wp:term":[{"taxonomy":"product_brand","embeddable":true,"href":"https:\/\/streetmarkets.fr\/app\/wp-json\/wp\/v2\/product_brand?post=2458828"},{"taxonomy":"product_cat","embeddable":true,"href":"https:\/\/streetmarkets.fr\/app\/wp-json\/wp\/v2\/product_cat?post=2458828"},{"taxonomy":"product_tag","embeddable":true,"href":"https:\/\/streetmarkets.fr\/app\/wp-json\/wp\/v2\/product_tag?post=2458828"}],"curies":[{"name":"wp","href":"https:\/\/api.w.org\/{rel}","templated":true}]}}