{"id":2458702,"date":"2025-08-15T01:48:54","date_gmt":"2025-08-14T23:48:54","guid":{"rendered":"https:\/\/streetmarkets.fr\/app\/produit\/top-col-rond-bleu-nuit-cotele\/"},"modified":"2025-08-17T01:45:49","modified_gmt":"2025-08-16T23:45:49","slug":"top-col-rond-bleu-nuit-cotele","status":"publish","type":"product","link":"https:\/\/streetmarkets.fr\/app\/produit\/top-col-rond-bleu-nuit-cotele\/","title":{"rendered":"Top Col Rond Bleu Nuit C\u00f4tel\u00e9"},"content":{"rendered":"<p>Top jersey de coton c\u00f4tel\u00e9 bleu nuit, col rond, coupe ajust\u00e9e. Tout doux sur la peau. Coton biologique GOTS, fabrication commerce \u00e9quitable.<\/p>\n<p>Un basique bien coup\u00e9 et tout doux, voil\u00e0 le top \u00e0 col rond et manches longues c\u00f4tel\u00e9, couleur bleu nuit, quasi noir. <em>Existe dans d&#8217;autres coloris.<\/em><\/p>\n<ul>\n<li><span style=\"text-align:justify\">Top bleu nuit, quasi noir<\/span><\/li>\n<li><span style=\"text-align:justify\">Col rond<\/span><\/li>\n<li><span style=\"text-align:justify\">Manches longues<\/span><span style=\"text-align:justify\"><\/span><\/li>\n<li><span style=\"text-align:justify\">Coupe pr\u00e8s du corps<\/span><\/li>\n<li><span style=\"text-align:justify\">Jersey de coton c\u00f4tel\u00e9<\/span><\/li>\n<\/ul>\n<p><span style=\"text-align:justify\"><\/span><\/p>\n<p><strong><em>Composition<\/em>:<\/strong><\/p>\n<ul>\n<li>95 % coton biologique certifi\u00e9 GOTS<\/li>\n<li>5 % \u00e9lasthanne<\/li>\n<li>Le coton biologique certifi\u00e9 GOTS contribue \u00e0 \u00e9conomiser de l\u2019eau, \u00e0 pr\u00e9server la sant\u00e9 des travailleurs ainsi que la biodiversit\u00e9, pour les g\u00e9n\u00e9rations \u00e0 venir.<\/li>\n<\/ul>\n<p><em><strong>Fabrication<\/strong><\/em>:<\/p>\n<ul>\n<li>Fabriqu\u00e9 \u00e9thiquement en Inde<\/li>\n<\/ul>\n<p><em><strong>Label(s)<\/strong><\/em>:\u00a0<\/p>\n<ul>\n<li style=\"text-align:left\"><strong>GOTS<\/strong>\u00a0(Global Organic Textile Standard) sur tout la cha\u00eene de production, de la culture du coton aux finitions.<\/li>\n<\/ul>\n<p><em><strong>Conseil taille<\/strong><\/em>: ce mod\u00e8le taille normalement, prenez votre taille habituelle.<\/p>\n<p><strong><em>Entretien<\/em><\/strong>: lavez \u00e0 30\u00b0C en machine.<\/p>\n","protected":false},"excerpt":{"rendered":"<p>Top jersey de coton c\u00f4tel\u00e9 bleu nuit, col rond, coupe ajust\u00e9e. Tout doux sur la peau. Coton biologique GOTS, fabrication commerce \u00e9quitable. Un basique bien coup\u00e9 et tout doux, voil\u00e0 le top \u00e0 col rond et manches longues c\u00f4tel\u00e9, couleur bleu nuit, quasi noir. Existe dans d&#8217;autres coloris. Top bleu nuit, quasi noir Col rond [&hellip;]<\/p>\n","protected":false},"featured_media":2458703,"comment_status":"open","ping_status":"closed","template":"","meta":[],"product_brand":[],"product_cat":[1756,1762],"product_tag":[1810],"acf":[],"_links":{"self":[{"href":"https:\/\/streetmarkets.fr\/app\/wp-json\/wp\/v2\/product\/2458702"}],"collection":[{"href":"https:\/\/streetmarkets.fr\/app\/wp-json\/wp\/v2\/product"}],"about":[{"href":"https:\/\/streetmarkets.fr\/app\/wp-json\/wp\/v2\/types\/product"}],"replies":[{"embeddable":true,"href":"https:\/\/streetmarkets.fr\/app\/wp-json\/wp\/v2\/comments?post=2458702"}],"wp:featuredmedia":[{"embeddable":true,"href":"https:\/\/streetmarkets.fr\/app\/wp-json\/wp\/v2\/media\/2458703"}],"wp:attachment":[{"href":"https:\/\/streetmarkets.fr\/app\/wp-json\/wp\/v2\/media?parent=2458702"}],"wp:term":[{"taxonomy":"product_brand","embeddable":true,"href":"https:\/\/streetmarkets.fr\/app\/wp-json\/wp\/v2\/product_brand?post=2458702"},{"taxonomy":"product_cat","embeddable":true,"href":"https:\/\/streetmarkets.fr\/app\/wp-json\/wp\/v2\/product_cat?post=2458702"},{"taxonomy":"product_tag","embeddable":true,"href":"https:\/\/streetmarkets.fr\/app\/wp-json\/wp\/v2\/product_tag?post=2458702"}],"curies":[{"name":"wp","href":"https:\/\/api.w.org\/{rel}","templated":true}]}}