{"id":2458693,"date":"2025-08-15T01:48:53","date_gmt":"2025-08-14T23:48:53","guid":{"rendered":"https:\/\/streetmarkets.fr\/app\/produit\/baskets-maxence-cognac-creme-sapin\/"},"modified":"2025-08-17T01:45:48","modified_gmt":"2025-08-16T23:45:48","slug":"baskets-maxence-cognac-creme-sapin","status":"publish","type":"product","link":"https:\/\/streetmarkets.fr\/app\/produit\/baskets-maxence-cognac-creme-sapin\/","title":{"rendered":"Baskets Maxence Cognac Cr\u00e8me Sapin"},"content":{"rendered":"<p>Baskets Maxence vegan. Un max de style qui rime avec \u00e9l\u00e9gance. Une superbe basket basse \u00e0 semelle \u00e9paisse. Fabriqu\u00e9es au Portugal.<\/p>\n<p>Les baskets Maxence, version vegan, couleurs cognac, cr\u00e8me et sapin. Dot\u00e9es d&#8217;une semelle de 2,5cm, ces baskets vous feront prendre de la hauteur avec la bonne dose de cool qui les caract\u00e9rise.<\/p>\n<p>Pourquoi la marque les a appel\u00e9es Maxence ? Un\u00a0<em>max<\/em>\u00a0de style qui rime avec\u00a0<em>\u00e9l\u00e9gance\u00a0<\/em>\ud83e\udd2a. La semelle int\u00e9rieure en mesh est respirante et confortable. La semelle ext\u00e9rieure a \u00e9t\u00e9 con\u00e7ue \u00e0 partir d&#8217;anciennes baskets recycl\u00e9es.<\/p>\n<ul>\n<li>Baskets basses semelle \u00e9paisse<\/li>\n<li>Hauteur de la semelle : 2,5cm<\/li>\n<\/ul>\n<p><strong><em>Composition<\/em><\/strong>:\u00a0<\/p>\n<ul>\n<li>Tige en su\u00e8de et velours, certifi\u00e9 LWG, d&#8217;origine espagnole et portugaise<\/li>\n<li>Semelle ext\u00e9rieure en gomme et chaussures recycl\u00e9es cousue Strobel<\/li>\n<li>Doublure en mesh<\/li>\n<li>Semelle int\u00e9rieure en mesh<\/li>\n<li>Lacets en coton biologique<span style=\"color:#252929;font-family:Calibre, sans-serif;font-size:14px;background-color:#ffffff\"><\/span><\/li>\n<\/ul>\n<p><strong><em>Fabrication<\/em><\/strong>:<\/p>\n<ul>\n<li>Dessin\u00e9es \u00e0 Paris<\/li>\n<li>Fabriqu\u00e9es au Portugal<\/li>\n<\/ul>\n<p><strong><em>Conseil taille<\/em><\/strong>: ce mod\u00e8le taille normalement, vous pouvez prendre votre taille habituelle. Si vous \u00eates entre deux tailles, optez pour la plus grande.<\/p>\n<\/p>\n<p><strong><em>Entretien<\/em><\/strong>: Appliquez un spray imperm\u00e9abilisant avant la premi\u00e8re utilisation pour prot\u00e9ger la chaussure. Vous pouvez r\u00e9p\u00e9ter cette op\u00e9ration r\u00e9guli\u00e8rement. Apr\u00e8s plusieurs utilisations, si les couleurs s&#8217;estompent, utilisez un raviveur de couleur.<\/p>\n","protected":false},"excerpt":{"rendered":"<p>Baskets Maxence vegan. Un max de style qui rime avec \u00e9l\u00e9gance. Une superbe basket basse \u00e0 semelle \u00e9paisse. Fabriqu\u00e9es au Portugal. Les baskets Maxence, version vegan, couleurs cognac, cr\u00e8me et sapin. Dot\u00e9es d&#8217;une semelle de 2,5cm, ces baskets vous feront prendre de la hauteur avec la bonne dose de cool qui les caract\u00e9rise. Pourquoi la [&hellip;]<\/p>\n","protected":false},"featured_media":2458694,"comment_status":"open","ping_status":"closed","template":"","meta":[],"product_brand":[],"product_cat":[1756,1763],"product_tag":[1810],"acf":[],"_links":{"self":[{"href":"https:\/\/streetmarkets.fr\/app\/wp-json\/wp\/v2\/product\/2458693"}],"collection":[{"href":"https:\/\/streetmarkets.fr\/app\/wp-json\/wp\/v2\/product"}],"about":[{"href":"https:\/\/streetmarkets.fr\/app\/wp-json\/wp\/v2\/types\/product"}],"replies":[{"embeddable":true,"href":"https:\/\/streetmarkets.fr\/app\/wp-json\/wp\/v2\/comments?post=2458693"}],"wp:featuredmedia":[{"embeddable":true,"href":"https:\/\/streetmarkets.fr\/app\/wp-json\/wp\/v2\/media\/2458694"}],"wp:attachment":[{"href":"https:\/\/streetmarkets.fr\/app\/wp-json\/wp\/v2\/media?parent=2458693"}],"wp:term":[{"taxonomy":"product_brand","embeddable":true,"href":"https:\/\/streetmarkets.fr\/app\/wp-json\/wp\/v2\/product_brand?post=2458693"},{"taxonomy":"product_cat","embeddable":true,"href":"https:\/\/streetmarkets.fr\/app\/wp-json\/wp\/v2\/product_cat?post=2458693"},{"taxonomy":"product_tag","embeddable":true,"href":"https:\/\/streetmarkets.fr\/app\/wp-json\/wp\/v2\/product_tag?post=2458693"}],"curies":[{"name":"wp","href":"https:\/\/api.w.org\/{rel}","templated":true}]}}