{"id":2458687,"date":"2025-08-15T01:48:53","date_gmt":"2025-08-14T23:48:53","guid":{"rendered":"https:\/\/streetmarkets.fr\/app\/produit\/coffret-chaussettes-zebre-marron-dore\/"},"modified":"2025-08-17T01:45:48","modified_gmt":"2025-08-16T23:45:48","slug":"coffret-chaussettes-zebre-marron-dore","status":"publish","type":"product","link":"https:\/\/streetmarkets.fr\/app\/produit\/coffret-chaussettes-zebre-marron-dore\/","title":{"rendered":"Coffret Chaussettes Z\u00e8bre Marron Dor\u00e9"},"content":{"rendered":"<p>Coffret de trois chaussettes avec motif petits c\u0153urs et unies. Tons noir et beige.<\/p>\n<p>Coffret de trois chaussettes avec motif z\u00e8bre et unies dans des tons marrons et dor\u00e9s. Qui a dit qu&#8217;il fallait cacher ses chaussettes ?<\/p>\n<p><em><strong>Composition :<\/strong><\/em><\/p>\n<ul>\n<li>Chaussettes 1 et 3 : 40% polyester, 27% acrylique, 18% polyamide, 6% laine, 5% fibres m\u00e9tallis\u00e9es, 3% \u00e9lasthanne<\/li>\n<li>Chaussettes 2 : 75% coton, 22% polyester, 3% \u00e9lasthanne<\/li>\n<\/ul>\n<p><em><strong>Fabrication :\u00a0<\/strong><\/em>Fabriqu\u00e9es en Chine dans un atelier audit\u00e9<\/p>\n<p><em><strong>Entretien :<\/strong><\/em> Premier lavage \u00e0 la main, puis \u00e0 30\u00b0 au maximum<\/p>\n","protected":false},"excerpt":{"rendered":"<p>Coffret de trois chaussettes avec motif petits c\u0153urs et unies. Tons noir et beige. Coffret de trois chaussettes avec motif z\u00e8bre et unies dans des tons marrons et dor\u00e9s. Qui a dit qu&#8217;il fallait cacher ses chaussettes ? Composition : Chaussettes 1 et 3 : 40% polyester, 27% acrylique, 18% polyamide, 6% laine, 5% fibres [&hellip;]<\/p>\n","protected":false},"featured_media":2458688,"comment_status":"open","ping_status":"closed","template":"","meta":[],"product_brand":[],"product_cat":[1756,1764],"product_tag":[1810],"acf":[],"_links":{"self":[{"href":"https:\/\/streetmarkets.fr\/app\/wp-json\/wp\/v2\/product\/2458687"}],"collection":[{"href":"https:\/\/streetmarkets.fr\/app\/wp-json\/wp\/v2\/product"}],"about":[{"href":"https:\/\/streetmarkets.fr\/app\/wp-json\/wp\/v2\/types\/product"}],"replies":[{"embeddable":true,"href":"https:\/\/streetmarkets.fr\/app\/wp-json\/wp\/v2\/comments?post=2458687"}],"wp:featuredmedia":[{"embeddable":true,"href":"https:\/\/streetmarkets.fr\/app\/wp-json\/wp\/v2\/media\/2458688"}],"wp:attachment":[{"href":"https:\/\/streetmarkets.fr\/app\/wp-json\/wp\/v2\/media?parent=2458687"}],"wp:term":[{"taxonomy":"product_brand","embeddable":true,"href":"https:\/\/streetmarkets.fr\/app\/wp-json\/wp\/v2\/product_brand?post=2458687"},{"taxonomy":"product_cat","embeddable":true,"href":"https:\/\/streetmarkets.fr\/app\/wp-json\/wp\/v2\/product_cat?post=2458687"},{"taxonomy":"product_tag","embeddable":true,"href":"https:\/\/streetmarkets.fr\/app\/wp-json\/wp\/v2\/product_tag?post=2458687"}],"curies":[{"name":"wp","href":"https:\/\/api.w.org\/{rel}","templated":true}]}}