{"id":2458657,"date":"2025-08-15T01:48:49","date_gmt":"2025-08-14T23:48:49","guid":{"rendered":"https:\/\/streetmarkets.fr\/app\/produit\/gilet-de-tailleur-noir\/"},"modified":"2025-08-17T01:45:48","modified_gmt":"2025-08-16T23:45:48","slug":"gilet-de-tailleur-noir","status":"publish","type":"product","link":"https:\/\/streetmarkets.fr\/app\/produit\/gilet-de-tailleur-noir\/","title":{"rendered":"Gilet de Tailleur Noir"},"content":{"rendered":"<p>Ce gilet sans manche aussi appel\u00e9 gilet de tailleur noir sera parfait \u00e0 m\u00eame la peau ou port\u00e9 sur une chemise ou un pull. Pi\u00e8ce sophistiqu\u00e9e et parfaitement coup\u00e9e, on aimera la porter ann\u00e9e apr\u00e8s ann\u00e9e!<\/p>\n<ul>\n<li><span style=\"text-align:justify\">Gilet de tailleur noir<\/span><\/li>\n<li><span style=\"text-align:justify\">Coupe ajust\u00e9e<\/span><\/li>\n<li><span style=\"text-align:justify\">Sans manche<\/span><\/li>\n<li>Encolure en V<\/li>\n<li>Boutonnage sur le devant<\/li>\n<li>Jersey de coton biologique et polyamide recycl\u00e9<\/li>\n<\/ul>\n<p><strong><em>Composition<\/em>:<\/strong><\/p>\n<ul>\n<li>70 % coton biologique certifi\u00e9 GOTS\u00a0<\/li>\n<li>30 % polyamide recycl\u00e9<\/li>\n<\/ul>\n<p><em>Le coton biologique certifi\u00e9 GOTS contribue \u00e0 \u00e9conomiser de l\u2019eau, \u00e0 pr\u00e9server la sant\u00e9 des travailleurs ainsi que la biodiversit\u00e9, pour les g\u00e9n\u00e9rations \u00e0 venir.<\/em><\/p>\n<\/p>\n<p><em><strong>Fabrication<\/strong><\/em>:<\/p>\n<ul>\n<li>Fabriqu\u00e9 \u00e9thiquement \u00e0 Istamboul en Turquie, par l&#8217;entreprise Bera Tekstil Triko Imalat Ithalat Ihracat San. Tic. Ltd. Sti<\/li>\n<\/ul>\n<p><em><strong>Label(s)<\/strong><\/em>:\u00a0<\/p>\n<ul>\n<li style=\"text-align:left\"><b>Vegan Peta approved<\/b><\/li>\n<\/ul>\n<p><em><strong>Conseil taille<\/strong><\/em>: ce mod\u00e8le taille normalement, optez pour votre taille habituelle.\u00a0<\/p>\n<p><strong><em>Entretien<\/em><\/strong>: lavez \u00e0 30\u00b0C en machine.<\/p>\n","protected":false},"excerpt":{"rendered":"<p>Ce gilet sans manche aussi appel\u00e9 gilet de tailleur noir sera parfait \u00e0 m\u00eame la peau ou port\u00e9 sur une chemise ou un pull. Pi\u00e8ce sophistiqu\u00e9e et parfaitement coup\u00e9e, on aimera la porter ann\u00e9e apr\u00e8s ann\u00e9e! Gilet de tailleur noir Coupe ajust\u00e9e Sans manche Encolure en V Boutonnage sur le devant Jersey de coton biologique [&hellip;]<\/p>\n","protected":false},"featured_media":2458658,"comment_status":"open","ping_status":"closed","template":"","meta":[],"product_brand":[],"product_cat":[1756,1762],"product_tag":[1810],"acf":[],"_links":{"self":[{"href":"https:\/\/streetmarkets.fr\/app\/wp-json\/wp\/v2\/product\/2458657"}],"collection":[{"href":"https:\/\/streetmarkets.fr\/app\/wp-json\/wp\/v2\/product"}],"about":[{"href":"https:\/\/streetmarkets.fr\/app\/wp-json\/wp\/v2\/types\/product"}],"replies":[{"embeddable":true,"href":"https:\/\/streetmarkets.fr\/app\/wp-json\/wp\/v2\/comments?post=2458657"}],"wp:featuredmedia":[{"embeddable":true,"href":"https:\/\/streetmarkets.fr\/app\/wp-json\/wp\/v2\/media\/2458658"}],"wp:attachment":[{"href":"https:\/\/streetmarkets.fr\/app\/wp-json\/wp\/v2\/media?parent=2458657"}],"wp:term":[{"taxonomy":"product_brand","embeddable":true,"href":"https:\/\/streetmarkets.fr\/app\/wp-json\/wp\/v2\/product_brand?post=2458657"},{"taxonomy":"product_cat","embeddable":true,"href":"https:\/\/streetmarkets.fr\/app\/wp-json\/wp\/v2\/product_cat?post=2458657"},{"taxonomy":"product_tag","embeddable":true,"href":"https:\/\/streetmarkets.fr\/app\/wp-json\/wp\/v2\/product_tag?post=2458657"}],"curies":[{"name":"wp","href":"https:\/\/api.w.org\/{rel}","templated":true}]}}