{"id":2458643,"date":"2025-08-15T01:48:47","date_gmt":"2025-08-14T23:48:47","guid":{"rendered":"https:\/\/streetmarkets.fr\/app\/produit\/tee-shirt-bleu-indigofera-unisexe\/"},"modified":"2025-08-17T01:45:48","modified_gmt":"2025-08-16T23:45:48","slug":"tee-shirt-bleu-indigofera-unisexe","status":"publish","type":"product","link":"https:\/\/streetmarkets.fr\/app\/produit\/tee-shirt-bleu-indigofera-unisexe\/","title":{"rendered":"Tee-shirt Bleu Indigofera Unisexe"},"content":{"rendered":"<p>Tee-shirt unisexe \u00e0 manches courtes bleu indigofera. La teinture est r\u00e9alis\u00e9e avec des v\u00e9g\u00e9taux. Coupe d\u00e9contract\u00e9e, col rond. 100 % coton biologique GOTS.<\/p>\n<p>Tee-shirt unisexe teint\u00e9 d&#8217;une sublime couleur bleue. Les pigments de la teinture sont issus de v\u00e9g\u00e9taux ce qui donne ce rendu lumineux unique. Fabrication portugaise.<\/p>\n<ul>\n<li style=\"text-align:justify\">Tee-shirt bleu indigofera<\/li>\n<li style=\"text-align:justify\">Coupe d\u00e9contract\u00e9<\/li>\n<li><span style=\"text-align:justify\">Col rond<\/span><\/li>\n<li>Manches courtes<\/li>\n<li>Mod\u00e8le unisexe<\/li>\n<li>Jersey de coton biologique\u00a0<\/li>\n<li>Teinture \u00e0 base de v\u00e9g\u00e9taux<\/li>\n<\/ul>\n<p><span style=\"text-align:justify\"><\/span><\/p>\n<p><strong><em>Composition<\/em>:<\/strong><\/p>\n<ul>\n<li>100 % coton biologique certifi\u00e9 GOTS<\/li>\n<li>Le coton biologique certifi\u00e9 GOTS contribue \u00e0 \u00e9conomiser de l\u2019eau, \u00e0 pr\u00e9server la sant\u00e9 des travailleurs ainsi que la biodiversit\u00e9, pour les g\u00e9n\u00e9rations \u00e0 venir.<\/li>\n<\/ul>\n<p><em><strong>Fabrication<\/strong><\/em>:<\/p>\n<ul>\n<li>Fabriqu\u00e9 \u00e9thiquement au Portugal.<\/li>\n<\/ul>\n<p><em><strong>Label(s)<\/strong><\/em>:\u00a0<\/p>\n<ul>\n<li style=\"text-align:left\"><strong>GOTS<\/strong>\u00a0(Global Organic Textile Standard) sur tout la cha\u00eene de production, de la culture du coton aux finitions.<\/li>\n<\/ul>\n<p><em><strong>Conseil taille<\/strong><\/em>: ce mod\u00e8le taille normalement, prenez votre taille habituelle. Le mannequin mesure 1,88m et porte une taille M.<\/p>\n<p><strong><em>Entretien<\/em><\/strong>: lavez \u00e0 30\u00b0C en machine.<a href=\"https:\/\/thinkingmu.com\/en\/\" style=\"background-color:transparent;color:#b1c2b2\"><\/a><\/p>\n","protected":false},"excerpt":{"rendered":"<p>Tee-shirt unisexe \u00e0 manches courtes bleu indigofera. La teinture est r\u00e9alis\u00e9e avec des v\u00e9g\u00e9taux. Coupe d\u00e9contract\u00e9e, col rond. 100 % coton biologique GOTS. Tee-shirt unisexe teint\u00e9 d&#8217;une sublime couleur bleue. Les pigments de la teinture sont issus de v\u00e9g\u00e9taux ce qui donne ce rendu lumineux unique. Fabrication portugaise. Tee-shirt bleu indigofera Coupe d\u00e9contract\u00e9 Col rond [&hellip;]<\/p>\n","protected":false},"featured_media":2458645,"comment_status":"open","ping_status":"closed","template":"","meta":[],"product_brand":[],"product_cat":[1756,1762],"product_tag":[1810],"acf":[],"_links":{"self":[{"href":"https:\/\/streetmarkets.fr\/app\/wp-json\/wp\/v2\/product\/2458643"}],"collection":[{"href":"https:\/\/streetmarkets.fr\/app\/wp-json\/wp\/v2\/product"}],"about":[{"href":"https:\/\/streetmarkets.fr\/app\/wp-json\/wp\/v2\/types\/product"}],"replies":[{"embeddable":true,"href":"https:\/\/streetmarkets.fr\/app\/wp-json\/wp\/v2\/comments?post=2458643"}],"wp:featuredmedia":[{"embeddable":true,"href":"https:\/\/streetmarkets.fr\/app\/wp-json\/wp\/v2\/media\/2458645"}],"wp:attachment":[{"href":"https:\/\/streetmarkets.fr\/app\/wp-json\/wp\/v2\/media?parent=2458643"}],"wp:term":[{"taxonomy":"product_brand","embeddable":true,"href":"https:\/\/streetmarkets.fr\/app\/wp-json\/wp\/v2\/product_brand?post=2458643"},{"taxonomy":"product_cat","embeddable":true,"href":"https:\/\/streetmarkets.fr\/app\/wp-json\/wp\/v2\/product_cat?post=2458643"},{"taxonomy":"product_tag","embeddable":true,"href":"https:\/\/streetmarkets.fr\/app\/wp-json\/wp\/v2\/product_tag?post=2458643"}],"curies":[{"name":"wp","href":"https:\/\/api.w.org\/{rel}","templated":true}]}}