{"id":2458634,"date":"2025-08-15T01:48:47","date_gmt":"2025-08-14T23:48:47","guid":{"rendered":"https:\/\/streetmarkets.fr\/app\/produit\/coffret-chaussettes-petit-coeur-noir-dore\/"},"modified":"2025-08-17T01:45:48","modified_gmt":"2025-08-16T23:45:48","slug":"coffret-chaussettes-petit-coeur-noir-dore","status":"publish","type":"product","link":"https:\/\/streetmarkets.fr\/app\/produit\/coffret-chaussettes-petit-coeur-noir-dore\/","title":{"rendered":"Coffret Chaussettes Petit Coeur Noir Dor\u00e9"},"content":{"rendered":"<p>Coffret de trois chaussettes avec motif petits c\u0153urs et unies. Tons noir et beige.<\/p>\n<p>Coffret de trois chaussettes avec motif petit c\u0153ur et unies dans des tons noirs et dor\u00e9s. Qui a dit qu&#8217;il fallait cacher ses chaussettes ?<\/p>\n<p><em><strong>Composition :<\/strong><\/em><\/p>\n<ul>\n<li>41% fibres m\u00e9tallis\u00e9es, 41% polyester, 9% \u00e9lasthanne, 9% polyamide<\/li>\n<\/ul>\n<p><em><strong>Fabrication :\u00a0<\/strong><\/em>Fabriqu\u00e9es en Chine dans un atelier audit\u00e9<\/p>\n<p><em><strong>Entretien :<\/strong><\/em>\u00a0Premier lavage \u00e0 la main, puis \u00e0 30\u00b0 au maximum<\/p>\n","protected":false},"excerpt":{"rendered":"<p>Coffret de trois chaussettes avec motif petits c\u0153urs et unies. Tons noir et beige. Coffret de trois chaussettes avec motif petit c\u0153ur et unies dans des tons noirs et dor\u00e9s. Qui a dit qu&#8217;il fallait cacher ses chaussettes ? Composition : 41% fibres m\u00e9tallis\u00e9es, 41% polyester, 9% \u00e9lasthanne, 9% polyamide Fabrication :\u00a0Fabriqu\u00e9es en Chine dans [&hellip;]<\/p>\n","protected":false},"featured_media":2458635,"comment_status":"open","ping_status":"closed","template":"","meta":[],"product_brand":[],"product_cat":[1756,1764],"product_tag":[1810],"acf":[],"_links":{"self":[{"href":"https:\/\/streetmarkets.fr\/app\/wp-json\/wp\/v2\/product\/2458634"}],"collection":[{"href":"https:\/\/streetmarkets.fr\/app\/wp-json\/wp\/v2\/product"}],"about":[{"href":"https:\/\/streetmarkets.fr\/app\/wp-json\/wp\/v2\/types\/product"}],"replies":[{"embeddable":true,"href":"https:\/\/streetmarkets.fr\/app\/wp-json\/wp\/v2\/comments?post=2458634"}],"wp:featuredmedia":[{"embeddable":true,"href":"https:\/\/streetmarkets.fr\/app\/wp-json\/wp\/v2\/media\/2458635"}],"wp:attachment":[{"href":"https:\/\/streetmarkets.fr\/app\/wp-json\/wp\/v2\/media?parent=2458634"}],"wp:term":[{"taxonomy":"product_brand","embeddable":true,"href":"https:\/\/streetmarkets.fr\/app\/wp-json\/wp\/v2\/product_brand?post=2458634"},{"taxonomy":"product_cat","embeddable":true,"href":"https:\/\/streetmarkets.fr\/app\/wp-json\/wp\/v2\/product_cat?post=2458634"},{"taxonomy":"product_tag","embeddable":true,"href":"https:\/\/streetmarkets.fr\/app\/wp-json\/wp\/v2\/product_tag?post=2458634"}],"curies":[{"name":"wp","href":"https:\/\/api.w.org\/{rel}","templated":true}]}}