{"id":2458624,"date":"2025-08-15T01:48:46","date_gmt":"2025-08-14T23:48:46","guid":{"rendered":"https:\/\/streetmarkets.fr\/app\/produit\/jean-droit-breezy-britt-black-worn\/"},"modified":"2025-08-17T01:45:47","modified_gmt":"2025-08-16T23:45:47","slug":"jean-droit-breezy-britt-black-worn","status":"publish","type":"product","link":"https:\/\/streetmarkets.fr\/app\/produit\/jean-droit-breezy-britt-black-worn\/","title":{"rendered":"Jean Droit Breezy Britt Black Worn"},"content":{"rendered":"<p>Jean coupe droite, taille haute. Toile 100 % coton biologique GOTS, noire &#8220;black worn&#8221;, une teinte l\u00e9g\u00e8rement d\u00e9lav\u00e9e. Jean r\u00e9parable au fil des ann\u00e9es!<\/p>\n<p>Sa coupe droite, confortable et tendance saura parfaitement mettre vos jambes en valeur. Vous adorerez ses finitions haut-de-gamme et la qualit\u00e9 de la toile&#8230; Un jean comme on n&#8217;en fait plus ! Le must : cette pi\u00e8ce est r\u00e9parable au fil des ann\u00e9es. Si vous souhaitez une retouche li\u00e9e \u00e0 l&#8217;usure, contactez-nous !<\/p>\n<ul>\n<li>Jean taille haute, fermeture \u00e0 zip<\/li>\n<li>Coupe droite<\/li>\n<li>Toile noire l\u00e9g\u00e8rement d\u00e9lav\u00e9e lui donnant de tr\u00e8s belle nuances allant du noir absolu au gris fonc\u00e9<\/li>\n<li>Ce sont des tailles am\u00e9ricaines : W28 signifie que c&#8217;est une taille 38<\/li>\n<li>Sur ce mod\u00e8le, la longueur L28 sera id\u00e9ale si vous mesurez moins d&#8217;1m75<\/li>\n<li>Si la toile est un peu rigide au d\u00e9but, elle s&#8217;assouplie dans le temps<\/li>\n<li>Ce produit a n\u00e9cessit\u00e9 l&#8217;usage de 370 L d&#8217;eau<\/li>\n<\/ul>\n<p><strong><em>Composition<\/em>:<\/strong><\/p>\n<ul>\n<li>100 % coton biologique certifi\u00e9 GOTS<\/li>\n<li>Le coton biologique certifi\u00e9 GOTS contribue \u00e0 \u00e9conomiser de l\u2019eau, \u00e0 pr\u00e9server la sant\u00e9 des travailleurs ainsi que la biodiversit\u00e9, pour les g\u00e9n\u00e9rations \u00e0 venir.<\/li>\n<\/ul>\n<p><em><strong>Fabrication<\/strong><\/em>:<\/p>\n<ul>\n<li>Fabriqu\u00e9e en Italie<\/li>\n<\/ul>\n<p><em><strong>Label(s)<\/strong><\/em>:\u00a0<\/p>\n<ul>\n<li style=\"text-align:left\"><strong>GOTS<\/strong>\u00a0(Global Organic Textile Standard) sur tout la cha\u00eene de production, de la culture du coton aux finitions.<\/li>\n<li style=\"text-align:left\"><strong>Fair Wear Foundation<\/strong><\/li>\n<\/ul>\n<p><em><strong>Conseil taille<\/strong><\/em>: ce mod\u00e8le taille normalement, prenez votre taille habituelle. La mannequin mesure 1m79 et porte du W26 L30<\/p>\n<\/p>\n<p><strong><em>Entretien<\/em><\/strong>: lavez \u00e0 30\u00b0C en machine.<\/p>\n","protected":false},"excerpt":{"rendered":"<p>Jean coupe droite, taille haute. Toile 100 % coton biologique GOTS, noire &#8220;black worn&#8221;, une teinte l\u00e9g\u00e8rement d\u00e9lav\u00e9e. Jean r\u00e9parable au fil des ann\u00e9es! Sa coupe droite, confortable et tendance saura parfaitement mettre vos jambes en valeur. Vous adorerez ses finitions haut-de-gamme et la qualit\u00e9 de la toile&#8230; Un jean comme on n&#8217;en fait plus [&hellip;]<\/p>\n","protected":false},"featured_media":2458625,"comment_status":"open","ping_status":"closed","template":"","meta":[],"product_brand":[],"product_cat":[1756,1762],"product_tag":[1810],"acf":[],"_links":{"self":[{"href":"https:\/\/streetmarkets.fr\/app\/wp-json\/wp\/v2\/product\/2458624"}],"collection":[{"href":"https:\/\/streetmarkets.fr\/app\/wp-json\/wp\/v2\/product"}],"about":[{"href":"https:\/\/streetmarkets.fr\/app\/wp-json\/wp\/v2\/types\/product"}],"replies":[{"embeddable":true,"href":"https:\/\/streetmarkets.fr\/app\/wp-json\/wp\/v2\/comments?post=2458624"}],"wp:featuredmedia":[{"embeddable":true,"href":"https:\/\/streetmarkets.fr\/app\/wp-json\/wp\/v2\/media\/2458625"}],"wp:attachment":[{"href":"https:\/\/streetmarkets.fr\/app\/wp-json\/wp\/v2\/media?parent=2458624"}],"wp:term":[{"taxonomy":"product_brand","embeddable":true,"href":"https:\/\/streetmarkets.fr\/app\/wp-json\/wp\/v2\/product_brand?post=2458624"},{"taxonomy":"product_cat","embeddable":true,"href":"https:\/\/streetmarkets.fr\/app\/wp-json\/wp\/v2\/product_cat?post=2458624"},{"taxonomy":"product_tag","embeddable":true,"href":"https:\/\/streetmarkets.fr\/app\/wp-json\/wp\/v2\/product_tag?post=2458624"}],"curies":[{"name":"wp","href":"https:\/\/api.w.org\/{rel}","templated":true}]}}