{"id":2458615,"date":"2025-08-15T01:48:46","date_gmt":"2025-08-14T23:48:46","guid":{"rendered":"https:\/\/streetmarkets.fr\/app\/produit\/boucles-rosa\/"},"modified":"2025-08-17T01:45:47","modified_gmt":"2025-08-16T23:45:47","slug":"boucles-rosa","status":"publish","type":"product","link":"https:\/\/streetmarkets.fr\/app\/produit\/boucles-rosa\/","title":{"rendered":"Boucles Rosa"},"content":{"rendered":"<p><span style=\"color:#333333\"> Une superbe paire de boucles d&#8217;oreilles rondes avec puces \u00e0 enfiler pour n&#8217;importe quelle occasion ! Habillera votre visage \u00e0 merveille \ud83d\ude42<\/span><\/p>\n<ul>\n<li style=\"text-align:justify\">Boucles d&#8217;oreilles rondes \u00e0 puces<\/li>\n<li style=\"text-align:justify\">Perles de culture d&#8217;eau douce, blanc nacr\u00e9<\/li>\n<li style=\"text-align:justify\">M\u00e9daille martel\u00e9e<\/li>\n<li style=\"text-align:justify\"><span style=\"text-align:left\">Chaque paire est unique, elle peut ainsi \u00eatre l\u00e9g\u00e8rement diff\u00e9rente de la photo<\/span><\/li>\n<\/ul>\n<p><span style=\"text-align:justify\"><\/span><\/p>\n<p><strong><em>Composition<\/em>:<\/strong><\/p>\n<ul>\n<li>Plaqu\u00e9 or 24k 3 microns (un bijou pour toute une vie)<\/li>\n<li style=\"border:0px;font-style:inherit;font-weight:inherit;margin:0px;padding:0px;vertical-align:baseline\"><span style=\"color:#333333\">Mat\u00e9riaux r\u00e9sistants, \u00e9viter de les mettre au contact du chlore et du sel de mer<\/span><\/li>\n<li style=\"border:0px;font-style:inherit;font-weight:inherit;margin:0px;padding:0px;vertical-align:baseline\"><span style=\"color:#333333\">Garantit sans nickel et sans plomb<\/span><\/li>\n<\/ul>\n<p><span style=\"color:#333333\"><\/span><\/p>\n<p><em><strong>Fabrication<\/strong><\/em>:<\/p>\n<ul>\n<li>Ce bijoux est fabriqu\u00e9 en France. Le plaquage, soudage, moulage sont faits dans la r\u00e9gion de Valence, l&#8217;assemblage \u00e0 Valence.<\/li>\n<li>Les appr\u00eats (fermoires, tiges, etc) sont fabriqu\u00e9s en Espagne en or recycl\u00e9<\/li>\n<li>Le soudage, polissage et fonderie se font en Savoie.<\/li>\n<\/ul>\n<p><em><strong>Label(s)<\/strong><\/em>:\u00a0<\/p>\n<\/p>\n<p><em><strong>Taille<\/strong><\/em>:\u00a0<\/p>\n<ul>\n<li style=\"border:0px;font-style:inherit;font-weight:inherit;margin:0px;padding:0px;vertical-align:baseline\">Longueur totale de la boucle: 21 mm<\/li>\n<li style=\"border:0px;font-style:inherit;font-weight:inherit;margin:0px;padding:0px;vertical-align:baseline\">Perles de culture d&#8217;eau douce: 4 mm<\/li>\n<\/ul>\n","protected":false},"excerpt":{"rendered":"<p>Une superbe paire de boucles d&#8217;oreilles rondes avec puces \u00e0 enfiler pour n&#8217;importe quelle occasion ! Habillera votre visage \u00e0 merveille \ud83d\ude42 Boucles d&#8217;oreilles rondes \u00e0 puces Perles de culture d&#8217;eau douce, blanc nacr\u00e9 M\u00e9daille martel\u00e9e Chaque paire est unique, elle peut ainsi \u00eatre l\u00e9g\u00e8rement diff\u00e9rente de la photo Composition: Plaqu\u00e9 or 24k 3 microns [&hellip;]<\/p>\n","protected":false},"featured_media":2458616,"comment_status":"open","ping_status":"closed","template":"","meta":[],"product_brand":[],"product_cat":[1807,1756],"product_tag":[1810],"acf":[],"_links":{"self":[{"href":"https:\/\/streetmarkets.fr\/app\/wp-json\/wp\/v2\/product\/2458615"}],"collection":[{"href":"https:\/\/streetmarkets.fr\/app\/wp-json\/wp\/v2\/product"}],"about":[{"href":"https:\/\/streetmarkets.fr\/app\/wp-json\/wp\/v2\/types\/product"}],"replies":[{"embeddable":true,"href":"https:\/\/streetmarkets.fr\/app\/wp-json\/wp\/v2\/comments?post=2458615"}],"wp:featuredmedia":[{"embeddable":true,"href":"https:\/\/streetmarkets.fr\/app\/wp-json\/wp\/v2\/media\/2458616"}],"wp:attachment":[{"href":"https:\/\/streetmarkets.fr\/app\/wp-json\/wp\/v2\/media?parent=2458615"}],"wp:term":[{"taxonomy":"product_brand","embeddable":true,"href":"https:\/\/streetmarkets.fr\/app\/wp-json\/wp\/v2\/product_brand?post=2458615"},{"taxonomy":"product_cat","embeddable":true,"href":"https:\/\/streetmarkets.fr\/app\/wp-json\/wp\/v2\/product_cat?post=2458615"},{"taxonomy":"product_tag","embeddable":true,"href":"https:\/\/streetmarkets.fr\/app\/wp-json\/wp\/v2\/product_tag?post=2458615"}],"curies":[{"name":"wp","href":"https:\/\/api.w.org\/{rel}","templated":true}]}}