{"id":2458603,"date":"2025-08-15T01:48:44","date_gmt":"2025-08-14T23:48:44","guid":{"rendered":"https:\/\/streetmarkets.fr\/app\/produit\/combinaison-noire-malawi\/"},"modified":"2025-08-17T01:45:47","modified_gmt":"2025-08-16T23:45:47","slug":"combinaison-noire-malawi","status":"publish","type":"product","link":"https:\/\/streetmarkets.fr\/app\/produit\/combinaison-noire-malawi\/","title":{"rendered":"Combinaison Noire Malawi"},"content":{"rendered":"<p>Le noir, \u00e9ternel alli\u00e9 du style. Cette combinaison en impose par son allure sophistiqu\u00e9e.<\/p>\n<p>Le noir, \u00e9ternel alli\u00e9 du style. Cette combinaison en impose par son allure sophistiqu\u00e9e.<\/p>\n<ul>\n<li>Combinaison noire Malawi<\/li>\n<li>Manches courtes<\/li>\n<li>Coupe ample<\/li>\n<li>Fermeture \u00e0 boutons et passant de ceinture dans le m\u00eame tissu<\/li>\n<\/ul>\n<p><strong><em>Composition<\/em>:<\/strong><\/p>\n<ul>\n<li>100% coton biologique certifi\u00e9 GOTS<\/li>\n<li>Le coton biologique certifi\u00e9 GOTS contribue \u00e0 \u00e9conomiser de l\u2019eau, \u00e0 pr\u00e9server la sant\u00e9 des travailleurs ainsi que la biodiversit\u00e9, pour les g\u00e9n\u00e9rations \u00e0 venir.<\/li>\n<\/ul>\n<p><em><strong>Fabrication<\/strong><\/em>:<\/p>\n<ul>\n<li>Fabriqu\u00e9 \u00e9thiquement en Inde<\/li>\n<\/ul>\n<p><em><strong>L<\/strong><\/em><em><strong>abel(s)<\/strong><\/em>:\u00a0<\/p>\n<ul>\n<li style=\"text-align:left\"><strong>GOTS<\/strong> (Global Organic Textile Standard) sur tout la cha\u00eene de production, de la culture du coton aux finitions.<\/li>\n<\/ul>\n<p><em><strong>Conseil taille<\/strong><\/em>: ce mod\u00e8le taille normalement. La mannequin mesure 1m87 et porte la taille S.<\/p>\n<\/p>\n<p><em><strong>Entretien:<\/strong>\u00a0<\/em>lavez \u00e0 30\u00b0C en machine.<\/p>\n","protected":false},"excerpt":{"rendered":"<p>Le noir, \u00e9ternel alli\u00e9 du style. Cette combinaison en impose par son allure sophistiqu\u00e9e. Le noir, \u00e9ternel alli\u00e9 du style. Cette combinaison en impose par son allure sophistiqu\u00e9e. Combinaison noire Malawi Manches courtes Coupe ample Fermeture \u00e0 boutons et passant de ceinture dans le m\u00eame tissu Composition: 100% coton biologique certifi\u00e9 GOTS Le coton biologique [&hellip;]<\/p>\n","protected":false},"featured_media":2458604,"comment_status":"open","ping_status":"closed","template":"","meta":[],"product_brand":[],"product_cat":[1756,1762],"product_tag":[1810],"acf":[],"_links":{"self":[{"href":"https:\/\/streetmarkets.fr\/app\/wp-json\/wp\/v2\/product\/2458603"}],"collection":[{"href":"https:\/\/streetmarkets.fr\/app\/wp-json\/wp\/v2\/product"}],"about":[{"href":"https:\/\/streetmarkets.fr\/app\/wp-json\/wp\/v2\/types\/product"}],"replies":[{"embeddable":true,"href":"https:\/\/streetmarkets.fr\/app\/wp-json\/wp\/v2\/comments?post=2458603"}],"wp:featuredmedia":[{"embeddable":true,"href":"https:\/\/streetmarkets.fr\/app\/wp-json\/wp\/v2\/media\/2458604"}],"wp:attachment":[{"href":"https:\/\/streetmarkets.fr\/app\/wp-json\/wp\/v2\/media?parent=2458603"}],"wp:term":[{"taxonomy":"product_brand","embeddable":true,"href":"https:\/\/streetmarkets.fr\/app\/wp-json\/wp\/v2\/product_brand?post=2458603"},{"taxonomy":"product_cat","embeddable":true,"href":"https:\/\/streetmarkets.fr\/app\/wp-json\/wp\/v2\/product_cat?post=2458603"},{"taxonomy":"product_tag","embeddable":true,"href":"https:\/\/streetmarkets.fr\/app\/wp-json\/wp\/v2\/product_tag?post=2458603"}],"curies":[{"name":"wp","href":"https:\/\/api.w.org\/{rel}","templated":true}]}}