{"id":2458577,"date":"2025-08-15T01:48:41","date_gmt":"2025-08-14T23:48:41","guid":{"rendered":"https:\/\/streetmarkets.fr\/app\/produit\/pantalon-velours-workwear-bleu\/"},"modified":"2025-08-17T01:45:47","modified_gmt":"2025-08-16T23:45:47","slug":"pantalon-velours-workwear-bleu","status":"publish","type":"product","link":"https:\/\/streetmarkets.fr\/app\/produit\/pantalon-velours-workwear-bleu\/","title":{"rendered":"Pantalon Velours Workwear Bleu"},"content":{"rendered":"<p>Best seller de tous les hivers Coco Friendly, on aime ce pantalon pour sa coupe <em>workwear<\/em> tendance, cintr\u00e9e \u00e0 la taille, et son tissu en velours c\u00f4tel\u00e9. Sa longueur 7\/8\u00e8me et son \u00e9lastique \u00e0 la taille le rendent polyvalent, adapt\u00e9 \u00e0 de nombreuses tailles et morphologies.<\/p>\n<ul>\n<li style=\"text-align:justify\">Pantalon en velours bleu<\/li>\n<li style=\"text-align:justify\">Taille haute<\/li>\n<li style=\"text-align:justify\"><em>Wide leg<\/em><\/li>\n<li style=\"text-align:justify\">Passants pour ceinture<\/li>\n<li style=\"text-align:justify\">Dos de la ceinture \u00e9lastiqu\u00e9<\/li>\n<li><span style=\"text-align:justify\">2 poches lat\u00e9rales et 2 poches plaqu\u00e9es dos<\/span><\/li>\n<li><span style=\"text-align:justify\">Ouverture par zip et bouton<\/span><\/li>\n<li><span style=\"text-align:justify\">Longueur 7\/8\u00e8me<\/span><\/li>\n<\/ul>\n<p><span style=\"text-align:justify\"><\/span><\/p>\n<p><strong><em>Composition<\/em>:<\/strong><\/p>\n<ul>\n<li>98 % coton biologique certifi\u00e9 GOTS<\/li>\n<li>2 % \u00e9lasthanne<\/li>\n<li>Le coton biologique certifi\u00e9 GOTS contribue \u00e0 \u00e9conomiser de l\u2019eau, \u00e0 pr\u00e9server la sant\u00e9 des travailleurs ainsi que la biodiversit\u00e9, pour les g\u00e9n\u00e9rations \u00e0 venir.<\/li>\n<\/ul>\n<p><em><strong>Fabrication<\/strong><\/em>:<\/p>\n<ul>\n<li>Fabriqu\u00e9 \u00e9thiquement en Inde<\/li>\n<\/ul>\n<p><em><strong>Label(s)<\/strong><\/em>:\u00a0<\/p>\n<ul>\n<li style=\"text-align:left\"><strong>GOTS<\/strong>\u00a0(Global Organic Textile Standard) sur tout la cha\u00eene de production, de la culture du coton aux finitions.<\/li>\n<\/ul>\n<p><em><strong>Conseil taille<\/strong><\/em>: ce mod\u00e8le taille normalement, prenez votre taille habituelle. Toutefois si vous \u00eates entre deux tailles, optez pour la taille du dessous.<\/p>\n<p><strong><em>Entretien<\/em><\/strong>: lavez \u00e0 30\u00b0C en machine, sur l&#8217;envers.<a href=\"https:\/\/thinkingmu.com\/en\/\" style=\"background-color:transparent;color:#b1c2b2\"><\/a><\/p>\n","protected":false},"excerpt":{"rendered":"<p>Best seller de tous les hivers Coco Friendly, on aime ce pantalon pour sa coupe workwear tendance, cintr\u00e9e \u00e0 la taille, et son tissu en velours c\u00f4tel\u00e9. Sa longueur 7\/8\u00e8me et son \u00e9lastique \u00e0 la taille le rendent polyvalent, adapt\u00e9 \u00e0 de nombreuses tailles et morphologies. Pantalon en velours bleu Taille haute Wide leg Passants [&hellip;]<\/p>\n","protected":false},"featured_media":2458578,"comment_status":"open","ping_status":"closed","template":"","meta":[],"product_brand":[],"product_cat":[1756,1762],"product_tag":[1810],"acf":[],"_links":{"self":[{"href":"https:\/\/streetmarkets.fr\/app\/wp-json\/wp\/v2\/product\/2458577"}],"collection":[{"href":"https:\/\/streetmarkets.fr\/app\/wp-json\/wp\/v2\/product"}],"about":[{"href":"https:\/\/streetmarkets.fr\/app\/wp-json\/wp\/v2\/types\/product"}],"replies":[{"embeddable":true,"href":"https:\/\/streetmarkets.fr\/app\/wp-json\/wp\/v2\/comments?post=2458577"}],"wp:featuredmedia":[{"embeddable":true,"href":"https:\/\/streetmarkets.fr\/app\/wp-json\/wp\/v2\/media\/2458578"}],"wp:attachment":[{"href":"https:\/\/streetmarkets.fr\/app\/wp-json\/wp\/v2\/media?parent=2458577"}],"wp:term":[{"taxonomy":"product_brand","embeddable":true,"href":"https:\/\/streetmarkets.fr\/app\/wp-json\/wp\/v2\/product_brand?post=2458577"},{"taxonomy":"product_cat","embeddable":true,"href":"https:\/\/streetmarkets.fr\/app\/wp-json\/wp\/v2\/product_cat?post=2458577"},{"taxonomy":"product_tag","embeddable":true,"href":"https:\/\/streetmarkets.fr\/app\/wp-json\/wp\/v2\/product_tag?post=2458577"}],"curies":[{"name":"wp","href":"https:\/\/api.w.org\/{rel}","templated":true}]}}