{"id":2458550,"date":"2025-08-15T01:48:38","date_gmt":"2025-08-14T23:48:38","guid":{"rendered":"https:\/\/streetmarkets.fr\/app\/produit\/top-bleu-noir-skfk\/"},"modified":"2025-08-17T01:45:46","modified_gmt":"2025-08-16T23:45:46","slug":"top-bleu-noir-skfk","status":"publish","type":"product","link":"https:\/\/streetmarkets.fr\/app\/produit\/top-bleu-noir-skfk\/","title":{"rendered":"Top bleu\/noir SKFK"},"content":{"rendered":"<p>Un t-shirt bleu &amp; noir, l\u00e9ger et facile \u00e0 porter avec un jean ou bien m\u00eame une jupe : l\u2019essentiel de vos journ\u00e9es d\u2019\u00e9t\u00e9. Disponible chez Coco Friendly.<\/p>\n<p>Un t-shirt bleu &amp; noir, l\u00e9ger et facile \u00e0 porter avec un jean ou bien m\u00eame une jupe : l\u2019essentiel de vos journ\u00e9es d\u2019\u00e9t\u00e9. Disponible chez Coco Friendly.<\/p>\n<ul>\n<li>T-shirt bleu &amp; noir<\/li>\n<li>Col en U<\/li>\n<li>Haut sans manches ajust\u00e9<\/li>\n<li>Fermeture zipp\u00e9e devant<\/li>\n<\/ul>\n<p><strong><em>Composition:<\/em><\/strong><strong><em><\/em><\/strong><\/p>\n<ul>\n<li>85% Tencel<\/li>\n<li>Le Tencel est une mati\u00e8re \u00e9cologique produite \u00e0 partir de pulpe de bois et d&#8217;un solvant non-toxique.<\/li>\n<\/ul>\n<p><em><strong>Fabrication:\u00a0<\/strong><\/em><\/p>\n<ul>\n<li>Fabriqu\u00e9 \u00e9thiquement en Espagne<\/li>\n<\/ul>\n<p><em><strong>Label(s):<\/strong><\/em><\/p>\n<ul>\n<li>Tencel<span style=\"background-color:#ffffff;color:#040c28;font-family:'Google Sans', Arial, sans-serif;font-size:16px\">\u00ae<\/span><\/li>\n<\/ul>\n<p><em><strong>Conseil taille:<\/strong>\u00a0<\/em>ce mod\u00e8le taille normalement.\u00a0<\/p>\n<\/p>\n<p><strong><em>Entretien:<\/em><\/strong>\u00a0lavez en machine (cycle laine ou cycle d\u00e9licat).<\/p>\n","protected":false},"excerpt":{"rendered":"<p>Un t-shirt bleu &amp; noir, l\u00e9ger et facile \u00e0 porter avec un jean ou bien m\u00eame une jupe : l\u2019essentiel de vos journ\u00e9es d\u2019\u00e9t\u00e9. Disponible chez Coco Friendly. Un t-shirt bleu &amp; noir, l\u00e9ger et facile \u00e0 porter avec un jean ou bien m\u00eame une jupe : l\u2019essentiel de vos journ\u00e9es d\u2019\u00e9t\u00e9. Disponible chez Coco [&hellip;]<\/p>\n","protected":false},"featured_media":2458551,"comment_status":"open","ping_status":"closed","template":"","meta":[],"product_brand":[],"product_cat":[1756,1762],"product_tag":[1810],"acf":[],"_links":{"self":[{"href":"https:\/\/streetmarkets.fr\/app\/wp-json\/wp\/v2\/product\/2458550"}],"collection":[{"href":"https:\/\/streetmarkets.fr\/app\/wp-json\/wp\/v2\/product"}],"about":[{"href":"https:\/\/streetmarkets.fr\/app\/wp-json\/wp\/v2\/types\/product"}],"replies":[{"embeddable":true,"href":"https:\/\/streetmarkets.fr\/app\/wp-json\/wp\/v2\/comments?post=2458550"}],"wp:featuredmedia":[{"embeddable":true,"href":"https:\/\/streetmarkets.fr\/app\/wp-json\/wp\/v2\/media\/2458551"}],"wp:attachment":[{"href":"https:\/\/streetmarkets.fr\/app\/wp-json\/wp\/v2\/media?parent=2458550"}],"wp:term":[{"taxonomy":"product_brand","embeddable":true,"href":"https:\/\/streetmarkets.fr\/app\/wp-json\/wp\/v2\/product_brand?post=2458550"},{"taxonomy":"product_cat","embeddable":true,"href":"https:\/\/streetmarkets.fr\/app\/wp-json\/wp\/v2\/product_cat?post=2458550"},{"taxonomy":"product_tag","embeddable":true,"href":"https:\/\/streetmarkets.fr\/app\/wp-json\/wp\/v2\/product_tag?post=2458550"}],"curies":[{"name":"wp","href":"https:\/\/api.w.org\/{rel}","templated":true}]}}