{"id":2458537,"date":"2025-08-15T01:48:36","date_gmt":"2025-08-14T23:48:36","guid":{"rendered":"https:\/\/streetmarkets.fr\/app\/produit\/robe-laura\/"},"modified":"2025-08-17T01:45:46","modified_gmt":"2025-08-16T23:45:46","slug":"robe-laura","status":"publish","type":"product","link":"https:\/\/streetmarkets.fr\/app\/produit\/robe-laura\/","title":{"rendered":"Robe Laura"},"content":{"rendered":"<p>Nomm\u00e9e Laura, cette robe longue bleue incarne la gr\u00e2ce et la douceur d\u2019un \u00e9t\u00e9 infini.<\/p>\n<p>Nomm\u00e9e <em>Laura<\/em>, cette robe longue bleue incarne la gr\u00e2ce et la douceur d\u2019un \u00e9t\u00e9 infini.<\/p>\n<ul>\n<li>Robe bleue Laura<\/li>\n<li>Encolure en V<\/li>\n<li>Manches courtes<\/li>\n<li>Coupe ample<\/li>\n<li>Fermeture par bouton sur le devant<\/li>\n<\/ul>\n<p><strong><em>Composition<\/em>:<\/strong><\/p>\n<ul>\n<li>Mati\u00e8re principale : Chanvre<\/li>\n<li>Le chanvre est une plante exceptionnelle qui fournit l&#8217;une des fibres durables les plus l\u00e9g\u00e8res et les plus respirantes.<\/li>\n<\/ul>\n<p><em><strong>Label(s)<\/strong><\/em>:<\/p>\n<ul>\n<li><span style=\"background-color:#ffffff;text-align:center\">Tencel\u2122 : c&#8217;est une fibre \u00e9cologique artificielle dont la mati\u00e8re premi\u00e8re provient en grande partie de l&#8217;arbre d&#8217;eucalyptus.<\/span><\/li>\n<\/ul>\n<p><em><strong>Conseil taille<\/strong><\/em>: ce mod\u00e8le taille normalement. La mannequin mesure 1m78 et porte la taille S.<\/p>\n<\/p>\n<p><em><strong>Entretien:<\/strong> <\/em>lavez \u00e0 30\u00b0C en machine<\/p>\n","protected":false},"excerpt":{"rendered":"<p>Nomm\u00e9e Laura, cette robe longue bleue incarne la gr\u00e2ce et la douceur d\u2019un \u00e9t\u00e9 infini. Nomm\u00e9e Laura, cette robe longue bleue incarne la gr\u00e2ce et la douceur d\u2019un \u00e9t\u00e9 infini. Robe bleue Laura Encolure en V Manches courtes Coupe ample Fermeture par bouton sur le devant Composition: Mati\u00e8re principale : Chanvre Le chanvre est une [&hellip;]<\/p>\n","protected":false},"featured_media":2458538,"comment_status":"open","ping_status":"closed","template":"","meta":[],"product_brand":[],"product_cat":[1756,1762],"product_tag":[1810],"acf":[],"_links":{"self":[{"href":"https:\/\/streetmarkets.fr\/app\/wp-json\/wp\/v2\/product\/2458537"}],"collection":[{"href":"https:\/\/streetmarkets.fr\/app\/wp-json\/wp\/v2\/product"}],"about":[{"href":"https:\/\/streetmarkets.fr\/app\/wp-json\/wp\/v2\/types\/product"}],"replies":[{"embeddable":true,"href":"https:\/\/streetmarkets.fr\/app\/wp-json\/wp\/v2\/comments?post=2458537"}],"wp:featuredmedia":[{"embeddable":true,"href":"https:\/\/streetmarkets.fr\/app\/wp-json\/wp\/v2\/media\/2458538"}],"wp:attachment":[{"href":"https:\/\/streetmarkets.fr\/app\/wp-json\/wp\/v2\/media?parent=2458537"}],"wp:term":[{"taxonomy":"product_brand","embeddable":true,"href":"https:\/\/streetmarkets.fr\/app\/wp-json\/wp\/v2\/product_brand?post=2458537"},{"taxonomy":"product_cat","embeddable":true,"href":"https:\/\/streetmarkets.fr\/app\/wp-json\/wp\/v2\/product_cat?post=2458537"},{"taxonomy":"product_tag","embeddable":true,"href":"https:\/\/streetmarkets.fr\/app\/wp-json\/wp\/v2\/product_tag?post=2458537"}],"curies":[{"name":"wp","href":"https:\/\/api.w.org\/{rel}","templated":true}]}}