{"id":2458472,"date":"2025-08-15T01:48:29","date_gmt":"2025-08-14T23:48:29","guid":{"rendered":"https:\/\/streetmarkets.fr\/app\/produit\/sweat-polaire-camionneur-sunny\/"},"modified":"2025-08-17T01:45:45","modified_gmt":"2025-08-16T23:45:45","slug":"sweat-polaire-camionneur-sunny","status":"publish","type":"product","link":"https:\/\/streetmarkets.fr\/app\/produit\/sweat-polaire-camionneur-sunny\/","title":{"rendered":"Sweat Polaire Camionneur Sunny"},"content":{"rendered":"<p>Sweat polaire col camionneur zipp\u00e9. Coupe oversize, manches ballons longues, fabriqu\u00e9 en polyester recycl\u00e9 au Portugal.<\/p>\n<p>En boutique vous adorez ce sweat polaire et on vous comprend! Dot\u00e9 d&#8217;un col camionneur qui tient bien chaud, ce pull en polaire recycl\u00e9e \u00e0 la coupe oversize et aux manches ballons \u00e0 tout pour plaire.<\/p>\n<ul>\n<li><span style=\"text-align:justify\">Sweat polaire Sunny<\/span><\/li>\n<li><span style=\"text-align:justify\">Coupe oversize<\/span><\/li>\n<li><span style=\"text-align:justify\">Epaules descendues, col camionneur zipp\u00e9<\/span><\/li>\n<li><span style=\"text-align:justify\">Manches longues ballons<\/span><\/li>\n<li>Bord c\u00f4te vert sur les poignets qui peut \u00eatre retrouss\u00e9<\/li>\n<li>Patch tiss\u00e9 \u00e9moi \u00e9moi sur le devant<\/li>\n<\/ul>\n<p><strong><em>Composition<\/em>:<\/strong><\/p>\n<ul>\n<li>Polaire: 100% polyester recycl\u00e9 RCS<\/li>\n<li>Col en rib: 66 % coton, 20% laine, 14% polyamide<\/li>\n<\/ul>\n<p><em><strong>Fabrication<\/strong><\/em>:<\/p>\n<ul>\n<li>Fabriqu\u00e9 \u00e9thiquement au Portugal tout pr\u00e8s de Porto<\/li>\n<\/ul>\n<p><em><strong>Label(s)<\/strong><\/em>:\u00a0<\/p>\n<\/p>\n<p><em><strong>Conseil taille<\/strong><\/em>: ce mod\u00e8le taille normalement, prenez votre taille habituelle. Si vous souhaitez une coupe l\u00e9g\u00e8rement moins loose prenez une taille en dessous.<\/p>\n<\/p>\n<p><strong><em>Entretien<\/em><\/strong>: lavez \u00e0 30\u00b0C en machine en d\u00e9licat, sur l&#8217;envers.<\/p>\n","protected":false},"excerpt":{"rendered":"<p>Sweat polaire col camionneur zipp\u00e9. Coupe oversize, manches ballons longues, fabriqu\u00e9 en polyester recycl\u00e9 au Portugal. En boutique vous adorez ce sweat polaire et on vous comprend! Dot\u00e9 d&#8217;un col camionneur qui tient bien chaud, ce pull en polaire recycl\u00e9e \u00e0 la coupe oversize et aux manches ballons \u00e0 tout pour plaire. Sweat polaire Sunny [&hellip;]<\/p>\n","protected":false},"featured_media":2458473,"comment_status":"open","ping_status":"closed","template":"","meta":[],"product_brand":[],"product_cat":[1756,1762],"product_tag":[1810],"acf":[],"_links":{"self":[{"href":"https:\/\/streetmarkets.fr\/app\/wp-json\/wp\/v2\/product\/2458472"}],"collection":[{"href":"https:\/\/streetmarkets.fr\/app\/wp-json\/wp\/v2\/product"}],"about":[{"href":"https:\/\/streetmarkets.fr\/app\/wp-json\/wp\/v2\/types\/product"}],"replies":[{"embeddable":true,"href":"https:\/\/streetmarkets.fr\/app\/wp-json\/wp\/v2\/comments?post=2458472"}],"wp:featuredmedia":[{"embeddable":true,"href":"https:\/\/streetmarkets.fr\/app\/wp-json\/wp\/v2\/media\/2458473"}],"wp:attachment":[{"href":"https:\/\/streetmarkets.fr\/app\/wp-json\/wp\/v2\/media?parent=2458472"}],"wp:term":[{"taxonomy":"product_brand","embeddable":true,"href":"https:\/\/streetmarkets.fr\/app\/wp-json\/wp\/v2\/product_brand?post=2458472"},{"taxonomy":"product_cat","embeddable":true,"href":"https:\/\/streetmarkets.fr\/app\/wp-json\/wp\/v2\/product_cat?post=2458472"},{"taxonomy":"product_tag","embeddable":true,"href":"https:\/\/streetmarkets.fr\/app\/wp-json\/wp\/v2\/product_tag?post=2458472"}],"curies":[{"name":"wp","href":"https:\/\/api.w.org\/{rel}","templated":true}]}}