{"id":2458436,"date":"2025-08-15T01:48:25","date_gmt":"2025-08-14T23:48:25","guid":{"rendered":"https:\/\/streetmarkets.fr\/app\/produit\/robe-rouge-kim\/"},"modified":"2025-08-17T01:45:45","modified_gmt":"2025-08-16T23:45:45","slug":"robe-rouge-kim","status":"publish","type":"product","link":"https:\/\/streetmarkets.fr\/app\/produit\/robe-rouge-kim\/","title":{"rendered":"Robe rouge Kim"},"content":{"rendered":"<p>Coup de c\u0153ur pour cette sublime robe rouge courte, parfaite pour briller tout l\u2019\u00e9t\u00e9 ! Disponible chez Coco Friendly.<\/p>\n<p>Coup de c\u0153ur pour cette sublime robe rouge courte, parfaite pour briller tout l\u2019\u00e9t\u00e9 ! Disponible chez Coco Friendly.<\/p>\n<ul>\n<li style=\"text-align:justify\">Robe rouge Kim<\/li>\n<li style=\"text-align:justify\">Encolure en V<\/li>\n<li style=\"text-align:justify\">Coupe ample<\/li>\n<li style=\"text-align:justify\">Manches courtes \u00e0 la longueur du coude<\/li>\n<\/ul>\n<p><strong><em>Composition<\/em>:<\/strong><\/p>\n<ul>\n<li>100% coton biologique certifi\u00e9 GOTS<\/li>\n<li>Le coton biologique certifi\u00e9 GOTS contribue \u00e0 \u00e9conomiser de l\u2019eau, \u00e0 pr\u00e9server la sant\u00e9 des travailleurs ainsi que la biodiversit\u00e9, pour les g\u00e9n\u00e9rations \u00e0 venir.<\/li>\n<\/ul>\n<p><em><strong>Fabrication<\/strong><\/em>:<\/p>\n<ul>\n<li>Fabriqu\u00e9 \u00e9thiquement en Inde<\/li>\n<\/ul>\n<p><em><strong>Label(s)<\/strong><\/em>:\u00a0<\/p>\n<ul>\n<li style=\"text-align:left\"><strong>GOTS<\/strong>\u00a0(Global Organic Textile Standard) sur tout la cha\u00eene de production, de la culture du coton aux finitions.<\/li>\n<\/ul>\n<p><em><strong>Conseil taille<\/strong><\/em>: ce mod\u00e8le taille normalement. La mannequin mesure 1m78 et porte la taille S.<\/p>\n<p><strong><em>Entretien<\/em><\/strong>: lavez en machine \u00e0 30\u00b0C sur l&#8217;envers avec cycle doux.<\/p>\n","protected":false},"excerpt":{"rendered":"<p>Coup de c\u0153ur pour cette sublime robe rouge courte, parfaite pour briller tout l\u2019\u00e9t\u00e9 ! Disponible chez Coco Friendly. Coup de c\u0153ur pour cette sublime robe rouge courte, parfaite pour briller tout l\u2019\u00e9t\u00e9 ! Disponible chez Coco Friendly. Robe rouge Kim Encolure en V Coupe ample Manches courtes \u00e0 la longueur du coude Composition: 100% [&hellip;]<\/p>\n","protected":false},"featured_media":2458437,"comment_status":"open","ping_status":"closed","template":"","meta":[],"product_brand":[],"product_cat":[1756,1762],"product_tag":[1810],"acf":[],"_links":{"self":[{"href":"https:\/\/streetmarkets.fr\/app\/wp-json\/wp\/v2\/product\/2458436"}],"collection":[{"href":"https:\/\/streetmarkets.fr\/app\/wp-json\/wp\/v2\/product"}],"about":[{"href":"https:\/\/streetmarkets.fr\/app\/wp-json\/wp\/v2\/types\/product"}],"replies":[{"embeddable":true,"href":"https:\/\/streetmarkets.fr\/app\/wp-json\/wp\/v2\/comments?post=2458436"}],"wp:featuredmedia":[{"embeddable":true,"href":"https:\/\/streetmarkets.fr\/app\/wp-json\/wp\/v2\/media\/2458437"}],"wp:attachment":[{"href":"https:\/\/streetmarkets.fr\/app\/wp-json\/wp\/v2\/media?parent=2458436"}],"wp:term":[{"taxonomy":"product_brand","embeddable":true,"href":"https:\/\/streetmarkets.fr\/app\/wp-json\/wp\/v2\/product_brand?post=2458436"},{"taxonomy":"product_cat","embeddable":true,"href":"https:\/\/streetmarkets.fr\/app\/wp-json\/wp\/v2\/product_cat?post=2458436"},{"taxonomy":"product_tag","embeddable":true,"href":"https:\/\/streetmarkets.fr\/app\/wp-json\/wp\/v2\/product_tag?post=2458436"}],"curies":[{"name":"wp","href":"https:\/\/api.w.org\/{rel}","templated":true}]}}