{"id":2458355,"date":"2025-08-15T01:47:50","date_gmt":"2025-08-14T23:47:50","guid":{"rendered":"https:\/\/streetmarkets.fr\/app\/produit\/baskets-marie-fuchsia-blanc-bleu\/"},"modified":"2025-08-15T01:48:16","modified_gmt":"2025-08-14T23:48:16","slug":"baskets-marie-fuchsia-blanc-bleu","status":"publish","type":"product","link":"https:\/\/streetmarkets.fr\/app\/produit\/baskets-marie-fuchsia-blanc-bleu\/","title":{"rendered":"Baskets Marie Fuchsia Blanc Bleu"},"content":{"rendered":"<p>Baskets Marie en su\u00e8de et pony bordeaux et beige. Style r\u00e9tro-sport. Semelles fabriqu\u00e9es \u00e0 partir d&#8217;anciennes chaussures recycl\u00e9es. Fabriqu\u00e9es au Portugal.<\/p>\n<p>Baskets Marie en su\u00e8de rose, bleu et mesh blanc. Style r\u00e9tro-sport. Vous adorerez le jeu de couleurs qui ajouteront assur\u00e9ment LA touche de peps qui manque \u00e0 votre tenue. Les semelles sont fabriqu\u00e9es \u00e0 partir d&#8217;anciennes chaussures recycl\u00e9es, r\u00e9colt\u00e9es dans les boutiques de M.Moustache.<\/p>\n<ul>\n<li>Baskets basses en cuir su\u00e9d\u00e9 multicolore et mesh blanc<\/li>\n<li>Mod\u00e8le retro-sport<\/li>\n<li>D\u00e9tails perfor\u00e9s sur les c\u00f4t\u00e9s<\/li>\n<\/ul>\n<p><strong><em>Composition<\/em><\/strong>:\u00a0<\/p>\n<ul>\n<li>Su\u00e8de et cuir de vachette de Conceria Zabri en Italie et Lajara en Espagne<\/li>\n<li>Semelle ext\u00e9rieure en gomme et chaussures recycl\u00e9es cousue Strobel<\/li>\n<li>Doublure int\u00e9rieure en mesh<\/li>\n<li>Semelle int\u00e9rieure en cuir<\/li>\n<li>Lacets en coton biologique<\/li>\n<\/ul>\n<p><strong><em>Fabrication<\/em><\/strong>:<\/p>\n<ul>\n<li>Dessin\u00e9es \u00e0 Paris<\/li>\n<li>Fabriqu\u00e9es au Portugal<\/li>\n<\/ul>\n<p><strong><em>Conseil taille<\/em><\/strong>: ce mod\u00e8le taille normalement, vous pouvez prendre votre taille habituelle. Toutefoiss si vous \u00eates entre deux pointures, optez pour la plus grande. Si vous avez un doute sur la pointure, contactez-nous \u00e0 juliette@coco-friendly.com.<\/p>\n<\/p>\n<p><strong><em>Entretien<\/em><\/strong>: Appliquez un spray imperm\u00e9abilisant avant la premi\u00e8re utilisation pour prot\u00e9ger la chaussure. Vous pouvez r\u00e9p\u00e9ter cette op\u00e9ration r\u00e9guli\u00e8rement. Apr\u00e8s plusieurs utilisations, si les couleurs s&#8217;estompent, utilisez un raviveur de couleur.<\/p>\n","protected":false},"excerpt":{"rendered":"<p>Baskets Marie en su\u00e8de et pony bordeaux et beige. Style r\u00e9tro-sport. Semelles fabriqu\u00e9es \u00e0 partir d&#8217;anciennes chaussures recycl\u00e9es. Fabriqu\u00e9es au Portugal. Baskets Marie en su\u00e8de rose, bleu et mesh blanc. Style r\u00e9tro-sport. Vous adorerez le jeu de couleurs qui ajouteront assur\u00e9ment LA touche de peps qui manque \u00e0 votre tenue. Les semelles sont fabriqu\u00e9es \u00e0 [&hellip;]<\/p>\n","protected":false},"featured_media":2458356,"comment_status":"open","ping_status":"closed","template":"","meta":[],"product_brand":[],"product_cat":[1756,1763],"product_tag":[1810],"acf":[],"_links":{"self":[{"href":"https:\/\/streetmarkets.fr\/app\/wp-json\/wp\/v2\/product\/2458355"}],"collection":[{"href":"https:\/\/streetmarkets.fr\/app\/wp-json\/wp\/v2\/product"}],"about":[{"href":"https:\/\/streetmarkets.fr\/app\/wp-json\/wp\/v2\/types\/product"}],"replies":[{"embeddable":true,"href":"https:\/\/streetmarkets.fr\/app\/wp-json\/wp\/v2\/comments?post=2458355"}],"wp:featuredmedia":[{"embeddable":true,"href":"https:\/\/streetmarkets.fr\/app\/wp-json\/wp\/v2\/media\/2458356"}],"wp:attachment":[{"href":"https:\/\/streetmarkets.fr\/app\/wp-json\/wp\/v2\/media?parent=2458355"}],"wp:term":[{"taxonomy":"product_brand","embeddable":true,"href":"https:\/\/streetmarkets.fr\/app\/wp-json\/wp\/v2\/product_brand?post=2458355"},{"taxonomy":"product_cat","embeddable":true,"href":"https:\/\/streetmarkets.fr\/app\/wp-json\/wp\/v2\/product_cat?post=2458355"},{"taxonomy":"product_tag","embeddable":true,"href":"https:\/\/streetmarkets.fr\/app\/wp-json\/wp\/v2\/product_tag?post=2458355"}],"curies":[{"name":"wp","href":"https:\/\/api.w.org\/{rel}","templated":true}]}}