{"id":2458348,"date":"2025-08-15T01:47:50","date_gmt":"2025-08-14T23:47:50","guid":{"rendered":"https:\/\/streetmarkets.fr\/app\/produit\/collier-pendentif-citron\/"},"modified":"2025-08-15T01:48:16","modified_gmt":"2025-08-14T23:48:16","slug":"collier-pendentif-citron","status":"publish","type":"product","link":"https:\/\/streetmarkets.fr\/app\/produit\/collier-pendentif-citron\/","title":{"rendered":"Collier Pendentif Citron"},"content":{"rendered":"<p>Collier pendentif citron, symbole de luxe \u00e0 l&#8217;\u00e9poque romaine. Texture irr\u00e9guli\u00e8re. Bain d&#8217;or 24k 2 microns. Fabrication espagnole.<\/p>\n<p>Le collier pendentif citron a une surface irr\u00e9guli\u00e8re ce qui lui donne un petit look vintage. Le citron \u00e9tait consid\u00e9r\u00e9 comme un fruit exotique \u00e0 l&#8217;\u00e9poque romaine, symbole de luxe. Aujourd&#8217;hui on pourrait l&#8217;offrir ou le porter soi-m\u00eame en r\u00e9f\u00e9rence au proverbe &#8220;lorsque la vie te donne des citrons, fais en de la limonade&#8221; ou juste par passion du citron ! ?<\/p>\n<ul>\n<li style=\"text-align:justify\">Collier pendentif citron<\/li>\n<li style=\"border:0px;font-style:inherit;font-weight:inherit;margin:0px;padding:0px;vertical-align:baseline\">La surface est irr\u00e9guli\u00e8re<\/li>\n<\/ul>\n<p><strong><em>Composition<\/em>:<\/strong><\/p>\n<ul>\n<li>Laiton baign\u00e9 dans un bain (\u00e7a veut dire &#8220;plaqu\u00e9&#8221; mais un bain c&#8217;est plus po\u00e9tique) d&#8217;or 24k 1 microns<\/li>\n<li style=\"border:0px;font-style:inherit;font-weight:inherit;margin:0px;padding:0px;vertical-align:baseline\"><span style=\"color:#333333\">Mat\u00e9riaux r\u00e9sistants, \u00e9viter de les mettre au contact du chlore et du sel de mer<\/span><\/li>\n<\/ul>\n<p><span style=\"color:#333333\"><\/span><\/p>\n<p><em><strong>Fabrication<\/strong><\/em>:<\/p>\n<ul>\n<li>Ce bijoux est fabriqu\u00e9 en Espagne, dans une usine respectant les codes de conduites \u00e9thiques et certifi\u00e9e RJC<\/li>\n<\/ul>\n<p><em><strong>Label(s)<\/strong><\/em>:\u00a0<\/p>\n<\/p>\n<p><em><strong>Taille<\/strong><\/em>:\u00a0<\/p>\n<ul>\n<li>Longueur du pendentif: 2,2 cm<\/li>\n<li>Longueur de la cha\u00eene: 44 cm<\/li>\n<\/ul>\n","protected":false},"excerpt":{"rendered":"<p>Collier pendentif citron, symbole de luxe \u00e0 l&#8217;\u00e9poque romaine. Texture irr\u00e9guli\u00e8re. Bain d&#8217;or 24k 2 microns. Fabrication espagnole. Le collier pendentif citron a une surface irr\u00e9guli\u00e8re ce qui lui donne un petit look vintage. Le citron \u00e9tait consid\u00e9r\u00e9 comme un fruit exotique \u00e0 l&#8217;\u00e9poque romaine, symbole de luxe. Aujourd&#8217;hui on pourrait l&#8217;offrir ou le porter [&hellip;]<\/p>\n","protected":false},"featured_media":2458349,"comment_status":"open","ping_status":"closed","template":"","meta":[],"product_brand":[],"product_cat":[1807,1756],"product_tag":[1810],"acf":[],"_links":{"self":[{"href":"https:\/\/streetmarkets.fr\/app\/wp-json\/wp\/v2\/product\/2458348"}],"collection":[{"href":"https:\/\/streetmarkets.fr\/app\/wp-json\/wp\/v2\/product"}],"about":[{"href":"https:\/\/streetmarkets.fr\/app\/wp-json\/wp\/v2\/types\/product"}],"replies":[{"embeddable":true,"href":"https:\/\/streetmarkets.fr\/app\/wp-json\/wp\/v2\/comments?post=2458348"}],"wp:featuredmedia":[{"embeddable":true,"href":"https:\/\/streetmarkets.fr\/app\/wp-json\/wp\/v2\/media\/2458349"}],"wp:attachment":[{"href":"https:\/\/streetmarkets.fr\/app\/wp-json\/wp\/v2\/media?parent=2458348"}],"wp:term":[{"taxonomy":"product_brand","embeddable":true,"href":"https:\/\/streetmarkets.fr\/app\/wp-json\/wp\/v2\/product_brand?post=2458348"},{"taxonomy":"product_cat","embeddable":true,"href":"https:\/\/streetmarkets.fr\/app\/wp-json\/wp\/v2\/product_cat?post=2458348"},{"taxonomy":"product_tag","embeddable":true,"href":"https:\/\/streetmarkets.fr\/app\/wp-json\/wp\/v2\/product_tag?post=2458348"}],"curies":[{"name":"wp","href":"https:\/\/api.w.org\/{rel}","templated":true}]}}