{"id":2458299,"date":"2025-08-15T01:47:46","date_gmt":"2025-08-14T23:47:46","guid":{"rendered":"https:\/\/streetmarkets.fr\/app\/produit\/gilet-mohair-ecru\/"},"modified":"2025-08-15T01:48:16","modified_gmt":"2025-08-14T23:48:16","slug":"gilet-mohair-ecru","status":"publish","type":"product","link":"https:\/\/streetmarkets.fr\/app\/produit\/gilet-mohair-ecru\/","title":{"rendered":"Gilet Mohair \u00e9cru"},"content":{"rendered":"<p>Gilet respirant et confortable en Mohair certifi\u00e9 Responsible Mohair Standard et en laine biologique. Une maille l\u00e9g\u00e8re et soyeuse, id\u00e9ale pour une garde robe minimaliste.<\/p>\n<ul>\n<li><span style=\"text-align:justify\">Gilet droit et court, col rond<\/span><\/li>\n<li><span style=\"text-align:justify\">Patte de boutonnage<\/span><\/li>\n<li>Pas de poches<\/li>\n<\/ul>\n<p><strong><em>Composition<\/em>:<\/strong><\/p>\n<ul>\n<li>50 % mohair<\/li>\n<li>50 % laine biologique<\/li>\n<\/ul>\n<p><em>La laine biologique certifi\u00e9e GOTS et le mohair certifi\u00e9 RMS attestent du bien \u00eatre animal, tout en assurant la pr\u00e9servation de l&#8217;environnement.\u00a0<\/em><\/p>\n<\/p>\n<p><em><strong>Fabrication<\/strong><\/em>:<\/p>\n<ul>\n<li>Fabriqu\u00e9 \u00e9thiquement en Turquie \u00e0 Istambul, par l&#8217;entreprise \u00d6zcelik \u00d6rme San. Ve Tic. A.S. <span style=\"font-family:'Inconsolata Regular', sans-serif;font-size:14.9592px;background-color:#ffffff\"><\/span><\/li>\n<\/ul>\n<p><em><strong>Label(s)<\/strong><\/em>:\u00a0<\/p>\n<ul>\n<li style=\"text-align:left\"><strong>GOTS<\/strong> (Global Organic Textile Standard) sur tout la cha\u00eene de production, de la culture du coton aux finitions.<\/li>\n<li style=\"text-align:left\"><b>RMS <\/b>(Responsible Mohair Standard)<\/li>\n<\/ul>\n<p><em><strong>Conseil taille<\/strong><\/em>: ce mod\u00e8le taille l\u00e9g\u00e8rement grand. Pour un effet plus ajust\u00e9, optez pour la taille en-dessous de celle habituelle. La mannequin mesure 1m77 et porte la taille S.<\/p>\n<p><strong><em>Entretien<\/em><\/strong>: lavez \u00e0 la main. G\u00e9n\u00e9ralement il suffit d&#8217;a\u00e9rer la laine \ud83d\ude42<\/p>\n<p><em><strong>Disponibilit\u00e9<\/strong>:<\/em> retrouvez ce pull dans notre boutique de Paris !<\/p>\n","protected":false},"excerpt":{"rendered":"<p>Gilet respirant et confortable en Mohair certifi\u00e9 Responsible Mohair Standard et en laine biologique. Une maille l\u00e9g\u00e8re et soyeuse, id\u00e9ale pour une garde robe minimaliste. Gilet droit et court, col rond Patte de boutonnage Pas de poches Composition: 50 % mohair 50 % laine biologique La laine biologique certifi\u00e9e GOTS et le mohair certifi\u00e9 RMS [&hellip;]<\/p>\n","protected":false},"featured_media":2458300,"comment_status":"open","ping_status":"closed","template":"","meta":[],"product_brand":[],"product_cat":[1756,1762],"product_tag":[1810],"acf":[],"_links":{"self":[{"href":"https:\/\/streetmarkets.fr\/app\/wp-json\/wp\/v2\/product\/2458299"}],"collection":[{"href":"https:\/\/streetmarkets.fr\/app\/wp-json\/wp\/v2\/product"}],"about":[{"href":"https:\/\/streetmarkets.fr\/app\/wp-json\/wp\/v2\/types\/product"}],"replies":[{"embeddable":true,"href":"https:\/\/streetmarkets.fr\/app\/wp-json\/wp\/v2\/comments?post=2458299"}],"wp:featuredmedia":[{"embeddable":true,"href":"https:\/\/streetmarkets.fr\/app\/wp-json\/wp\/v2\/media\/2458300"}],"wp:attachment":[{"href":"https:\/\/streetmarkets.fr\/app\/wp-json\/wp\/v2\/media?parent=2458299"}],"wp:term":[{"taxonomy":"product_brand","embeddable":true,"href":"https:\/\/streetmarkets.fr\/app\/wp-json\/wp\/v2\/product_brand?post=2458299"},{"taxonomy":"product_cat","embeddable":true,"href":"https:\/\/streetmarkets.fr\/app\/wp-json\/wp\/v2\/product_cat?post=2458299"},{"taxonomy":"product_tag","embeddable":true,"href":"https:\/\/streetmarkets.fr\/app\/wp-json\/wp\/v2\/product_tag?post=2458299"}],"curies":[{"name":"wp","href":"https:\/\/api.w.org\/{rel}","templated":true}]}}