{"id":2458267,"date":"2025-08-15T01:47:43","date_gmt":"2025-08-14T23:47:43","guid":{"rendered":"https:\/\/streetmarkets.fr\/app\/produit\/bonnet-gris-melange-laine\/"},"modified":"2025-08-15T01:48:15","modified_gmt":"2025-08-14T23:48:15","slug":"bonnet-gris-melange-laine","status":"publish","type":"product","link":"https:\/\/streetmarkets.fr\/app\/produit\/bonnet-gris-melange-laine\/","title":{"rendered":"Bonnet Gris M\u00e9lang\u00e9 Laine"},"content":{"rendered":"<p>Bonnet unisexe 100% laine. Le logo signature de Knowledge Cotton Apparel est brod\u00e9 sur le devant : une chouette ton sur ton.<\/p>\n<ul>\n<li><span style=\"text-align:justify\">Bonnet couleur gris m\u00e9lang\u00e9<\/span><\/li>\n<li><span style=\"text-align:justify\">Taille unique, la maille est extensible<\/span><\/li>\n<li><span style=\"text-align:justify\">Logo Knowledge Cotton Apparel sur le devant<\/span><\/li>\n<\/ul>\n<p><span style=\"text-align:justify\"><\/span><\/p>\n<p><strong><em>Composition<\/em>:<\/strong><\/p>\n<ul>\n<li>100% laine certifi\u00e9e Responsible Wool Standard<\/li>\n<li>Une laine RWS assure que les moutons peuvent pa\u00eetre paisiblement \u00e0 l&#8217;air libre et sont tondus avec douceur. Tout stress pour l&#8217;animal doit \u00eatre \u00e9vit\u00e9.\u00a0<\/li>\n<\/ul>\n<p><em><strong>Fabrication<\/strong><\/em>:<\/p>\n<ul>\n<li>Fabriqu\u00e9 \u00e9thiquement en Inde<\/li>\n<\/ul>\n<p><em><strong>Label(s)<\/strong><\/em>:\u00a0<\/p>\n<ul>\n<li style=\"text-align:left\"><a href=\"https:\/\/textileexchange.org\/app\/uploads\/2020\/08\/RAF-101a-V2.2-Responsible-Wool-Standard.pdf\"><strong>RWS<\/strong><\/a>\u00a0(Responsible Wool Standard) : Ce label tr\u00e8s rigoureux est octroy\u00e9 lorsque le bien-\u00eatre animal est respect\u00e9, la biodiversit\u00e9 pr\u00e9serv\u00e9e et que les conditions de travail r\u00e9pondent aux minima requis par l&#8217;Organisation Internationale du Travail.\u00a0<\/li>\n<\/ul>\n<p><strong><em>Entretien<\/em><\/strong>: lavez \u00e0 l&#8217;envers \u00e0 froid en machine.<\/p>\n","protected":false},"excerpt":{"rendered":"<p>Bonnet unisexe 100% laine. Le logo signature de Knowledge Cotton Apparel est brod\u00e9 sur le devant : une chouette ton sur ton. Bonnet couleur gris m\u00e9lang\u00e9 Taille unique, la maille est extensible Logo Knowledge Cotton Apparel sur le devant Composition: 100% laine certifi\u00e9e Responsible Wool Standard Une laine RWS assure que les moutons peuvent pa\u00eetre [&hellip;]<\/p>\n","protected":false},"featured_media":2458268,"comment_status":"open","ping_status":"closed","template":"","meta":[],"product_brand":[],"product_cat":[1756,1760],"product_tag":[1810],"acf":[],"_links":{"self":[{"href":"https:\/\/streetmarkets.fr\/app\/wp-json\/wp\/v2\/product\/2458267"}],"collection":[{"href":"https:\/\/streetmarkets.fr\/app\/wp-json\/wp\/v2\/product"}],"about":[{"href":"https:\/\/streetmarkets.fr\/app\/wp-json\/wp\/v2\/types\/product"}],"replies":[{"embeddable":true,"href":"https:\/\/streetmarkets.fr\/app\/wp-json\/wp\/v2\/comments?post=2458267"}],"wp:featuredmedia":[{"embeddable":true,"href":"https:\/\/streetmarkets.fr\/app\/wp-json\/wp\/v2\/media\/2458268"}],"wp:attachment":[{"href":"https:\/\/streetmarkets.fr\/app\/wp-json\/wp\/v2\/media?parent=2458267"}],"wp:term":[{"taxonomy":"product_brand","embeddable":true,"href":"https:\/\/streetmarkets.fr\/app\/wp-json\/wp\/v2\/product_brand?post=2458267"},{"taxonomy":"product_cat","embeddable":true,"href":"https:\/\/streetmarkets.fr\/app\/wp-json\/wp\/v2\/product_cat?post=2458267"},{"taxonomy":"product_tag","embeddable":true,"href":"https:\/\/streetmarkets.fr\/app\/wp-json\/wp\/v2\/product_tag?post=2458267"}],"curies":[{"name":"wp","href":"https:\/\/api.w.org\/{rel}","templated":true}]}}