{"id":2458261,"date":"2025-08-15T01:47:42","date_gmt":"2025-08-14T23:47:42","guid":{"rendered":"https:\/\/streetmarkets.fr\/app\/produit\/sweat-oversize-rose\/"},"modified":"2025-08-15T01:48:15","modified_gmt":"2025-08-14T23:48:15","slug":"sweat-oversize-rose","status":"publish","type":"product","link":"https:\/\/streetmarkets.fr\/app\/produit\/sweat-oversize-rose\/","title":{"rendered":"Sweat Oversize Rose"},"content":{"rendered":"<p>Un sweatshirt couleur rose 100% coton biologique dans une coupe <em>oversized<\/em>. Un intemporel styl\u00e9 ! Vous appr\u00e9cierez son tissu ultra doux \u00e0 l&#8217;int\u00e9rieur. Fabrication Portugal.<\/p>\n<ul>\n<li><span style=\"text-align:justify\">Coupe <\/span><em>oversized<\/em><\/li>\n<li>Encolure ronde<\/li>\n<li>Manches longues<\/li>\n<\/ul>\n<p><strong><em>Composition<\/em>:<\/strong><\/p>\n<ul>\n<li>100 % coton biologique certifi\u00e9 GOTS\u00a0<\/li>\n<\/ul>\n<p><em>Le coton biologique certifi\u00e9 GOTS contribue \u00e0 \u00e9conomiser de l\u2019eau, \u00e0 pr\u00e9server la sant\u00e9 des travailleurs ainsi que la biodiversit\u00e9, pour les g\u00e9n\u00e9rations \u00e0 venir.<\/em><\/p>\n<\/p>\n<p><em><strong>Fabrication<\/strong><\/em>:<\/p>\n<ul>\n<li>Fabriqu\u00e9 \u00e9thiquement au Portugal \u00e0 Barcelos, par l&#8217;entreprise Valerius Val\u00e9rius T\u00eaxteis<\/li>\n<\/ul>\n<p><em><strong>Label(s)<\/strong><\/em>:\u00a0<\/p>\n<ul>\n<li style=\"text-align:left\"><strong>GOTS<\/strong>\u00a0(Global Organic Textile Standard) sur tout la cha\u00eene de production, de la culture du coton aux finitions.<\/li>\n<\/ul>\n<p><em><strong>Conseil taille<\/strong><\/em>: ce mod\u00e8le taille grand, optez pour une taille en dessous de votre taille habituelle.\u00a0<\/p>\n<p><strong><em>Entretien<\/em><\/strong>: lavez \u00e0 30\u00b0C en machine.<\/p>\n","protected":false},"excerpt":{"rendered":"<p>Un sweatshirt couleur rose 100% coton biologique dans une coupe oversized. Un intemporel styl\u00e9 ! Vous appr\u00e9cierez son tissu ultra doux \u00e0 l&#8217;int\u00e9rieur. Fabrication Portugal. Coupe oversized Encolure ronde Manches longues Composition: 100 % coton biologique certifi\u00e9 GOTS\u00a0 Le coton biologique certifi\u00e9 GOTS contribue \u00e0 \u00e9conomiser de l\u2019eau, \u00e0 pr\u00e9server la sant\u00e9 des travailleurs ainsi [&hellip;]<\/p>\n","protected":false},"featured_media":2458262,"comment_status":"open","ping_status":"closed","template":"","meta":[],"product_brand":[],"product_cat":[1756,1762],"product_tag":[1810],"acf":[],"_links":{"self":[{"href":"https:\/\/streetmarkets.fr\/app\/wp-json\/wp\/v2\/product\/2458261"}],"collection":[{"href":"https:\/\/streetmarkets.fr\/app\/wp-json\/wp\/v2\/product"}],"about":[{"href":"https:\/\/streetmarkets.fr\/app\/wp-json\/wp\/v2\/types\/product"}],"replies":[{"embeddable":true,"href":"https:\/\/streetmarkets.fr\/app\/wp-json\/wp\/v2\/comments?post=2458261"}],"wp:featuredmedia":[{"embeddable":true,"href":"https:\/\/streetmarkets.fr\/app\/wp-json\/wp\/v2\/media\/2458262"}],"wp:attachment":[{"href":"https:\/\/streetmarkets.fr\/app\/wp-json\/wp\/v2\/media?parent=2458261"}],"wp:term":[{"taxonomy":"product_brand","embeddable":true,"href":"https:\/\/streetmarkets.fr\/app\/wp-json\/wp\/v2\/product_brand?post=2458261"},{"taxonomy":"product_cat","embeddable":true,"href":"https:\/\/streetmarkets.fr\/app\/wp-json\/wp\/v2\/product_cat?post=2458261"},{"taxonomy":"product_tag","embeddable":true,"href":"https:\/\/streetmarkets.fr\/app\/wp-json\/wp\/v2\/product_tag?post=2458261"}],"curies":[{"name":"wp","href":"https:\/\/api.w.org\/{rel}","templated":true}]}}