{"id":2458237,"date":"2025-08-15T01:47:39","date_gmt":"2025-08-14T23:47:39","guid":{"rendered":"https:\/\/streetmarkets.fr\/app\/produit\/t-shirt-cintre-noir\/"},"modified":"2025-08-15T01:48:15","modified_gmt":"2025-08-14T23:48:15","slug":"t-shirt-cintre-noir","status":"publish","type":"product","link":"https:\/\/streetmarkets.fr\/app\/produit\/t-shirt-cintre-noir\/","title":{"rendered":"T-Shirt Cintr\u00e9 Noir"},"content":{"rendered":"<p>Parfois les pi\u00e8ces les plus simples sont les plus difficiles \u00e0 trouver. Un t-shirt unicolore, sans motif, doux, de qualit\u00e9, ind\u00e9modable et \u00e9thique&#8230; Le voici enfin !<\/p>\n<ul>\n<li><span style=\"text-align:justify\">Tee-shirt noir en jersey de coton biologique<\/span><\/li>\n<li><span style=\"text-align:justify\">Coupe<\/span>\u00a0cintr\u00e9e<\/li>\n<li>Encolure ronde<\/li>\n<li>Manches courtes avec revers<\/li>\n<\/ul>\n<p><strong><em>Composition<\/em>:<\/strong><\/p>\n<ul>\n<li>100 % coton biologique certifi\u00e9 GOTS et Fairtrade par Max Havelaar<\/li>\n<li>Le coton biologique certifi\u00e9 GOTS contribue \u00e0 \u00e9conomiser de l\u2019eau, \u00e0 pr\u00e9server la sant\u00e9 des travailleurs ainsi que la biodiversit\u00e9, pour les g\u00e9n\u00e9rations \u00e0 venir.<\/li>\n<\/ul>\n<p><em><strong>Fabrication<\/strong><\/em>:<\/p>\n<ul>\n<li>Fabriqu\u00e9 \u00e9thiquement en Inde<\/li>\n<\/ul>\n<p><em><strong>Label(s)<\/strong><\/em>:\u00a0<\/p>\n<ul>\n<li style=\"text-align:left\"><strong>GOTS<\/strong>\u00a0(Global Organic Textile Standard) sur tout la cha\u00eene de production, de la culture du coton aux finitions.<\/li>\n<li style=\"text-align:left\"><strong>Fairtrade<\/strong>.<\/li>\n<\/ul>\n<p><em><strong>Conseil taille<\/strong><\/em>: ce mod\u00e8le taille normalement, prenez votre taille habituelle.\u00a0<\/p>\n<p><img decoding=\"async\" loading=\"lazy\" class=\"alignnone size-medium wp-image-3624\" src=\"https:\/\/coco-friendly.com\/wp-content\/uploads\/2020\/03\/coco-friendly-guide-des-tailles-1-300x126.png\" alt=\"coco-friendly-guide-des-tailles\" width=\"300\" height=\"126\" \/><\/p>\n<p><strong><em>Entretien<\/em><\/strong>: lavez \u00e0 30\u00b0C en machine.<\/p>\n","protected":false},"excerpt":{"rendered":"<p>Parfois les pi\u00e8ces les plus simples sont les plus difficiles \u00e0 trouver. Un t-shirt unicolore, sans motif, doux, de qualit\u00e9, ind\u00e9modable et \u00e9thique&#8230; Le voici enfin ! Tee-shirt noir en jersey de coton biologique Coupe\u00a0cintr\u00e9e Encolure ronde Manches courtes avec revers Composition: 100 % coton biologique certifi\u00e9 GOTS et Fairtrade par Max Havelaar Le coton [&hellip;]<\/p>\n","protected":false},"featured_media":2458238,"comment_status":"open","ping_status":"closed","template":"","meta":[],"product_brand":[],"product_cat":[1756,1762],"product_tag":[1810],"acf":[],"_links":{"self":[{"href":"https:\/\/streetmarkets.fr\/app\/wp-json\/wp\/v2\/product\/2458237"}],"collection":[{"href":"https:\/\/streetmarkets.fr\/app\/wp-json\/wp\/v2\/product"}],"about":[{"href":"https:\/\/streetmarkets.fr\/app\/wp-json\/wp\/v2\/types\/product"}],"replies":[{"embeddable":true,"href":"https:\/\/streetmarkets.fr\/app\/wp-json\/wp\/v2\/comments?post=2458237"}],"wp:featuredmedia":[{"embeddable":true,"href":"https:\/\/streetmarkets.fr\/app\/wp-json\/wp\/v2\/media\/2458238"}],"wp:attachment":[{"href":"https:\/\/streetmarkets.fr\/app\/wp-json\/wp\/v2\/media?parent=2458237"}],"wp:term":[{"taxonomy":"product_brand","embeddable":true,"href":"https:\/\/streetmarkets.fr\/app\/wp-json\/wp\/v2\/product_brand?post=2458237"},{"taxonomy":"product_cat","embeddable":true,"href":"https:\/\/streetmarkets.fr\/app\/wp-json\/wp\/v2\/product_cat?post=2458237"},{"taxonomy":"product_tag","embeddable":true,"href":"https:\/\/streetmarkets.fr\/app\/wp-json\/wp\/v2\/product_tag?post=2458237"}],"curies":[{"name":"wp","href":"https:\/\/api.w.org\/{rel}","templated":true}]}}