{"id":2458231,"date":"2025-08-15T01:47:38","date_gmt":"2025-08-14T23:47:38","guid":{"rendered":"https:\/\/streetmarkets.fr\/app\/produit\/collier-trois-opales\/"},"modified":"2025-08-15T01:48:14","modified_gmt":"2025-08-14T23:48:14","slug":"collier-trois-opales","status":"publish","type":"product","link":"https:\/\/streetmarkets.fr\/app\/produit\/collier-trois-opales\/","title":{"rendered":"Collier Trois Opales"},"content":{"rendered":"<p>Ce collier tr\u00e8s fin et tr\u00e8s \u00e9pur\u00e9 ravira celles qui recherchent une pi\u00e8ce magnifiquement con\u00e7ue, f\u00e9minine, discr\u00e8te. Best-Seller Coco Friendly !<\/p>\n<p><\/p>\n<ul>\n<li style=\"text-align:justify\">Collier trois opales<\/li>\n<\/ul>\n<p><strong><em>Composition<\/em>:<\/strong><\/p>\n<ul>\n<li>Plaqu\u00e9 or 24k 3 microns (un bijou pour toute une vie)<\/li>\n<li>Opales sertie d\u2019Australie<\/li>\n<li><span style=\"color:#333333\">Mat\u00e9riaux r\u00e9sistants, \u00e9viter de les mettre au contact du chlore et du sel de mer<\/span><\/li>\n<li><span style=\"color:#333333\">Garantit sans nickel et sans plomb<\/span><\/li>\n<\/ul>\n<p><em><strong>Fabrication<\/strong><\/em>:<\/p>\n<ul>\n<li>Ce bijoux est fabriqu\u00e9 en France. Le plaquage, soudage, moulage sont faits dans la r\u00e9gion de Valence, l&#8217;assemblage \u00e0 Valence.<\/li>\n<li>Les appr\u00eats (fermoires, tiges, etc) sont fabriqu\u00e9s en Espagne en or recycl\u00e9<\/li>\n<li>Le soudage, polissage et fonderie se font en Savoie.<\/li>\n<li>Cha\u00eene, Allemagne et Espagne<span style=\"color:#423f3f;font-family:'Times New Roman', Times, serif;font-size:15px;background-color:#ffffff\"><\/span><\/li>\n<\/ul>\n<p><em><strong>Label(s)<\/strong><\/em>:\u00a0<\/p>\n<\/p>\n<p><em><strong>Taille<\/strong><\/em>:\u00a0<\/p>\n<ul>\n<li>Tour de cou: 43 cm<\/li>\n<\/ul>\n","protected":false},"excerpt":{"rendered":"<p>Ce collier tr\u00e8s fin et tr\u00e8s \u00e9pur\u00e9 ravira celles qui recherchent une pi\u00e8ce magnifiquement con\u00e7ue, f\u00e9minine, discr\u00e8te. Best-Seller Coco Friendly ! Collier trois opales Composition: Plaqu\u00e9 or 24k 3 microns (un bijou pour toute une vie) Opales sertie d\u2019Australie Mat\u00e9riaux r\u00e9sistants, \u00e9viter de les mettre au contact du chlore et du sel de mer Garantit [&hellip;]<\/p>\n","protected":false},"featured_media":2458232,"comment_status":"open","ping_status":"closed","template":"","meta":[],"product_brand":[],"product_cat":[1807,1756],"product_tag":[1810],"acf":[],"_links":{"self":[{"href":"https:\/\/streetmarkets.fr\/app\/wp-json\/wp\/v2\/product\/2458231"}],"collection":[{"href":"https:\/\/streetmarkets.fr\/app\/wp-json\/wp\/v2\/product"}],"about":[{"href":"https:\/\/streetmarkets.fr\/app\/wp-json\/wp\/v2\/types\/product"}],"replies":[{"embeddable":true,"href":"https:\/\/streetmarkets.fr\/app\/wp-json\/wp\/v2\/comments?post=2458231"}],"wp:featuredmedia":[{"embeddable":true,"href":"https:\/\/streetmarkets.fr\/app\/wp-json\/wp\/v2\/media\/2458232"}],"wp:attachment":[{"href":"https:\/\/streetmarkets.fr\/app\/wp-json\/wp\/v2\/media?parent=2458231"}],"wp:term":[{"taxonomy":"product_brand","embeddable":true,"href":"https:\/\/streetmarkets.fr\/app\/wp-json\/wp\/v2\/product_brand?post=2458231"},{"taxonomy":"product_cat","embeddable":true,"href":"https:\/\/streetmarkets.fr\/app\/wp-json\/wp\/v2\/product_cat?post=2458231"},{"taxonomy":"product_tag","embeddable":true,"href":"https:\/\/streetmarkets.fr\/app\/wp-json\/wp\/v2\/product_tag?post=2458231"}],"curies":[{"name":"wp","href":"https:\/\/api.w.org\/{rel}","templated":true}]}}