{"id":2458222,"date":"2025-08-15T01:47:38","date_gmt":"2025-08-14T23:47:38","guid":{"rendered":"https:\/\/streetmarkets.fr\/app\/produit\/pull-camionneur-laine-navy\/"},"modified":"2025-08-15T01:48:14","modified_gmt":"2025-08-14T23:48:14","slug":"pull-camionneur-laine-navy","status":"publish","type":"product","link":"https:\/\/streetmarkets.fr\/app\/produit\/pull-camionneur-laine-navy\/","title":{"rendered":"Pull Camionneur Laine Navy"},"content":{"rendered":"<p>Tricot \u00e9pais et confortable qui se distingue par un col camionneur et une coupe plut\u00f4t courte. Sa maille 100% laine en fait un pull d&#8217;une tr\u00e8s belle qualit\u00e9 parfait pour les journ\u00e9es fra\u00eeches.\u00a0<\/p>\n<ul>\n<li><span style=\"text-align:justify\">Col camionneur, coupe droite<\/span><\/li>\n<li style=\"text-align:justify\">Fermeture \u00e9clair argent\u00e9e<\/li>\n<li>Structure nervur\u00e9e<\/li>\n<li>Manches longues<\/li>\n<\/ul>\n<p><strong><em>Composition<\/em>:<\/strong><\/p>\n<ul>\n<li>50 % laine biologique<\/li>\n<li>50 % laine recycl\u00e9e<\/li>\n<\/ul>\n<p><em>La laine biologique certifi\u00e9e GOTS et la laine recycl\u00e9e certifi\u00e9e GRS contribuent \u00e0 \u00e9conomiser de l\u2019eau, \u00e0 pr\u00e9server la sant\u00e9 des travailleurs ainsi que la biodiversit\u00e9, pour les g\u00e9n\u00e9rations \u00e0 venir.<\/em><\/p>\n<\/p>\n<p><em><strong>Fabrication<\/strong><\/em>:<\/p>\n<ul>\n<li>Fabriqu\u00e9 \u00e9thiquement en Turquie \u00e0 Istambul, par l&#8217;entreprise Bera Tekstil Triko Imalat Ithalat Ihracat San. Tic. Ltd. Sti.<\/li>\n<\/ul>\n<p><em><strong>Label(s)<\/strong><\/em>:\u00a0<\/p>\n<ul>\n<li style=\"text-align:left\"><strong>GOTS<\/strong> (Global Organic Textile Standard) sur tout la cha\u00eene de production, de la culture du coton aux finitions.<\/li>\n<li style=\"text-align:left\"><strong>GRS<\/strong> (Global Recycled Standard)<\/li>\n<\/ul>\n<p><em><strong>Conseil taille<\/strong><\/em>: ce mod\u00e8le taille normalement, prenez votre taille habituelle. Pour un effet moins loose, vous pouvez prendre une taille en dessous. La mannequin mesure 1m78 et porte la taille S.<\/p>\n<p><strong><em>Entretien<\/em><\/strong>: lavez \u00e0 la main. G\u00e9n\u00e9ralement il suffit d&#8217;a\u00e9rer la laine \ud83d\ude42<\/p>\n<p><em><strong>Disponibilit\u00e9<\/strong>:<\/em> retrouvez ce pull dans notre boutique de Paris !<\/p>\n","protected":false},"excerpt":{"rendered":"<p>Tricot \u00e9pais et confortable qui se distingue par un col camionneur et une coupe plut\u00f4t courte. Sa maille 100% laine en fait un pull d&#8217;une tr\u00e8s belle qualit\u00e9 parfait pour les journ\u00e9es fra\u00eeches.\u00a0 Col camionneur, coupe droite Fermeture \u00e9clair argent\u00e9e Structure nervur\u00e9e Manches longues Composition: 50 % laine biologique 50 % laine recycl\u00e9e La laine [&hellip;]<\/p>\n","protected":false},"featured_media":2458223,"comment_status":"open","ping_status":"closed","template":"","meta":[],"product_brand":[],"product_cat":[1756,1762],"product_tag":[1810],"acf":[],"_links":{"self":[{"href":"https:\/\/streetmarkets.fr\/app\/wp-json\/wp\/v2\/product\/2458222"}],"collection":[{"href":"https:\/\/streetmarkets.fr\/app\/wp-json\/wp\/v2\/product"}],"about":[{"href":"https:\/\/streetmarkets.fr\/app\/wp-json\/wp\/v2\/types\/product"}],"replies":[{"embeddable":true,"href":"https:\/\/streetmarkets.fr\/app\/wp-json\/wp\/v2\/comments?post=2458222"}],"wp:featuredmedia":[{"embeddable":true,"href":"https:\/\/streetmarkets.fr\/app\/wp-json\/wp\/v2\/media\/2458223"}],"wp:attachment":[{"href":"https:\/\/streetmarkets.fr\/app\/wp-json\/wp\/v2\/media?parent=2458222"}],"wp:term":[{"taxonomy":"product_brand","embeddable":true,"href":"https:\/\/streetmarkets.fr\/app\/wp-json\/wp\/v2\/product_brand?post=2458222"},{"taxonomy":"product_cat","embeddable":true,"href":"https:\/\/streetmarkets.fr\/app\/wp-json\/wp\/v2\/product_cat?post=2458222"},{"taxonomy":"product_tag","embeddable":true,"href":"https:\/\/streetmarkets.fr\/app\/wp-json\/wp\/v2\/product_tag?post=2458222"}],"curies":[{"name":"wp","href":"https:\/\/api.w.org\/{rel}","templated":true}]}}