{"id":2458203,"date":"2025-08-15T01:47:35","date_gmt":"2025-08-14T23:47:35","guid":{"rendered":"https:\/\/streetmarkets.fr\/app\/produit\/baskets-saigon-vert\/"},"modified":"2025-08-15T01:48:14","modified_gmt":"2025-08-14T23:48:14","slug":"baskets-saigon-vert","status":"publish","type":"product","link":"https:\/\/streetmarkets.fr\/app\/produit\/baskets-saigon-vert\/","title":{"rendered":"Baskets Saigon Vert"},"content":{"rendered":"<p>Baskets basses unisexes en cuir et tissage artisanal vert. Mod\u00e8le souple et confortable. Cuir tann\u00e9 sans chrome.<\/p>\n<p>Ces jolies sneakers \u00e9thiques et confortables sont issues du commerce \u00e9quitable. Les bandes sur les c\u00f4t\u00e9s sont en effet tiss\u00e9es \u00e0 la main, afin de favoriser l&#8217;artisanat Vietnamien.<\/p>\n<p>Ce mod\u00e8le est un pied iconique de N&#8217;GO Shoes, qui a \u00e9t\u00e9 retravaill\u00e9 en 2024 pour plus de r\u00e9sistance et un maximum de confort. L&#8217;\u00e9quipe Coco Friendly les a test\u00e9es et valide \u00e0 100% ! \ud83d\ude09<\/p>\n<ul>\n<li>Baskets basses unisexes en cuir et tissage artisanal vert cypr\u00e8s<\/li>\n<li>Souple et confortable<\/li>\n<li>Mod\u00e8le con\u00e7u et test\u00e9 pour \u00eatre r\u00e9sistant tout en restant l\u00e9ger<\/li>\n<\/ul>\n<p><em><strong>Composition<\/strong><\/em>:<\/p>\n<ul>\n<li>Cuir pleine fleur souple, sourc\u00e9 localement au Vietnam<\/li>\n<li>Tissage vert r\u00e9alis\u00e9 \u00e0 la main en coton et polyester<\/li>\n<li>Doublure int\u00e9rieure 100% polyester recycl\u00e9<\/li>\n<li>Semelle int\u00e9rieure -de 10mm d&#8217;\u00e9paisseur- amovible compos\u00e9e de 20% de PET recycl\u00e9 et 80% de mousse EVA (dont 41% vient de la canne \u00e0 sucre)<\/li>\n<li>Semelle ext\u00e9rieure cousue en caoutchouc naturel vietnamien (30%) et synth\u00e9tique (70%)<\/li>\n<li>Lacets en polyester recycl\u00e9<\/li>\n<\/ul>\n<p><strong><em>Fabrication<\/em><\/strong>:<\/p>\n<ul>\n<li>Ces baskets sont fabriqu\u00e9es au Vietnam dans une entreprise lab\u00e9lis\u00e9e BSCI<\/li>\n<li>Le tissage qui orne ces chaussures est pens\u00e9 et r\u00e9alis\u00e9 \u00e0 la main par une artisane vietnamienne, sur un m\u00e9tier \u00e0 tisser en bois.<\/li>\n<\/ul>\n<p><em><strong>Label(s)<\/strong><\/em>:\u00a0<\/p>\n<ul>\n<li><strong>GRS (Global Recycled Standard)<\/strong>, pour les composants recycl\u00e9s<\/li>\n<li><strong>B corp<\/strong>: ce label ind\u00e9pendant \u00e9value les entreprises dans toutes leurs sph\u00e8res d&#8217;activit\u00e9, selon des exigences sociales et environnementales. Les entreprises r\u00e9pondent \u00e0 un questionnaire portant aussi bien sur l&#8217;impact environnemental, le choix des fournisseurs, la gouvernance de l&#8217;entreprise, les conditions de travail des salari\u00e9s que sur les salaires et la libre information aupr\u00e8s des clients. Des audits sont \u00e9galement r\u00e9guli\u00e8rement r\u00e9alis\u00e9s.<\/li>\n<li><strong>Sloweare<\/strong>: label fran\u00e7ais ind\u00e9pendant des marques de mode \u00e9co-responsables. Ce label garantit par exemple des conditions de travail respectueuses des humains et de l&#8217;environnement, une production raisonn\u00e9e, la non appropriation culturelle, la sauvegarde et transmission des savoir-faire, l&#8217;inclusion sociale.<\/li>\n<li>Usines certifi\u00e9es\u00a0<strong>BSCI<\/strong>,\u00a0\u00a0ce qui garantit une r\u00e9mun\u00e9ration juste des travailleurs, la libert\u00e9 d&#8217;association, des horaires de travail d\u00e9cents, la sant\u00e9 et la s\u00e9curit\u00e9 au travail<\/li>\n<\/ul>\n<p><em><strong>Conseil taille<\/strong><\/em>: Ce mod\u00e8le taille normalement, prenez votre pointure habituelle. Toutefois, si vous h\u00e9sitez entre deux pointures, optez pour celle au-dessus de votre pointure habituelle.\u00a0<\/p>\n<\/p>\n<p><em><strong>Entretien<\/strong><\/em>: Appliquez un spray imperm\u00e9abilisant avant la premi\u00e8re utilisation pour prot\u00e9ger la chaussure. Vous pouvez r\u00e9p\u00e9ter cette op\u00e9ration r\u00e9guli\u00e8rement. Si vos baskets ont pris l&#8217;eau, faites les s\u00e9cher \u00e0 l&#8217;air ambiant et enlevez la semelle int\u00e9rieure (ne les faites pas s\u00e9cher sous un radiateur ou au soleil).<\/p>\n","protected":false},"excerpt":{"rendered":"<p>Baskets basses unisexes en cuir et tissage artisanal vert. Mod\u00e8le souple et confortable. Cuir tann\u00e9 sans chrome. Ces jolies sneakers \u00e9thiques et confortables sont issues du commerce \u00e9quitable. Les bandes sur les c\u00f4t\u00e9s sont en effet tiss\u00e9es \u00e0 la main, afin de favoriser l&#8217;artisanat Vietnamien. Ce mod\u00e8le est un pied iconique de N&#8217;GO Shoes, qui [&hellip;]<\/p>\n","protected":false},"featured_media":2458204,"comment_status":"open","ping_status":"closed","template":"","meta":[],"product_brand":[],"product_cat":[1756,1763],"product_tag":[1810],"acf":[],"_links":{"self":[{"href":"https:\/\/streetmarkets.fr\/app\/wp-json\/wp\/v2\/product\/2458203"}],"collection":[{"href":"https:\/\/streetmarkets.fr\/app\/wp-json\/wp\/v2\/product"}],"about":[{"href":"https:\/\/streetmarkets.fr\/app\/wp-json\/wp\/v2\/types\/product"}],"replies":[{"embeddable":true,"href":"https:\/\/streetmarkets.fr\/app\/wp-json\/wp\/v2\/comments?post=2458203"}],"wp:featuredmedia":[{"embeddable":true,"href":"https:\/\/streetmarkets.fr\/app\/wp-json\/wp\/v2\/media\/2458204"}],"wp:attachment":[{"href":"https:\/\/streetmarkets.fr\/app\/wp-json\/wp\/v2\/media?parent=2458203"}],"wp:term":[{"taxonomy":"product_brand","embeddable":true,"href":"https:\/\/streetmarkets.fr\/app\/wp-json\/wp\/v2\/product_brand?post=2458203"},{"taxonomy":"product_cat","embeddable":true,"href":"https:\/\/streetmarkets.fr\/app\/wp-json\/wp\/v2\/product_cat?post=2458203"},{"taxonomy":"product_tag","embeddable":true,"href":"https:\/\/streetmarkets.fr\/app\/wp-json\/wp\/v2\/product_tag?post=2458203"}],"curies":[{"name":"wp","href":"https:\/\/api.w.org\/{rel}","templated":true}]}}