{"id":2458197,"date":"2025-08-15T01:47:34","date_gmt":"2025-08-14T23:47:34","guid":{"rendered":"https:\/\/streetmarkets.fr\/app\/produit\/creoles-angie\/"},"modified":"2025-08-15T01:48:14","modified_gmt":"2025-08-14T23:48:14","slug":"creoles-angie","status":"publish","type":"product","link":"https:\/\/streetmarkets.fr\/app\/produit\/creoles-angie\/","title":{"rendered":"Cr\u00e9oles Angie"},"content":{"rendered":"<p><span style=\"color:#333333\"> Une tr\u00e8s jolie paire de cr\u00e9oles qui sait se d\u00e9marquer avec \u00e9l\u00e9gance. <\/span><span style=\"color:#333333\">Opter pour des bijoux de cr\u00e9ateurs Fran\u00e7ais et valoriser le savoir-faire fran\u00e7ais et les circuits courts<\/span><\/p>\n<\/p>\n<ul>\n<li style=\"text-align:justify\">Boucles d&#8217;oreilles cr\u00e9oles\u00a0<\/li>\n<li style=\"text-align:justify\"><span style=\"color:#333333;text-align:left\">8 v\u00e9ritables perles de culture provenant d&#8217;Asie, de blanches nacr\u00e9es \u00e0 rose, 6 mm<\/span><\/li>\n<li style=\"text-align:justify\"><span style=\"text-align:left\">Chaque paire est unique, elle peut ainsi \u00eatre l\u00e9g\u00e8rement diff\u00e9rente de la photo<\/span><\/li>\n<\/ul>\n<p><span style=\"text-align:justify\"><\/span><\/p>\n<p><strong><em>Composition<\/em>:<\/strong><\/p>\n<ul>\n<li>Plaqu\u00e9 or 24k 3 microns (un bijou pour toute une vie)<\/li>\n<li>Perles de culture provenant d&#8217;Asie<\/li>\n<li style=\"border:0px;font-style:inherit;font-weight:inherit;margin:0px;padding:0px;vertical-align:baseline\"><span style=\"color:#333333\">Mat\u00e9riaux r\u00e9sistants, \u00e9viter de les mettre au contact du chlore et du sel de mer<\/span><\/li>\n<li style=\"border:0px;font-style:inherit;font-weight:inherit;margin:0px;padding:0px;vertical-align:baseline\"><span style=\"color:#333333\">Garantit sans nickel et sans plomb<\/span><\/li>\n<\/ul>\n<p><span style=\"color:#333333\"><\/span><\/p>\n<p><em><strong>Fabrication<\/strong><\/em>:<\/p>\n<ul>\n<li>Ce bijoux est fabriqu\u00e9 en France. Le plaquage, soudage, moulage sont faits dans la r\u00e9gion de Valence, l&#8217;assemblage \u00e0 Valence.<\/li>\n<li>Les appr\u00eats (fermoires, tiges, etc) sont fabriqu\u00e9s en Espagne en or recycl\u00e9<\/li>\n<li>Le soudage, polissage et fonderie se font en Savoie.<\/li>\n<\/ul>\n<p><em><strong>Label(s)<\/strong><\/em>:\u00a0<\/p>\n<\/p>\n<p><em><strong>Taille<\/strong><\/em>:\u00a0<\/p>\n<ul>\n<li style=\"border:0px;font-style:inherit;font-weight:inherit;margin:0px;padding:0px;vertical-align:baseline\">Diam\u00e8tre de la boucle : 5 cm<\/li>\n<li style=\"border:0px;font-style:inherit;font-weight:inherit;margin:0px;padding:0px;vertical-align:baseline\">Perles de 6 mm<\/li>\n<\/ul>\n","protected":false},"excerpt":{"rendered":"<p>Une tr\u00e8s jolie paire de cr\u00e9oles qui sait se d\u00e9marquer avec \u00e9l\u00e9gance. Opter pour des bijoux de cr\u00e9ateurs Fran\u00e7ais et valoriser le savoir-faire fran\u00e7ais et les circuits courts Boucles d&#8217;oreilles cr\u00e9oles\u00a0 8 v\u00e9ritables perles de culture provenant d&#8217;Asie, de blanches nacr\u00e9es \u00e0 rose, 6 mm Chaque paire est unique, elle peut ainsi \u00eatre l\u00e9g\u00e8rement diff\u00e9rente [&hellip;]<\/p>\n","protected":false},"featured_media":2458198,"comment_status":"open","ping_status":"closed","template":"","meta":[],"product_brand":[],"product_cat":[1807,1756],"product_tag":[1810],"acf":[],"_links":{"self":[{"href":"https:\/\/streetmarkets.fr\/app\/wp-json\/wp\/v2\/product\/2458197"}],"collection":[{"href":"https:\/\/streetmarkets.fr\/app\/wp-json\/wp\/v2\/product"}],"about":[{"href":"https:\/\/streetmarkets.fr\/app\/wp-json\/wp\/v2\/types\/product"}],"replies":[{"embeddable":true,"href":"https:\/\/streetmarkets.fr\/app\/wp-json\/wp\/v2\/comments?post=2458197"}],"wp:featuredmedia":[{"embeddable":true,"href":"https:\/\/streetmarkets.fr\/app\/wp-json\/wp\/v2\/media\/2458198"}],"wp:attachment":[{"href":"https:\/\/streetmarkets.fr\/app\/wp-json\/wp\/v2\/media?parent=2458197"}],"wp:term":[{"taxonomy":"product_brand","embeddable":true,"href":"https:\/\/streetmarkets.fr\/app\/wp-json\/wp\/v2\/product_brand?post=2458197"},{"taxonomy":"product_cat","embeddable":true,"href":"https:\/\/streetmarkets.fr\/app\/wp-json\/wp\/v2\/product_cat?post=2458197"},{"taxonomy":"product_tag","embeddable":true,"href":"https:\/\/streetmarkets.fr\/app\/wp-json\/wp\/v2\/product_tag?post=2458197"}],"curies":[{"name":"wp","href":"https:\/\/api.w.org\/{rel}","templated":true}]}}