{"id":2458146,"date":"2025-08-15T01:47:28","date_gmt":"2025-08-14T23:47:28","guid":{"rendered":"https:\/\/streetmarkets.fr\/app\/produit\/pull-camionneur-creme-et-noir\/"},"modified":"2025-08-15T01:48:13","modified_gmt":"2025-08-14T23:48:13","slug":"pull-camionneur-creme-et-noir","status":"publish","type":"product","link":"https:\/\/streetmarkets.fr\/app\/produit\/pull-camionneur-creme-et-noir\/","title":{"rendered":"Pull Camionneur Cr\u00e8me et Noir"},"content":{"rendered":"<p>Pull tricolore en maille de coton, col montant. Coupe loose et manches longues. Couleur c\u00e9ladon, anis et kaki. Coton biologique GOTS et Fairtrade.<\/p>\n<p>Pull best-seller en tricot de coton biologique. On aime le jeu de contrastes entre le noir et le cr\u00e8me. Une pi\u00e8ce avec des d\u00e9tails originaux tout en restant intemporelle.<\/p>\n<ul>\n<li style=\"text-align:justify\">Pull col haut demi zipp\u00e9<\/li>\n<li style=\"text-align:justify\">Coupe droite d\u00e9contract\u00e9e<\/li>\n<li style=\"text-align:justify\">Tricot de coton avec effets de variations de points<\/li>\n<\/ul>\n<p><strong><em>Composition<\/em>:<\/strong><\/p>\n<ul>\n<li>100 % coton biologique<\/li>\n<li>Le coton biologique certifi\u00e9 GOTS contribue \u00e0 \u00e9conomiser de l\u2019eau, \u00e0 pr\u00e9server la sant\u00e9 des travailleurs ainsi que la biodiversit\u00e9, pour les g\u00e9n\u00e9rations \u00e0 venir.<\/li>\n<\/ul>\n<p><em><strong>Fabrication<\/strong><\/em>:<\/p>\n<ul>\n<li>Fabriqu\u00e9 \u00e9thiquement en Inde<\/li>\n<\/ul>\n<p><em><strong>Label(s)<\/strong><\/em>:\u00a0<\/p>\n<ul>\n<li style=\"text-align:left\"><b>Fairtrade<\/b><\/li>\n<li style=\"text-align:left\"><b>GOTS\u00a0<\/b>(Global Organic Textile Standard) sur tout la cha\u00eene de production, de la culture du coton aux finitions.<\/li>\n<li style=\"text-align:left\"><\/li>\n<\/ul>\n<p><em><strong>Conseil taille<\/strong><\/em>: ce mod\u00e8le taille normalement, prenez votre taille habituelle.\u00a0<\/p>\n<p><strong><em>Entretien<\/em><\/strong>: lavez 30\u00b0C en machine.<\/p>\n","protected":false},"excerpt":{"rendered":"<p>Pull tricolore en maille de coton, col montant. Coupe loose et manches longues. Couleur c\u00e9ladon, anis et kaki. Coton biologique GOTS et Fairtrade. Pull best-seller en tricot de coton biologique. On aime le jeu de contrastes entre le noir et le cr\u00e8me. Une pi\u00e8ce avec des d\u00e9tails originaux tout en restant intemporelle. Pull col haut [&hellip;]<\/p>\n","protected":false},"featured_media":2458147,"comment_status":"open","ping_status":"closed","template":"","meta":[],"product_brand":[],"product_cat":[1756,1762],"product_tag":[1810],"acf":[],"_links":{"self":[{"href":"https:\/\/streetmarkets.fr\/app\/wp-json\/wp\/v2\/product\/2458146"}],"collection":[{"href":"https:\/\/streetmarkets.fr\/app\/wp-json\/wp\/v2\/product"}],"about":[{"href":"https:\/\/streetmarkets.fr\/app\/wp-json\/wp\/v2\/types\/product"}],"replies":[{"embeddable":true,"href":"https:\/\/streetmarkets.fr\/app\/wp-json\/wp\/v2\/comments?post=2458146"}],"wp:featuredmedia":[{"embeddable":true,"href":"https:\/\/streetmarkets.fr\/app\/wp-json\/wp\/v2\/media\/2458147"}],"wp:attachment":[{"href":"https:\/\/streetmarkets.fr\/app\/wp-json\/wp\/v2\/media?parent=2458146"}],"wp:term":[{"taxonomy":"product_brand","embeddable":true,"href":"https:\/\/streetmarkets.fr\/app\/wp-json\/wp\/v2\/product_brand?post=2458146"},{"taxonomy":"product_cat","embeddable":true,"href":"https:\/\/streetmarkets.fr\/app\/wp-json\/wp\/v2\/product_cat?post=2458146"},{"taxonomy":"product_tag","embeddable":true,"href":"https:\/\/streetmarkets.fr\/app\/wp-json\/wp\/v2\/product_tag?post=2458146"}],"curies":[{"name":"wp","href":"https:\/\/api.w.org\/{rel}","templated":true}]}}