{"id":2458142,"date":"2025-08-15T01:47:27","date_gmt":"2025-08-14T23:47:27","guid":{"rendered":"https:\/\/streetmarkets.fr\/app\/produit\/echarpe-franges-multicolores\/"},"modified":"2025-08-15T01:48:13","modified_gmt":"2025-08-14T23:48:13","slug":"echarpe-franges-multicolores","status":"publish","type":"product","link":"https:\/\/streetmarkets.fr\/app\/produit\/echarpe-franges-multicolores\/","title":{"rendered":"Echarpe Franges Multicolores"},"content":{"rendered":"<p>Echarpe \u00e9crue aux franges multicolores&#8230; Pour un hiver chaud et joyeux !<\/p>\n<p>Cette \u00e9charpe a \u00e9t\u00e9 tricot\u00e9e main, il s&#8217;agit d&#8217;une pi\u00e8ce unique. De plus, Coco Friendly est la seule boutique \u00e0 la commercialiser en France. Un magnifique cadeau \u00e0 (s&#8217;)offrir.<\/p>\n<p>La laine d\u2019alpaga est une fibre tr\u00e8s haut de gamme, d&#8217;une qualit\u00e9 exceptionnelle. Elle est plus douce, plus chaude, plus r\u00e9sistante et plus l\u00e9g\u00e8re que la laine de mouton. Pi\u00e8ce coup de c\u0153ur \u2665<\/p>\n<ul>\n<li style=\"text-align:justify\">Tricot\u00e9e main, pi\u00e8ce unique<\/li>\n<li style=\"text-align:justify\">Le num\u00e9ro de s\u00e9rie ainsi que le nom de la tricoteuse sont inscrits sur chacune des \u00e9tiquettes<\/li>\n<li style=\"text-align:justify\">Les irr\u00e9gularit\u00e9s qui pourraient se trouver sur cette \u00e9charpe r\u00e9v\u00e8lent sa singularit<\/li>\n<\/ul>\n<p><strong><em>Composition\u00a0<\/em>:<\/strong><\/p>\n<ul>\n<li style=\"border:0px;font-style:inherit;font-weight:inherit;margin:0px;padding:0px;vertical-align:baseline\">Baby Alpaga<\/li>\n<\/ul>\n<p>La fibre est l\u00e9g\u00e8re car elle est remplie de poches d&#8217;air. Pour une chaleur et une douceur incomparables ! Cette fibre d&#8217;exception, robuste et soyeuse, \u00e9tait r\u00e9serv\u00e9e historiquement aux rois des Incas.\u00a0<\/p>\n<p>Le fil est fabriqu\u00e9 au P\u00e9rou. Les alpagas vivent en harmonie avec la nature sur les hauts plateaux andins \u00e0 plus de 3000m d&#8217;altitude. Ils ne sont tondus qu&#8217;une fois par an, au printemps, et vivent le reste de l&#8217;ann\u00e9e en libert\u00e9&#8230; Pour le minimum d&#8217;intervention humaine. &#8220;Baby&#8221; alpaga est une appellation, qui d\u00e9signe la qualit\u00e9 et la finesse de la fibre de moins de 22 microns, mais les alpagas ne sont tondus qu&#8217;\u00e0 partir de 3 ans.\u00a0<\/p>\n<p>Les \u00e9levages d&#8217;Alpaga restent encore traditionnels, en comparaison aux \u00e9levages intensifs des ch\u00e8vres cachemire en Chine et des moutons en Australie. L&#8217;alpaga est l&#8217;animal producteur de fibres qui a le moins d&#8217;impact sur l&#8217;environnement. En effet, ces animaux\u00a0n&#8217;ont pas de sabot mais deux coussinets, ils broutent l\u2019herbe sans l\u2019arracher, laissant peu de trace d\u2019\u00e9rosion sur leur environnement.\u00a0<\/p>\n<\/p>\n<p><em><strong>Fabrication\u00a0<\/strong><\/em>:<\/p>\n<ul>\n<li>Tricot\u00e9 main en Equateur<\/li>\n<\/ul>\n<p>Faire le choix de l&#8217;alpaga permet de valoriser le savoir-faire ancestral des tricoteuses, et contribue \u00e0 enrichir une communaut\u00e9 qui vit g\u00e9n\u00e9ralement sous le seuil de pauvret\u00e9. Gr\u00e2ce \u00e0 cette source de revenu, les tricoteuses qui vivent dans des villages recul\u00e9s peuvent devenir ind\u00e9pendantes financi\u00e8rement&#8230; Tout en restant libres de d\u00e9finir elles-m\u00eames leur emploi du temps. Certaines femmes tricotent ces pulls chaque ann\u00e9e depuis plus de 20 ans.<\/p>\n<\/p>\n<p><em><strong>Conseil taille :<\/strong><\/em>\u00a0ce pull taille normalement, optez pour votre taille habituelle. Juliette mesure 1m68 et porte une taille M.<\/p>\n<\/p>\n<p><strong><em>Entretien\u00a0<\/em><\/strong>:<\/p>\n<ul>\n<li>Cette pi\u00e8ce n&#8217;a besoin d&#8217;\u00eatre lav\u00e9e qu&#8217;une fois par saison, pr\u00e9f\u00e9rez l&#8217;a\u00e9rer que la laver durant l&#8217;ann\u00e9e. Lavage possible en machine, programme laine \u00e0 0\u00b0C.<\/li>\n<li>Essorez-la \u00e0 la main en douceur au maximum avant de la faire s\u00e9cher. S\u00e9chez-la \u00e0 plat, mais \u00e9vitez les tissus absorbants comme les torchons. Ils pourraient absorber les couleurs.<\/li>\n<li>Si vous souhaitez la repasser, d\u00e9froissez-la avec un fer \u00e0 vapeur.<\/li>\n<li>Les petites bouloches qui pourraient appara\u00eetre sont un ph\u00e9nom\u00e8ne tout \u00e0 fait normal. Vous pouvez brosser l&#8217;\u00e9charpe avec un peigne \u00e0 laine pour les retirer.<\/li>\n<\/ul>\n","protected":false},"excerpt":{"rendered":"<p>Echarpe \u00e9crue aux franges multicolores&#8230; Pour un hiver chaud et joyeux ! Cette \u00e9charpe a \u00e9t\u00e9 tricot\u00e9e main, il s&#8217;agit d&#8217;une pi\u00e8ce unique. De plus, Coco Friendly est la seule boutique \u00e0 la commercialiser en France. Un magnifique cadeau \u00e0 (s&#8217;)offrir. La laine d\u2019alpaga est une fibre tr\u00e8s haut de gamme, d&#8217;une qualit\u00e9 exceptionnelle. Elle [&hellip;]<\/p>\n","protected":false},"featured_media":2458143,"comment_status":"open","ping_status":"closed","template":"","meta":[],"product_brand":[],"product_cat":[1756,1764],"product_tag":[1810],"acf":[],"_links":{"self":[{"href":"https:\/\/streetmarkets.fr\/app\/wp-json\/wp\/v2\/product\/2458142"}],"collection":[{"href":"https:\/\/streetmarkets.fr\/app\/wp-json\/wp\/v2\/product"}],"about":[{"href":"https:\/\/streetmarkets.fr\/app\/wp-json\/wp\/v2\/types\/product"}],"replies":[{"embeddable":true,"href":"https:\/\/streetmarkets.fr\/app\/wp-json\/wp\/v2\/comments?post=2458142"}],"wp:featuredmedia":[{"embeddable":true,"href":"https:\/\/streetmarkets.fr\/app\/wp-json\/wp\/v2\/media\/2458143"}],"wp:attachment":[{"href":"https:\/\/streetmarkets.fr\/app\/wp-json\/wp\/v2\/media?parent=2458142"}],"wp:term":[{"taxonomy":"product_brand","embeddable":true,"href":"https:\/\/streetmarkets.fr\/app\/wp-json\/wp\/v2\/product_brand?post=2458142"},{"taxonomy":"product_cat","embeddable":true,"href":"https:\/\/streetmarkets.fr\/app\/wp-json\/wp\/v2\/product_cat?post=2458142"},{"taxonomy":"product_tag","embeddable":true,"href":"https:\/\/streetmarkets.fr\/app\/wp-json\/wp\/v2\/product_tag?post=2458142"}],"curies":[{"name":"wp","href":"https:\/\/api.w.org\/{rel}","templated":true}]}}