{"id":2458116,"date":"2025-08-15T01:47:24","date_gmt":"2025-08-14T23:47:24","guid":{"rendered":"https:\/\/streetmarkets.fr\/app\/produit\/jean-farrah-femme\/"},"modified":"2025-08-17T01:45:13","modified_gmt":"2025-08-16T23:45:13","slug":"jean-farrah-femme","status":"publish","type":"product","link":"https:\/\/streetmarkets.fr\/app\/produit\/jean-farrah-femme\/","title":{"rendered":"Jean Farrah femme"},"content":{"rendered":"<p>Voici notre best-seller. Le jean Farrah, disponible en boutiques ! Il est confortable et met en valeur votre jolie silhouette !<\/p>\n<p>Voici notre best-seller. Le jean Farrah, disponible en boutiques ! Il est confortable et met en valeur votre jolie silhouette !<\/p>\n<ul>\n<li><span style=\"text-align:justify\">Jean Farrah<\/span><\/li>\n<li><span style=\"text-align:justify\">Met en valeur la silhouette<\/span><\/li>\n<li><span style=\"text-align:justify\">Coupe \u00e9vas\u00e9e<\/span><span style=\"text-align:justify\"><\/span><\/li>\n<\/ul>\n<p><strong><em><\/em><\/strong><\/p>\n<p><strong><em>Composition<\/em>:<\/strong><\/p>\n<ul>\n<li>99% coton r\u00e9g\u00e9n\u00e9ratif<\/li>\n<li>Le coton r\u00e9g\u00e9n\u00e9ratif est cultiv\u00e9 avec des m\u00e9thodes durables qui restaurent les sols et prot\u00e8gent la biodiversit\u00e9.<\/li>\n<li>1% \u00e9lastane<\/li>\n<\/ul>\n<p><em><strong>Fabrication<\/strong><\/em>:<\/p>\n<ul>\n<li>Fabriqu\u00e9 \u00e9thiquement en Turquie<\/li>\n<\/ul>\n<p><em><strong>Conseil taille<\/strong><\/em>: ce mod\u00e8le taille normalement.<\/p>\n<p><strong><em>Entretien<\/em><\/strong>: lavez \u00e0 30\u00b0C en machine.<\/p>\n","protected":false},"excerpt":{"rendered":"<p>Voici notre best-seller. Le jean Farrah, disponible en boutiques ! Il est confortable et met en valeur votre jolie silhouette ! Voici notre best-seller. Le jean Farrah, disponible en boutiques ! Il est confortable et met en valeur votre jolie silhouette ! Jean Farrah Met en valeur la silhouette Coupe \u00e9vas\u00e9e Composition: 99% coton r\u00e9g\u00e9n\u00e9ratif [&hellip;]<\/p>\n","protected":false},"featured_media":2458117,"comment_status":"open","ping_status":"closed","template":"","meta":[],"product_brand":[],"product_cat":[1756,1762],"product_tag":[1810],"acf":[],"_links":{"self":[{"href":"https:\/\/streetmarkets.fr\/app\/wp-json\/wp\/v2\/product\/2458116"}],"collection":[{"href":"https:\/\/streetmarkets.fr\/app\/wp-json\/wp\/v2\/product"}],"about":[{"href":"https:\/\/streetmarkets.fr\/app\/wp-json\/wp\/v2\/types\/product"}],"replies":[{"embeddable":true,"href":"https:\/\/streetmarkets.fr\/app\/wp-json\/wp\/v2\/comments?post=2458116"}],"wp:featuredmedia":[{"embeddable":true,"href":"https:\/\/streetmarkets.fr\/app\/wp-json\/wp\/v2\/media\/2458117"}],"wp:attachment":[{"href":"https:\/\/streetmarkets.fr\/app\/wp-json\/wp\/v2\/media?parent=2458116"}],"wp:term":[{"taxonomy":"product_brand","embeddable":true,"href":"https:\/\/streetmarkets.fr\/app\/wp-json\/wp\/v2\/product_brand?post=2458116"},{"taxonomy":"product_cat","embeddable":true,"href":"https:\/\/streetmarkets.fr\/app\/wp-json\/wp\/v2\/product_cat?post=2458116"},{"taxonomy":"product_tag","embeddable":true,"href":"https:\/\/streetmarkets.fr\/app\/wp-json\/wp\/v2\/product_tag?post=2458116"}],"curies":[{"name":"wp","href":"https:\/\/api.w.org\/{rel}","templated":true}]}}