{"id":2458096,"date":"2025-08-15T01:47:22","date_gmt":"2025-08-14T23:47:22","guid":{"rendered":"https:\/\/streetmarkets.fr\/app\/produit\/creoles-simone\/"},"modified":"2025-08-17T01:45:13","modified_gmt":"2025-08-16T23:45:13","slug":"creoles-simone","status":"publish","type":"product","link":"https:\/\/streetmarkets.fr\/app\/produit\/creoles-simone\/","title":{"rendered":"Cr\u00e9oles Simone"},"content":{"rendered":"<p>Ces sublimes cr\u00e9oles \u00e9paisses vous donneront un style r\u00e9solument f\u00e9minin et r\u00e9tro. Et, en plus d&#8217;\u00eatre de qualit\u00e9 et fabriqu\u00e9es en France, leur attache a \u00e9t\u00e9 con\u00e7ue pour \u00eatre solide et surtout se clipser facilement. Coup de coeur Coco Friendly !<\/p>\n<ul>\n<li style=\"text-align:justify\">Boucles d&#8217;oreilles type cr\u00e9oles<\/li>\n<\/ul>\n<p><span style=\"text-align:justify\"><\/span><\/p>\n<p><strong><em>Composition<\/em>:<\/strong><\/p>\n<ul>\n<li>Plaqu\u00e9 or 24k 3 microns (un bijou pour toute une vie)<\/li>\n<li style=\"border:0px;font-style:inherit;font-weight:inherit;margin:0px;padding:0px;vertical-align:baseline\"><span style=\"color:#333333\">Mat\u00e9riaux r\u00e9sistants, \u00e9viter de les mettre au contact du chlore et du sel de mer<\/span><\/li>\n<li style=\"border:0px;font-style:inherit;font-weight:inherit;margin:0px;padding:0px;vertical-align:baseline\"><span style=\"color:#333333\">Garantit sans nickel et sans plomb<\/span><\/li>\n<\/ul>\n<p><span style=\"color:#333333\"><\/span><\/p>\n<p><em><strong>Fabrication<\/strong><\/em>:<\/p>\n<ul>\n<li>Ce bijoux est fabriqu\u00e9 en France. Le plaquage, soudage, moulage sont faits dans la r\u00e9gion de Valence, l&#8217;assemblage \u00e0 Valence.<\/li>\n<li>Les appr\u00eats (fermoires, tiges, etc) sont fabriqu\u00e9s en Espagne en or recycl\u00e9<\/li>\n<li>Le soudage, polissage et fonderie se font en Savoie.<\/li>\n<\/ul>\n<p><em><strong>Label(s)<\/strong><\/em>:\u00a0<\/p>\n<\/p>\n<p><em><strong>Taille<\/strong><\/em>:\u00a0<\/p>\n<ul>\n<li style=\"border:0px;font-style:inherit;font-weight:inherit;margin:0px;padding:0px;vertical-align:baseline\">Diam\u00e8tre de la boucle int\u00e9rieur: 13 mm<\/li>\n<li style=\"border:0px;font-style:inherit;font-weight:inherit;margin:0px;padding:0px;vertical-align:baseline\">Diam\u00e8tre de la boucle ext\u00e9rieur: 21 mm<\/li>\n<li>Poids: 5 g\u00a0<\/li>\n<\/ul>\n","protected":false},"excerpt":{"rendered":"<p>Ces sublimes cr\u00e9oles \u00e9paisses vous donneront un style r\u00e9solument f\u00e9minin et r\u00e9tro. Et, en plus d&#8217;\u00eatre de qualit\u00e9 et fabriqu\u00e9es en France, leur attache a \u00e9t\u00e9 con\u00e7ue pour \u00eatre solide et surtout se clipser facilement. Coup de coeur Coco Friendly ! Boucles d&#8217;oreilles type cr\u00e9oles Composition: Plaqu\u00e9 or 24k 3 microns (un bijou pour toute [&hellip;]<\/p>\n","protected":false},"featured_media":2458097,"comment_status":"open","ping_status":"closed","template":"","meta":[],"product_brand":[],"product_cat":[1807,1756],"product_tag":[1810],"acf":[],"_links":{"self":[{"href":"https:\/\/streetmarkets.fr\/app\/wp-json\/wp\/v2\/product\/2458096"}],"collection":[{"href":"https:\/\/streetmarkets.fr\/app\/wp-json\/wp\/v2\/product"}],"about":[{"href":"https:\/\/streetmarkets.fr\/app\/wp-json\/wp\/v2\/types\/product"}],"replies":[{"embeddable":true,"href":"https:\/\/streetmarkets.fr\/app\/wp-json\/wp\/v2\/comments?post=2458096"}],"wp:featuredmedia":[{"embeddable":true,"href":"https:\/\/streetmarkets.fr\/app\/wp-json\/wp\/v2\/media\/2458097"}],"wp:attachment":[{"href":"https:\/\/streetmarkets.fr\/app\/wp-json\/wp\/v2\/media?parent=2458096"}],"wp:term":[{"taxonomy":"product_brand","embeddable":true,"href":"https:\/\/streetmarkets.fr\/app\/wp-json\/wp\/v2\/product_brand?post=2458096"},{"taxonomy":"product_cat","embeddable":true,"href":"https:\/\/streetmarkets.fr\/app\/wp-json\/wp\/v2\/product_cat?post=2458096"},{"taxonomy":"product_tag","embeddable":true,"href":"https:\/\/streetmarkets.fr\/app\/wp-json\/wp\/v2\/product_tag?post=2458096"}],"curies":[{"name":"wp","href":"https:\/\/api.w.org\/{rel}","templated":true}]}}