{"id":2458023,"date":"2025-08-15T01:46:52","date_gmt":"2025-08-14T23:46:52","guid":{"rendered":"https:\/\/streetmarkets.fr\/app\/produit\/collants-noirs-en-coton\/"},"modified":"2025-08-17T01:45:04","modified_gmt":"2025-08-16T23:45:04","slug":"collants-noirs-en-coton","status":"publish","type":"product","link":"https:\/\/streetmarkets.fr\/app\/produit\/collants-noirs-en-coton\/","title":{"rendered":"Collants Noirs en Coton"},"content":{"rendered":"<p><span style=\"color:#333333\">Gr\u00e2ce \u00e0 ce collant chaud et doux n&#8217;ayez plus peur de mettre des robes ou des jupes en hiver ! <\/span>\u00a0<\/p>\n<ul>\n<li><span style=\"text-align:justify\">Collants noir en coton<\/span><\/li>\n<li><span style=\"text-align:justify\">Pratiquement opaque<\/span><\/li>\n<li><span style=\"text-align:justify\">Ceinture confort\u00a0<\/span><\/li>\n<li><span style=\"text-align:justify\">Coutures plates<\/span><\/li>\n<li><span style=\"text-align:justify\">Renfort<\/span> au niveau de la pointe des pieds<\/li>\n<li>Gousset en coton<\/li>\n<\/ul>\n<p align=\"justify\">\n<p><strong><em>Composition<\/em>:<\/strong><\/p>\n<ul>\n<li>55 % coton biologique GOTS<\/li>\n<li>20 % polyamide recycl\u00e9<\/li>\n<li>20 % polyamide<\/li>\n<li>5 % \u00e9lasthanne<\/li>\n<li>L&#8217;utilisation de polyamide recycl\u00e9 permet d\u2019\u00e9conomiser l\u2019\u00e9nergie et les ressources n\u00e9cessaires \u00e0 la fabrication de\u00a0 polyamide neuf<\/li>\n<li>Ces collants sont tricot\u00e9s \u00e0 partir de fils recycl\u00e9s<span style=\"font-family:'akzidenz-grotesk', sans-serif;font-size:16px\"><\/span><\/li>\n<\/ul>\n<p><em><strong>Fabrication<\/strong><\/em>:<\/p>\n<ul>\n<li>Fabriqu\u00e9s \u00e9thiquement en Italie dans une usine z\u00e9ro d\u00e9chet fonctionnant \u00e0 l&#8217;\u00e9nergie solaire\u00a0<\/li>\n<\/ul>\n<p><em><strong>Label(s)<\/strong><\/em>:<\/p>\n<p><span style=\"font-family:NudieJeansHeadline, sans-serif;font-size:13.44px;padding:5px 0px;color:#202020;text-transform:capitalize;background-color:#fbfbf8\">\u00a0<\/span><\/p>\n<p><span style=\"color:#333333\"><\/span><\/p>\n<p><em><strong>Conseil taille<\/strong><\/em>:\u00a0<br \/><strong><img decoding=\"async\" loading=\"lazy\" class=\"alignnone size-full wp-image-10145\" src=\"https:\/\/coco-friendly.com\/wp-content\/uploads\/tailles.png\" alt=\"tailles swedish stockings\" width=\"462\" height=\"272\" \/><\/strong><\/p>\n<p><strong><em>Entretien<\/em><\/strong>:\u00a0<span style=\"color:#333333\">Avant de les porter, \u00e9tirez-les. Glissez doucement votre main dans les collants pour les \u00e9tirez, prenez garde \u00e0 ne pas avoir d&#8217;ongles ni de bijoux qui accrochent. Nous vous conseillons de les \u00e9tirez apr\u00e8s chaque lavage. Vous allongerez ainsi la dur\u00e9e de vie des collants.<\/span><\/p>\n<p><span style=\"color:#333333\">Prenez-en soin, les collants 20 deniers, 30 deniers, 40 deniers, bien que solides, restent plus fragiles que les plus \u00e9pais (60 deniers ou 100 deniers par exemple).<\/span><\/p>\n<p><span style=\"color:#333333\">Pour les faire durer, portez-les par-dessus des chaussettes. En effet, les ongles sont souvent la cause des trous dans les collants sur les pieds.<\/span><\/p>\n<p><span style=\"color:#333333\">Pr\u00e9f\u00e9rez les laver \u00e0 la main plut\u00f4t qu&#8217;en machine. Si vous les lavez en machine, mettez-les dans un filet pour les prot\u00e9ger et lavez-les \u00e0 30\u00b0 en cycle d\u00e9licat. Evitez les adoucissants et le s\u00e8che-linge.<\/span><\/p>\n","protected":false},"excerpt":{"rendered":"<p>Gr\u00e2ce \u00e0 ce collant chaud et doux n&#8217;ayez plus peur de mettre des robes ou des jupes en hiver ! \u00a0 Collants noir en coton Pratiquement opaque Ceinture confort\u00a0 Coutures plates Renfort au niveau de la pointe des pieds Gousset en coton Composition: 55 % coton biologique GOTS 20 % polyamide recycl\u00e9 20 % polyamide [&hellip;]<\/p>\n","protected":false},"featured_media":2458026,"comment_status":"open","ping_status":"closed","template":"","meta":[],"product_brand":[],"product_cat":[1756,1762],"product_tag":[1810],"acf":[],"_links":{"self":[{"href":"https:\/\/streetmarkets.fr\/app\/wp-json\/wp\/v2\/product\/2458023"}],"collection":[{"href":"https:\/\/streetmarkets.fr\/app\/wp-json\/wp\/v2\/product"}],"about":[{"href":"https:\/\/streetmarkets.fr\/app\/wp-json\/wp\/v2\/types\/product"}],"replies":[{"embeddable":true,"href":"https:\/\/streetmarkets.fr\/app\/wp-json\/wp\/v2\/comments?post=2458023"}],"wp:featuredmedia":[{"embeddable":true,"href":"https:\/\/streetmarkets.fr\/app\/wp-json\/wp\/v2\/media\/2458026"}],"wp:attachment":[{"href":"https:\/\/streetmarkets.fr\/app\/wp-json\/wp\/v2\/media?parent=2458023"}],"wp:term":[{"taxonomy":"product_brand","embeddable":true,"href":"https:\/\/streetmarkets.fr\/app\/wp-json\/wp\/v2\/product_brand?post=2458023"},{"taxonomy":"product_cat","embeddable":true,"href":"https:\/\/streetmarkets.fr\/app\/wp-json\/wp\/v2\/product_cat?post=2458023"},{"taxonomy":"product_tag","embeddable":true,"href":"https:\/\/streetmarkets.fr\/app\/wp-json\/wp\/v2\/product_tag?post=2458023"}],"curies":[{"name":"wp","href":"https:\/\/api.w.org\/{rel}","templated":true}]}}