{"id":2457956,"date":"2025-08-15T01:46:46","date_gmt":"2025-08-14T23:46:46","guid":{"rendered":"https:\/\/streetmarkets.fr\/app\/produit\/casquette-brique-filet\/"},"modified":"2025-08-17T01:45:03","modified_gmt":"2025-08-16T23:45:03","slug":"casquette-brique-filet","status":"publish","type":"product","link":"https:\/\/streetmarkets.fr\/app\/produit\/casquette-brique-filet\/","title":{"rendered":"Casquette Brique Filet"},"content":{"rendered":"<p align=\"justify\">Accessoire parfait pour finir un look et se prot\u00e9ger du soleil, de la pluie et des paparazzis, voil\u00e0 la casquette Faguo avec son petit filet d&#8217;a\u00e9ration (et de style). Cette casquette est disponible dans de nombreux coloris.<\/p>\n<ul>\n<li>Casquette brique et \u00e9crue<\/li>\n<li>Bi-mati\u00e8re: serg\u00e9 de coton devant, mesh au dos<\/li>\n<li>Broderie Faguo sur le devant<\/li>\n<li>Attache r\u00e9glable<\/li>\n<li>6 panneaux<\/li>\n<li style=\"text-align:justify\">1 casquette achet\u00e9e = 1 arbre plant\u00e9<\/li>\n<\/ul>\n<p align=\"justify\">\n<p><strong><em>Composition<\/em>:<\/strong><\/p>\n<ul>\n<li>Devant: 100 % coton<\/li>\n<li>Dos: 100 % polyester<\/li>\n<\/ul>\n<p><em><strong>Fabrication<\/strong><\/em>:<\/p>\n<ul>\n<li>Fabriqu\u00e9e \u00e9thiquement en Chine dans une usine lab\u00e9lis\u00e9e BSCI.<\/li>\n<\/ul>\n<p><em><strong>Label(s)<\/strong><\/em>:\u00a0<\/p>\n<ul>\n<li><strong>B corp<\/strong>: ce label ind\u00e9pendant \u00e9value les entreprises dans toutes leurs sph\u00e8res d&#8217;activit\u00e9, selon des exigences sociales et environnementales. Les entreprises r\u00e9pondent \u00e0 un questionnaire portant aussi bien sur l&#8217;impact environnemental, le choix des fournisseurs, la gouvernance de l&#8217;entreprise, les conditions de travail des salari\u00e9s que sur les salaires et la libre information aupr\u00e8s des clients. Des audits sont \u00e9galement r\u00e9guli\u00e8rement r\u00e9alis\u00e9s.<\/li>\n<li>Usines certifi\u00e9es\u00a0<strong>BSCI<\/strong>,\u00a0\u00a0ce qui garantit une r\u00e9mun\u00e9ration juste des travailleurs, la libert\u00e9 d&#8217;association, des horaires de travail d\u00e9cents, la sant\u00e9 et la s\u00e9curit\u00e9 au travail<\/li>\n<\/ul>\n<p><span style=\"font-family:NudieJeansHeadline, sans-serif;font-size:13.44px;padding:5px 0px;color:#202020;text-transform:capitalize;background-color:#fbfbf8\">\u00a0<\/span><\/p>\n<p><em><strong>Conseil taille<\/strong><\/em>: taille unique<\/p>\n<p><strong><em>Entretien<\/em><\/strong>: lavez \u00e0 30\u00b0C en machine.<\/p>\n","protected":false},"excerpt":{"rendered":"<p>Accessoire parfait pour finir un look et se prot\u00e9ger du soleil, de la pluie et des paparazzis, voil\u00e0 la casquette Faguo avec son petit filet d&#8217;a\u00e9ration (et de style). Cette casquette est disponible dans de nombreux coloris. Casquette brique et \u00e9crue Bi-mati\u00e8re: serg\u00e9 de coton devant, mesh au dos Broderie Faguo sur le devant Attache [&hellip;]<\/p>\n","protected":false},"featured_media":2457957,"comment_status":"open","ping_status":"closed","template":"","meta":[],"product_brand":[7128],"product_cat":[1756,1760],"product_tag":[1810],"acf":[],"_links":{"self":[{"href":"https:\/\/streetmarkets.fr\/app\/wp-json\/wp\/v2\/product\/2457956"}],"collection":[{"href":"https:\/\/streetmarkets.fr\/app\/wp-json\/wp\/v2\/product"}],"about":[{"href":"https:\/\/streetmarkets.fr\/app\/wp-json\/wp\/v2\/types\/product"}],"replies":[{"embeddable":true,"href":"https:\/\/streetmarkets.fr\/app\/wp-json\/wp\/v2\/comments?post=2457956"}],"wp:featuredmedia":[{"embeddable":true,"href":"https:\/\/streetmarkets.fr\/app\/wp-json\/wp\/v2\/media\/2457957"}],"wp:attachment":[{"href":"https:\/\/streetmarkets.fr\/app\/wp-json\/wp\/v2\/media?parent=2457956"}],"wp:term":[{"taxonomy":"product_brand","embeddable":true,"href":"https:\/\/streetmarkets.fr\/app\/wp-json\/wp\/v2\/product_brand?post=2457956"},{"taxonomy":"product_cat","embeddable":true,"href":"https:\/\/streetmarkets.fr\/app\/wp-json\/wp\/v2\/product_cat?post=2457956"},{"taxonomy":"product_tag","embeddable":true,"href":"https:\/\/streetmarkets.fr\/app\/wp-json\/wp\/v2\/product_tag?post=2457956"}],"curies":[{"name":"wp","href":"https:\/\/api.w.org\/{rel}","templated":true}]}}